{"id":20556,"date":"2021-10-08T22:49:45","date_gmt":"2021-10-08T20:49:45","guid":{"rendered":"https:\/\/mgvpublications.com\/produkt\/pergelin-yazmaz-sivri-ucu\/"},"modified":"2022-03-08T22:55:46","modified_gmt":"2022-03-08T21:55:46","slug":"pergelin-yazmaz-sivri-ucu","status":"publish","type":"product","link":"https:\/\/mgvpublications.com\/de\/pergelin-yazmaz-sivri-ucu\/","title":{"rendered":"Pergelin Yazmaz Sivri Ucu"},"content":{"rendered":"<p>Yay\u0131n Tarihi: 06.08.2021<br \/>ISBN: 9786054893492<br \/>Dil: T\u00dcRK\u00c7E<br \/>Sayfa Say\u0131s\u0131: 400<br \/>Cilt Tipi: Karton Kapak<br \/>Ka\u011f\u0131t Cinsi: Kitap Ka\u011f\u0131d\u0131<br \/>Boyut: 12.5 x 20.5 cm<\/p>","protected":false},"excerpt":{"rendered":"<p>\u0130smet \u00d6zel&#8217;in okurken hem sa\u011fdan hem soldan ba\u015flanan kitaplar\u0131n\u0131n yedincisi olan &#8220;PERGEL\u0130N YAZMAZ S\u0130VR\u0130 UCU&#8221; kitab\u0131 ne\u015frolundu. \u201c\u015eiiri edebiyat tarihinden uzak tutu\u015fumuzun sebebi be\u015fer veya insan olarak bu iki i\u015fin hakk\u0131ndan gelirken u\u011frad\u0131\u011f\u0131m\u0131z \u015fartlanmalar\u0131 a\u015famay\u0131\u015f\u0131m\u0131zd\u0131r. Nas\u0131l basarsak daha iyi y\u00fcr\u00fcr\u00fcz veya y\u00fcr\u00fcy\u00fc\u015f\u00fcm\u00fcze hangi d\u00fczeni kazand\u0131r\u0131rsak salim kalabiliriz sualleri biz bir y\u0131l ya\u015fad\u0131ktan sonra kendimizce belli olmu\u015ftur. Bizim konu\u015ftu\u011fumuz dilin neresinde oldu\u011fumuz, dahas\u0131 dilin bizim neremizden ne\u015fet etti\u011fi biz daha on y\u0131l ya\u015famam\u0131\u015fken kendimizce biliniyordur. Sualler de gizlidir, cevaplar\u0131 da. Bunlar\u0131n gizlili\u011fi yokluklar\u0131 demek de\u011fildir. Pergelin yazmaz sivri ucunun b\u00fct\u00fcn sanat\u00e7\u0131lara; ama bilhassa \u015fairlere batt\u0131\u011f\u0131n\u0131 hat\u0131rlamam\u0131z imk\u00e2ns\u0131z. Neredeydik ve hangi zaman\u0131 idrak ediyorduk? Bunlar\u0131 bilsek bile a\u00e7\u0131\u011fa \u00e7\u0131karamazd\u0131k. \u00c7\u00fcnk\u00fc bir insan\u0131n derinli\u011fi \u00f6l\u00e7\u00fclebilir gibi de\u011fildir. Bir sanat eseriyle kurdu\u011fumuz temas bir defineyle kurdu\u011fumuz temasa benzer; ama t\u0131pat\u0131p ayn\u0131s\u0131 de\u011fildir. Kar\u015f\u0131m\u0131za sanat eseri olarak \u00e7\u0131kan definenin kapa\u011f\u0131n\u0131 her a\u00e7t\u0131\u011f\u0131m\u0131zda daha de\u011ferlisinin daha derinde oldu\u011funu i\u015faret eden m\u00fcmessillerle kar\u015f\u0131la\u015f\u0131r\u0131z. Sanat eseri bizi hi\u00e7 yan\u0131ltmam\u0131\u015ft\u0131r.\u201d<\/p>","protected":false},"featured_media":20555,"template":"","meta":{"spay_email":""},"product_cat":[168],"product_tag":[],"item":[718],"acf":[],"_links":{"self":[{"href":"https:\/\/mgvpublications.com\/de\/wp-json\/wp\/v2\/product\/20556"}],"collection":[{"href":"https:\/\/mgvpublications.com\/de\/wp-json\/wp\/v2\/product"}],"about":[{"href":"https:\/\/mgvpublications.com\/de\/wp-json\/wp\/v2\/types\/product"}],"wp:featuredmedia":[{"embeddable":true,"href":"https:\/\/mgvpublications.com\/de\/wp-json\/wp\/v2\/media\/20555"}],"wp:attachment":[{"href":"https:\/\/mgvpublications.com\/de\/wp-json\/wp\/v2\/media?parent=20556"}],"wp:term":[{"taxonomy":"product_cat","embeddable":true,"href":"https:\/\/mgvpublications.com\/de\/wp-json\/wp\/v2\/product_cat?post=20556"},{"taxonomy":"product_tag","embeddable":true,"href":"https:\/\/mgvpublications.com\/de\/wp-json\/wp\/v2\/product_tag?post=20556"},{"taxonomy":"item","embeddable":true,"href":"https:\/\/mgvpublications.com\/de\/wp-json\/wp\/v2\/item?post=20556"}],"curies":[{"name":"wp","href":"https:\/\/api.w.org\/{rel}","templated":true}]}}