{"id":20554,"date":"2021-10-08T22:49:45","date_gmt":"2021-10-08T20:49:45","guid":{"rendered":"https:\/\/mgvpublications.com\/produkt\/hayatim\/"},"modified":"2022-03-08T22:55:45","modified_gmt":"2022-03-08T21:55:45","slug":"hayatim","status":"publish","type":"product","link":"https:\/\/mgvpublications.com\/de\/hayatim\/","title":{"rendered":"Hayat\u0131m"},"content":{"rendered":"<p>Yay\u0131n Tarihi: 04.02.2021<br \/>ISBN: 9786057948397<br \/>Dil: T\u00dcRK\u00c7E<br \/>Sayfa Say\u0131s\u0131: 360<br \/>Cilt Tipi: Karton Kapak<br \/>Ka\u011f\u0131t Cinsi: Kitap Ka\u011f\u0131d\u0131<br \/>Boyut: 13.5 x 21 cm<\/p>","protected":false},"excerpt":{"rendered":"<p>Kaz\u0131m Karabekir, Milli M\u00fccadele \u00f6ncesi, esnas\u0131 ve sonras\u0131 i\u00e7in \u00e7ok m\u00fchim bir asker\u00ee \u015fahit, birinci elden kaynak ve hat\u0131ralar\u0131yla yak\u0131n tarihimizin \u00e7ok \u00f6nemli konular\u0131na \u0131\u015f\u0131k tutan bir \u015fahsiyettir. Bu yak\u0131n d\u00f6nemde ya\u015fananlarla ilgili ve insan\u0131m\u0131z\u0131n merak etti\u011fi bir\u00e7ok konuda \u00e7o\u011fu zaman belgelerle ve samimi bir \u00fcslupla hi\u00e7 sak\u0131nmadan ve do\u011fru s\u00f6ylemeyi, yazmay\u0131 kendisine ilke edinerek ya\u015fam\u0131\u015ft\u0131r. Askerlik alan\u0131ndaki kendine has i\u015f ahlak\u0131n\u0131 eserlerinde de g\u00f6rmek m\u00fcmk\u00fcnd\u00fcr. K\u0131saca diyebiliriz ki Kaz\u0131m Karabekir, sadece T\u00fcrk milletinin de\u011fil, t\u00fcm insanl\u0131\u011f\u0131n i\u00e7inde bulundu\u011fu sorunlara \u00e7\u00f6z\u00fcm anlam\u0131nda sahip oldu\u011fu fikirleri ve ya\u015fad\u0131klar\u0131n\u0131 birer ibret vesikas\u0131 gibi ince ince i\u015flemi\u015ftir.<\/p>","protected":false},"featured_media":20553,"template":"","meta":{"spay_email":""},"product_cat":[168],"product_tag":[],"item":[1390],"acf":[],"_links":{"self":[{"href":"https:\/\/mgvpublications.com\/de\/wp-json\/wp\/v2\/product\/20554"}],"collection":[{"href":"https:\/\/mgvpublications.com\/de\/wp-json\/wp\/v2\/product"}],"about":[{"href":"https:\/\/mgvpublications.com\/de\/wp-json\/wp\/v2\/types\/product"}],"wp:featuredmedia":[{"embeddable":true,"href":"https:\/\/mgvpublications.com\/de\/wp-json\/wp\/v2\/media\/20553"}],"wp:attachment":[{"href":"https:\/\/mgvpublications.com\/de\/wp-json\/wp\/v2\/media?parent=20554"}],"wp:term":[{"taxonomy":"product_cat","embeddable":true,"href":"https:\/\/mgvpublications.com\/de\/wp-json\/wp\/v2\/product_cat?post=20554"},{"taxonomy":"product_tag","embeddable":true,"href":"https:\/\/mgvpublications.com\/de\/wp-json\/wp\/v2\/product_tag?post=20554"},{"taxonomy":"item","embeddable":true,"href":"https:\/\/mgvpublications.com\/de\/wp-json\/wp\/v2\/item?post=20554"}],"curies":[{"name":"wp","href":"https:\/\/api.w.org\/{rel}","templated":true}]}}