{"id":20552,"date":"2021-10-08T22:49:44","date_gmt":"2021-10-08T20:49:44","guid":{"rendered":"https:\/\/mgvpublications.com\/produkt\/casuslar-ve-istihbaratcilar\/"},"modified":"2022-03-08T22:55:44","modified_gmt":"2022-03-08T21:55:44","slug":"casuslar-ve-istihbaratcilar","status":"publish","type":"product","link":"https:\/\/mgvpublications.com\/de\/casuslar-ve-istihbaratcilar\/","title":{"rendered":"Casuslar ve \u0130stihbarat\u00e7\u0131lar"},"content":{"rendered":"<p>Yay\u0131n Tarihi: 31.05.2021<br \/>ISBN: 9786057948410<br \/>Dil: T\u00dcRK\u00c7E<br \/>Sayfa Say\u0131s\u0131: 232<br \/>Cilt Tipi: Karton Kapak<br \/>Ka\u011f\u0131t Cinsi: Kitap Ka\u011f\u0131d\u0131<br \/>Boyut: 13.5 x 21 cm<\/p>","protected":false},"excerpt":{"rendered":"<p>Klasik anlat\u0131mlar\u0131n d\u0131\u015f\u0131na \u00e7\u0131kan bir casusluk kitab\u0131. \u00c7ok konu\u015fulan, hi\u00e7 anlat\u0131lmayan ve yeni ortaya \u00e7\u0131kan casuslar\u0131n, istihbarat\u00e7\u0131lar\u0131n sars\u0131c\u0131 hikayelerini okuyup ayn\u0131 zamanda d\u00f6nemin istihbarat ba\u011flant\u0131lar\u0131na da \u015fahit olmak ister misiniz? Tarihten g\u00fcn\u00fcm\u00fcze kadar uzanan bu derin d\u00fcnyan\u0131n de\u015fifresi sizi derinden sarsacak. Unutmay\u0131n, casusluk tarihinde her \u015fey yaz\u0131lmad\u0131. \u00c7o\u011fu zaman sakland\u0131. Biz ise bu kitapta ba\u011flant\u0131lar\u0131 birle\u015ftire birle\u015ftire \u00e7ok konu\u015fulan bu adamlar hakk\u0131ndaki ger\u00e7ekleri ortaya \u00e7\u0131karaca\u011f\u0131z. \u015eahit olmaya cesaretiniz var m\u0131?<\/p>","protected":false},"featured_media":20551,"template":"","meta":{"spay_email":""},"product_cat":[168],"product_tag":[],"item":[1390],"acf":[],"_links":{"self":[{"href":"https:\/\/mgvpublications.com\/de\/wp-json\/wp\/v2\/product\/20552"}],"collection":[{"href":"https:\/\/mgvpublications.com\/de\/wp-json\/wp\/v2\/product"}],"about":[{"href":"https:\/\/mgvpublications.com\/de\/wp-json\/wp\/v2\/types\/product"}],"wp:featuredmedia":[{"embeddable":true,"href":"https:\/\/mgvpublications.com\/de\/wp-json\/wp\/v2\/media\/20551"}],"wp:attachment":[{"href":"https:\/\/mgvpublications.com\/de\/wp-json\/wp\/v2\/media?parent=20552"}],"wp:term":[{"taxonomy":"product_cat","embeddable":true,"href":"https:\/\/mgvpublications.com\/de\/wp-json\/wp\/v2\/product_cat?post=20552"},{"taxonomy":"product_tag","embeddable":true,"href":"https:\/\/mgvpublications.com\/de\/wp-json\/wp\/v2\/product_tag?post=20552"},{"taxonomy":"item","embeddable":true,"href":"https:\/\/mgvpublications.com\/de\/wp-json\/wp\/v2\/item?post=20552"}],"curies":[{"name":"wp","href":"https:\/\/api.w.org\/{rel}","templated":true}]}}