{"id":20546,"date":"2021-10-08T22:49:44","date_gmt":"2021-10-08T20:49:44","guid":{"rendered":"https:\/\/mgvpublications.com\/produkt\/keloglan-namaz-pesinde\/"},"modified":"2022-06-19T15:44:04","modified_gmt":"2022-06-19T13:44:04","slug":"keloglan-namaz-pesinde","status":"publish","type":"product","link":"https:\/\/mgvpublications.com\/de\/keloglan-namaz-pesinde\/","title":{"rendered":"Kelo\u011flan Namaz Pe\u015finde"},"content":{"rendered":"<p>Yay\u0131n Tarihi: 10.09.2021<br \/>ISBN: 9786057053886<br \/>Dil: T\u00dcRK\u00c7E<br \/>Sayfa Say\u0131s\u0131: 36<br \/>Cilt Tipi: Karton Kapak<br \/>Ka\u011f\u0131t Cinsi: 1. Hm. Ka\u011f\u0131t<br \/>Boyut: 22 x 20 cm<\/p>","protected":false},"excerpt":{"rendered":"<p>Kelo\u011flan&#8217;\u0131n dedesi gizemli i\u015flerin Kelo\u011flan da dedesinin pe\u015finde! Ama bir t\u00fcrl\u00fc \u00e7\u00f6zemiyor: \u00d6zel g\u00f6rev dedi\u011fi de ne? Nedir dedesine g\u00fc\u00e7 veren? Mutlu eden, huzurlu hissettiren? B\u00fcy\u00fck bir s\u0131r var kesin bu i\u015fte! \u0130zlerin pe\u015finden gidip gizemi \u00e7\u00f6zmeye \u00e7al\u0131\u015f\u0131rken, namazla kar\u015f\u0131la\u015faca\u011f\u0131n\u0131 hi\u00e7 tahmin edemezdi ki Kelo\u011flan!<\/p>","protected":false},"featured_media":23086,"template":"","meta":{"spay_email":""},"product_cat":[172],"product_tag":[],"item":[1085],"acf":[],"_links":{"self":[{"href":"https:\/\/mgvpublications.com\/de\/wp-json\/wp\/v2\/product\/20546"}],"collection":[{"href":"https:\/\/mgvpublications.com\/de\/wp-json\/wp\/v2\/product"}],"about":[{"href":"https:\/\/mgvpublications.com\/de\/wp-json\/wp\/v2\/types\/product"}],"wp:featuredmedia":[{"embeddable":true,"href":"https:\/\/mgvpublications.com\/de\/wp-json\/wp\/v2\/media\/23086"}],"wp:attachment":[{"href":"https:\/\/mgvpublications.com\/de\/wp-json\/wp\/v2\/media?parent=20546"}],"wp:term":[{"taxonomy":"product_cat","embeddable":true,"href":"https:\/\/mgvpublications.com\/de\/wp-json\/wp\/v2\/product_cat?post=20546"},{"taxonomy":"product_tag","embeddable":true,"href":"https:\/\/mgvpublications.com\/de\/wp-json\/wp\/v2\/product_tag?post=20546"},{"taxonomy":"item","embeddable":true,"href":"https:\/\/mgvpublications.com\/de\/wp-json\/wp\/v2\/item?post=20546"}],"curies":[{"name":"wp","href":"https:\/\/api.w.org\/{rel}","templated":true}]}}