{"id":20542,"date":"2021-10-08T22:49:43","date_gmt":"2021-10-08T20:49:43","guid":{"rendered":"https:\/\/mgvpublications.com\/produkt\/uzun-gunlerin-hasadi\/"},"modified":"2022-03-08T22:55:44","modified_gmt":"2022-03-08T21:55:44","slug":"uzun-gunlerin-hasadi","status":"publish","type":"product","link":"https:\/\/mgvpublications.com\/de\/uzun-gunlerin-hasadi\/","title":{"rendered":"Uzun G\u00fcnlerin Hasad\u0131"},"content":{"rendered":"<p>Yay\u0131n Tarihi: 01.03.2021<br \/>ISBN: 9786057489456<br \/>Dil: T\u00dcRK\u00c7E<br \/>Sayfa Say\u0131s\u0131: 68<br \/>Cilt Tipi: Karton Kapak<br \/>Ka\u011f\u0131t Cinsi: Kitap Ka\u011f\u0131d\u0131<br \/>Boyut: 12.5 x 19.5 cm<\/p>","protected":false},"excerpt":{"rendered":"<p>Okmeydan\u0131\u2019n\u0131n k\u00fc\u00e7\u00fck burjuvas\u0131, \u0130skandinavya\u2019n\u0131n i\u015f\u00e7isi, Taksim\u2019in sahaf\u0131 ve insanl\u0131k hallerinin g\u00f6zlemcisi Rehber\u2019in d\u00f6rt d\u00f6nemde \u00e7\u0131kard\u0131\u011f\u0131 ya\u015fam muhasebesi olduk\u00e7a ger\u00e7ek, ger\u00e7ek oldu\u011fu kadar ac\u0131. Kat\u0131ld\u0131\u011f\u0131 bir cenazeden yola \u00e7\u0131karak ta\u015fra insan\u0131n\u0131 ele\u015ftirirken kendi \u015fehirlili\u011finin eksikliklerini ortaya koyuyor, konfeksiyon at\u00f6lyelerinden siyasal m\u00fccadelelere bir kentin panoramas\u0131n\u0131 sunuyor. \u0130kinci d\u00f6neminde kendine bi\u00e7ti\u011fi rol\u00fc oynuyor, d\u00fcnyan\u0131n her yerinden gelen \u00fcniversite arkada\u015flar\u0131n\u0131n k\u00fclt\u00fcrleriyle \u00e7at\u0131\u015f\u0131rken i\u015f\u00e7ili\u011fe soyunuyor ve yaln\u0131zl\u0131\u011f\u0131n\u0131 imgelerle, \u015fiirlerinin g\u00fcc\u00fcyle ortaya koyuyor. Sahaflara u\u011frayan Taksim\u2019in insanlar\u0131 \u00e7\u0131k\u0131yor sahneye sonra, hayat kad\u0131nlar\u0131, translar, siyasi su\u00e7lular aras\u0131nda bir gezgine d\u00f6n\u00fc\u015f\u00fcyor. Yarg\u0131lar\u0131 \u00e7ok keskin, ba\u015fkalar\u0131 \u00fczerinden kendi ya\u015fam\u0131n\u0131n kerterizini de bulmal\u0131. D\u00f6rt \u00f6yk\u00fcye s\u0131\u011fm\u0131\u015f bir gen\u00e7lik, buruk. Uzun G\u00fcnlerin Hasad\u0131, g\u00fc\u00e7l\u00fc bir yazar\u0131n edebiyattaki ilk ad\u0131mlamalar\u0131.<\/p>","protected":false},"featured_media":20541,"template":"","meta":{"spay_email":""},"product_cat":[168],"product_tag":[],"item":[1847],"acf":[],"_links":{"self":[{"href":"https:\/\/mgvpublications.com\/de\/wp-json\/wp\/v2\/product\/20542"}],"collection":[{"href":"https:\/\/mgvpublications.com\/de\/wp-json\/wp\/v2\/product"}],"about":[{"href":"https:\/\/mgvpublications.com\/de\/wp-json\/wp\/v2\/types\/product"}],"wp:featuredmedia":[{"embeddable":true,"href":"https:\/\/mgvpublications.com\/de\/wp-json\/wp\/v2\/media\/20541"}],"wp:attachment":[{"href":"https:\/\/mgvpublications.com\/de\/wp-json\/wp\/v2\/media?parent=20542"}],"wp:term":[{"taxonomy":"product_cat","embeddable":true,"href":"https:\/\/mgvpublications.com\/de\/wp-json\/wp\/v2\/product_cat?post=20542"},{"taxonomy":"product_tag","embeddable":true,"href":"https:\/\/mgvpublications.com\/de\/wp-json\/wp\/v2\/product_tag?post=20542"},{"taxonomy":"item","embeddable":true,"href":"https:\/\/mgvpublications.com\/de\/wp-json\/wp\/v2\/item?post=20542"}],"curies":[{"name":"wp","href":"https:\/\/api.w.org\/{rel}","templated":true}]}}