{"id":20538,"date":"2021-10-08T22:49:43","date_gmt":"2021-10-08T20:49:43","guid":{"rendered":"https:\/\/mgvpublications.com\/produkt\/yiyecek-avcisi-bidik-canavar-canavar-kardesler-6\/"},"modified":"2022-06-19T15:11:28","modified_gmt":"2022-06-19T13:11:28","slug":"yiyecek-avcisi-bidik-canavar-canavar-kardesler-6","status":"publish","type":"product","link":"https:\/\/mgvpublications.com\/de\/yiyecek-avcisi-bidik-canavar-canavar-kardesler-6\/","title":{"rendered":"Yiyecek Avc\u0131s\u0131 B\u0131d\u0131k Canavar \/ Canavar Karde\u015fler 6"},"content":{"rendered":"<p>Yay\u0131n Tarihi: 01.07.2021<br \/>ISBN: 9786057053831<br \/>Dil: T\u00dcRK\u00c7E<br \/>Sayfa Say\u0131s\u0131: 36<br \/>Cilt Tipi: Karton Kapak<br \/>Ka\u011f\u0131t Cinsi: Kitap Ka\u011f\u0131d\u0131<br \/>Boyut: 22 x 20 cm<br \/>Editor: Ay\u015fe Mercan Kara<\/p>","protected":false},"excerpt":{"rendered":"<p>\u0130\u015fte kar\u015f\u0131n\u0131zda yiyecek avc\u0131s\u0131 bir B\u0131d\u0131k canavar! Hem kendi hem ad\u0131 B\u0131d\u0131k onun. Neden ya da nas\u0131l yiyecek avc\u0131s\u0131 oldu merak m\u0131 ediyorsunuz? \u00d6yleyse hemen sayfalar\u0131 \u00e7evirip, okumaya ba\u015flay\u0131n ve bu alerjik canavarla tan\u0131\u015f\u0131n!<\/p>","protected":false},"featured_media":23085,"template":"","meta":{"spay_email":""},"product_cat":[172],"product_tag":[],"item":[1085],"acf":[],"_links":{"self":[{"href":"https:\/\/mgvpublications.com\/de\/wp-json\/wp\/v2\/product\/20538"}],"collection":[{"href":"https:\/\/mgvpublications.com\/de\/wp-json\/wp\/v2\/product"}],"about":[{"href":"https:\/\/mgvpublications.com\/de\/wp-json\/wp\/v2\/types\/product"}],"wp:featuredmedia":[{"embeddable":true,"href":"https:\/\/mgvpublications.com\/de\/wp-json\/wp\/v2\/media\/23085"}],"wp:attachment":[{"href":"https:\/\/mgvpublications.com\/de\/wp-json\/wp\/v2\/media?parent=20538"}],"wp:term":[{"taxonomy":"product_cat","embeddable":true,"href":"https:\/\/mgvpublications.com\/de\/wp-json\/wp\/v2\/product_cat?post=20538"},{"taxonomy":"product_tag","embeddable":true,"href":"https:\/\/mgvpublications.com\/de\/wp-json\/wp\/v2\/product_tag?post=20538"},{"taxonomy":"item","embeddable":true,"href":"https:\/\/mgvpublications.com\/de\/wp-json\/wp\/v2\/item?post=20538"}],"curies":[{"name":"wp","href":"https:\/\/api.w.org\/{rel}","templated":true}]}}