{"id":20536,"date":"2021-10-08T22:49:41","date_gmt":"2021-10-08T20:49:41","guid":{"rendered":"https:\/\/mgvpublications.com\/produkt\/mis%cc%a7katu%cc%88l-envar-nur-metafizig%cc%86i\/"},"modified":"2022-04-07T16:32:44","modified_gmt":"2022-04-07T14:32:44","slug":"mis%cc%a7katu%cc%88l-envar-nur-metafizig%cc%86i","status":"publish","type":"product","link":"https:\/\/mgvpublications.com\/de\/mis%cc%a7katu%cc%88l-envar-nur-metafizig%cc%86i\/","title":{"rendered":"Mis\u0327katu\u0308\u2019l-Envar Nur Metafizig\u0306i"},"content":{"rendered":"<p>\u00c7evirmen: As\u0131m C\u00fcneyd K\u00f6ksal<br \/>Yay\u0131n Tarihi: 05.03.2020<br \/>ISBN: 9786257014533<br \/>Dil: T\u00dcRK\u00c7E<br \/>Sayfa Say\u0131s\u0131: 72<br \/>Cilt Tipi: Karton Kapak<br \/>Ka\u011f\u0131t Cinsi: Kitap Ka\u011f\u0131d\u0131<br \/>Boyut: 13.5 x 21 cm<\/p>","protected":false},"excerpt":{"rendered":"<p>Mi\u015fk\u00e2t\u00fc\u2019l-Env\u00e2r, \u0130sl\u00e2m\u00ee ilimler ve \u0130sl\u00e2m d\u00fc\u015f\u00fcncesi tarihinde bir d\u00f6n\u00fcm noktas\u0131 te\u015fkil eden Gazz\u00e2l\u00ee\u2019nin, N\u00fbr S\u00fbresi\u2019nin 35. \u00e2yetine yazd\u0131\u011f\u0131 bir nevi tefsirdir. Bu eser, tasavvuf\u00ee ve felsef\u00ee bir bak\u0131\u015f a\u00e7\u0131s\u0131n\u0131 bir ayetin tefsirinde birle\u015ftirmesi ve t\u00fcm varolu\u015fu n\u00fbr-zulmet ayr\u0131m\u0131na dayanan bir metafizikle temellendirmesi a\u00e7\u0131s\u0131ndan yaz\u0131ld\u0131\u011f\u0131 tarihten itibaren \u00e7ok etkili olmu\u015f, \u0130\u015fr\u00e2k\u00eeli\u011fin kurucusu S\u00fchreverd\u00ee ba\u015fta olmak \u00fczere \u0130sl\u00e2m d\u00fc\u015f\u00fcncesinin \u00fc\u00e7 b\u00fcy\u00fck ekol\u00fc olan tasavvuf, kel\u00e2m ve felsefeyi temsil eden d\u00fc\u015f\u00fcn\u00fcrleri derinden etkilemi\u015ftir. Mi\u015fk\u00e2t\u00fc\u2019l-Env\u00e2r\/Nur Metafizi\u011fi, ayr\u0131ca z\u00e2hir ile b\u00e2t\u0131n, g\u00f6r\u00fcnen ile g\u00f6r\u00fcnmeyen aras\u0131nda kurmu\u015f oldu\u011fu irtibat ile her devrin d\u00fc\u015f\u00fcnen M\u00fcsl\u00fcmanlar\u0131 i\u00e7in \u00f6l\u00fcms\u00fcz bir eser olma \u00f6zeli\u011fini daima muhafaza etmi\u015ftir.<\/p>","protected":false},"featured_media":20535,"template":"","meta":{"spay_email":""},"product_cat":[174],"product_tag":[],"item":[392],"acf":[],"_links":{"self":[{"href":"https:\/\/mgvpublications.com\/de\/wp-json\/wp\/v2\/product\/20536"}],"collection":[{"href":"https:\/\/mgvpublications.com\/de\/wp-json\/wp\/v2\/product"}],"about":[{"href":"https:\/\/mgvpublications.com\/de\/wp-json\/wp\/v2\/types\/product"}],"wp:featuredmedia":[{"embeddable":true,"href":"https:\/\/mgvpublications.com\/de\/wp-json\/wp\/v2\/media\/20535"}],"wp:attachment":[{"href":"https:\/\/mgvpublications.com\/de\/wp-json\/wp\/v2\/media?parent=20536"}],"wp:term":[{"taxonomy":"product_cat","embeddable":true,"href":"https:\/\/mgvpublications.com\/de\/wp-json\/wp\/v2\/product_cat?post=20536"},{"taxonomy":"product_tag","embeddable":true,"href":"https:\/\/mgvpublications.com\/de\/wp-json\/wp\/v2\/product_tag?post=20536"},{"taxonomy":"item","embeddable":true,"href":"https:\/\/mgvpublications.com\/de\/wp-json\/wp\/v2\/item?post=20536"}],"curies":[{"name":"wp","href":"https:\/\/api.w.org\/{rel}","templated":true}]}}