{"id":20534,"date":"2021-10-08T22:49:40","date_gmt":"2021-10-08T20:49:40","guid":{"rendered":"https:\/\/mgvpublications.com\/produkt\/hakikat-arayisi-el-munkiz-mined-dalal\/"},"modified":"2022-03-08T22:55:39","modified_gmt":"2022-03-08T21:55:39","slug":"hakikat-arayisi-el-munkiz-mined-dalal","status":"publish","type":"product","link":"https:\/\/mgvpublications.com\/de\/hakikat-arayisi-el-munkiz-mined-dalal\/","title":{"rendered":"Hakikat Aray\u0131\u015f\u0131 el-M\u00fcnk\u0131z Mine\u2019d-Dalal"},"content":{"rendered":"<p>\u00c7evirmen: Abdurrezzak Tek<br \/>Yay\u0131n Tarihi: 10.12.2020<br \/>ISBN: 9786257854931<br \/>Dil: T\u00dcRK\u00c7E<br \/>Sayfa Say\u0131s\u0131: 96<br \/>Cilt Tipi: Karton Kapak<br \/>Ka\u011f\u0131t Cinsi: Kitap Ka\u011f\u0131d\u0131<br \/>Boyut: 13.5 x 21 cm<\/p>","protected":false},"excerpt":{"rendered":"<p>\u0130slam d\u00fc\u015f\u00fcncesinin zirve isimlerinden olan \u0130mam Gazz\u00e2l\u00ee\u2019nin, y\u00fczy\u0131llar boyunca tart\u0131\u015fmalar\u0131n oda\u011f\u0131nda olmu\u015f me\u015fhur eseri el-M\u00fcnk\u0131z Mine\u2019d-Dal\u00e2l, kendi \u00e7a\u011f\u0131ndaki \u0130sl\u00e2m d\u00fc\u015f\u00fcncesi fikir ve inan\u00e7 hareketlerini ele almas\u0131n\u0131n yan\u0131 s\u0131ra \u015f\u00fcphecili\u011fe dair ortaya koydu\u011fu ve o g\u00fcne kadar benzeri g\u00f6r\u00fclmemi\u015f yorumuyla da \u0130sl\u00e2m d\u00fc\u015f\u00fcnce tarihinin en \u00f6zg\u00fcn metinlerinden birisidir. K\u0131saca el-M\u00fcnk\u0131z olarak bilinen bu me\u015fhur eser, Gazz\u00e2l\u00ee\u2019nin kendi d\u00fc\u015f\u00fcnce d\u00fcnyas\u0131ndaki b\u00fcy\u00fck de\u011fi\u015fim ve geli\u015fimi anlatt\u0131\u011f\u0131 bir t\u00fcr otobiyografik metindir. Elinizde tuttu\u011funuz metin, d\u00fcnyan\u0131n \u00e7e\u015fitli k\u00fct\u00fcphanelerinde \u00e7ok say\u0131da yazma n\u00fcshas\u0131 bulunan el-M\u00fcnk\u0131z\u2019\u0131n bilinen en eski n\u00fcshas\u0131 baz al\u0131narak ve di\u011fer n\u00fcshalarla kar\u015f\u0131la\u015ft\u0131r\u0131larak haz\u0131rland\u0131. Gazz\u00e2l\u00ee\u2019nin hakikat aray\u0131\u015f\u0131n\u0131n bir \u00e7e\u015fit g\u00fcnl\u00fc\u011f\u00fc de olan bu b\u00fcy\u00fck eser, erken d\u00f6nemlerden itibaren hem \u0130sl\u00e2m d\u00fcnyas\u0131nda hem de Bat\u0131\u2019da b\u00fcy\u00fck bir ilgiyle kar\u015f\u0131lanm\u0131\u015ft\u0131r.<\/p>","protected":false},"featured_media":20533,"template":"","meta":{"spay_email":""},"product_cat":[174],"product_tag":[],"item":[392],"acf":[],"_links":{"self":[{"href":"https:\/\/mgvpublications.com\/de\/wp-json\/wp\/v2\/product\/20534"}],"collection":[{"href":"https:\/\/mgvpublications.com\/de\/wp-json\/wp\/v2\/product"}],"about":[{"href":"https:\/\/mgvpublications.com\/de\/wp-json\/wp\/v2\/types\/product"}],"wp:featuredmedia":[{"embeddable":true,"href":"https:\/\/mgvpublications.com\/de\/wp-json\/wp\/v2\/media\/20533"}],"wp:attachment":[{"href":"https:\/\/mgvpublications.com\/de\/wp-json\/wp\/v2\/media?parent=20534"}],"wp:term":[{"taxonomy":"product_cat","embeddable":true,"href":"https:\/\/mgvpublications.com\/de\/wp-json\/wp\/v2\/product_cat?post=20534"},{"taxonomy":"product_tag","embeddable":true,"href":"https:\/\/mgvpublications.com\/de\/wp-json\/wp\/v2\/product_tag?post=20534"},{"taxonomy":"item","embeddable":true,"href":"https:\/\/mgvpublications.com\/de\/wp-json\/wp\/v2\/item?post=20534"}],"curies":[{"name":"wp","href":"https:\/\/api.w.org\/{rel}","templated":true}]}}