{"id":20530,"date":"2021-10-08T22:49:40","date_gmt":"2021-10-08T20:49:40","guid":{"rendered":"https:\/\/mgvpublications.com\/produkt\/islam-evinde-cocuk-terbiyesi\/"},"modified":"2022-03-08T22:55:39","modified_gmt":"2022-03-08T21:55:39","slug":"islam-evinde-cocuk-terbiyesi","status":"publish","type":"product","link":"https:\/\/mgvpublications.com\/de\/islam-evinde-cocuk-terbiyesi\/","title":{"rendered":"\u0130slam Evinde \u00c7ocuk Terbiyesi"},"content":{"rendered":"<p>Yay\u0131n Tarihi: 03.02.2021<br \/>ISBN: 9786050644135<br \/>Dil: T\u00dcRK\u00c7E<br \/>Sayfa Say\u0131s\u0131: 160<br \/>Cilt Tipi: Karton Kapak<br \/>Ka\u011f\u0131t Cinsi: Kitap Ka\u011f\u0131d\u0131<br \/>Boyut: 13.5 x 21 cm<\/p>","protected":false},"excerpt":{"rendered":"<p>M\u00fcsl\u00fcmanlar, k\u0131z \u00e7ocuklar\u0131na, \u0130sl\u00e2m \u00e7a\u011f\u0131n\u0131 ba\u015flatacak Yavuzlar\u0131, Ebussuudlar\u0131, Bakileri, Sinanlar\u0131, Barbaroslar\u0131 yeti\u015ftirecek yar\u0131n\u0131n muallimeleri olarak baks\u0131n. Anne diyelim, evlat diyelim, hala, teyze, karde\u015f diyelim yeniden kad\u0131nlara. K\u0131z \u00e7ocuklar\u0131n\u0131 cahiliyede utanc\u0131ndan mezara, modern zamanda para h\u0131rs\u0131ndan \u015fehvet arenalar\u0131na g\u00f6menlere kar\u015f\u0131 bir onur sava\u015f\u0131 ba\u015flatal\u0131m Hz. Muhammed\u2019in (s.a.v) izinde. \u0130nsan\u0131n varl\u0131\u011f\u0131 kad\u0131n\u0131n, kad\u0131n olarak var olabilmesine ba\u011fl\u0131 diyelim. K\u0131zlar erkek karde\u015fleriyle birlikte b\u00fcy\u00fcs\u00fcn, ayn\u0131 sofraya otursun -miras hari\u00e7- ayn\u0131 kalite ayakkab\u0131y\u0131 giysin. Birinin hakk\u0131n\u0131 di\u011ferine vermeyelim. *** \u0130man ve ibadet muv\u00e2zenesinde bir hayat ya\u015fayan \u00e7ocuk s\u00f6z\u00fcyle, aksiyonuyla ahlak \u00e2bidesi olur. \u0130sl\u00e2m\u2019\u0131 esas alarak hayat\u0131 yeniler, evi, cemiyeti yeniden kurar, kabu\u011fa de\u011fil \u00f6ze, propagandaya de\u011fil hakikate, \u00fctopyaya de\u011fil ideale ba\u011flan\u0131r. G\u00fc\u00e7l\u00fcn\u00fcn de\u011fil, hakikatin izini s\u00fcrer. S\u00fcfli hayata uyum sa\u011flamas\u0131 noktas\u0131nda en yak\u0131nlar\u0131 dahi ona bask\u0131 yapsa yine de e\u011flence merkezi yerine camiye gider. \u0130stanbul\u2019u uyand\u0131racak, Kud\u00fcs\u2019e h\u00fcrriyet ta\u015f\u0131yacak, Roma\u2019y\u0131 sarsacak, Bosna\u2019dan Ka\u015fgar\u2019a y\u00fcrek yollar\u0131 vuracak, haritalar\u0131 yeniden \u00e7izecek kahramanlar, \u015fahsiyetini iman, ibadet, cihad ve ahlak esaslar\u0131n\u0131n in\u015fa etti\u011fi \u00e7ocuklar aras\u0131ndan \u00e7\u0131kacak. Bu kitap, o \u00e7ocuklar\u0131n hangi baban\u0131n oca\u011f\u0131nda, hangi annenin kuca\u011f\u0131nda b\u00fcy\u00fck vazifeye nas\u0131l haz\u0131rlanaca\u011f\u0131na cevap aramakta.<\/p>","protected":false},"featured_media":22006,"template":"","meta":{"spay_email":""},"product_cat":[171],"product_tag":[],"item":[700],"acf":[],"_links":{"self":[{"href":"https:\/\/mgvpublications.com\/de\/wp-json\/wp\/v2\/product\/20530"}],"collection":[{"href":"https:\/\/mgvpublications.com\/de\/wp-json\/wp\/v2\/product"}],"about":[{"href":"https:\/\/mgvpublications.com\/de\/wp-json\/wp\/v2\/types\/product"}],"wp:featuredmedia":[{"embeddable":true,"href":"https:\/\/mgvpublications.com\/de\/wp-json\/wp\/v2\/media\/22006"}],"wp:attachment":[{"href":"https:\/\/mgvpublications.com\/de\/wp-json\/wp\/v2\/media?parent=20530"}],"wp:term":[{"taxonomy":"product_cat","embeddable":true,"href":"https:\/\/mgvpublications.com\/de\/wp-json\/wp\/v2\/product_cat?post=20530"},{"taxonomy":"product_tag","embeddable":true,"href":"https:\/\/mgvpublications.com\/de\/wp-json\/wp\/v2\/product_tag?post=20530"},{"taxonomy":"item","embeddable":true,"href":"https:\/\/mgvpublications.com\/de\/wp-json\/wp\/v2\/item?post=20530"}],"curies":[{"name":"wp","href":"https:\/\/api.w.org\/{rel}","templated":true}]}}