{"id":20526,"date":"2021-10-08T22:49:39","date_gmt":"2021-10-08T20:49:39","guid":{"rendered":"https:\/\/mgvpublications.com\/produkt\/benim-zurafam-ucabilir\/"},"modified":"2022-03-08T22:55:38","modified_gmt":"2022-03-08T21:55:38","slug":"benim-zurafam-ucabilir","status":"publish","type":"product","link":"https:\/\/mgvpublications.com\/de\/benim-zurafam-ucabilir\/","title":{"rendered":"Benim Z\u00fcrafam U\u00e7abilir"},"content":{"rendered":"<p>Yay\u0131n Tarihi: 28.09.2021<br \/>ISBN: 9786050842159<br \/>Dil: T\u00dcRK\u00c7E<br \/>Sayfa Say\u0131s\u0131: 64<br \/>Cilt Tipi: Karton Kapak<br \/>Ka\u011f\u0131t Cinsi: Kitap Ka\u011f\u0131d\u0131<br \/>Boyut: 12.5 x 19.5 cm<br \/>\u00c7izer: H\u00fcseyin S\u00f6nmezay<\/p>","protected":false},"excerpt":{"rendered":"<p>Herkes z\u00fcrafa resmi \u00e7izebilir. Siz de \u00e7izebilirsiniz! Moni, resim derslerini \u00e7ok severdi. \u0130lgin\u00e7 \u015fekiller \u00e7izmeye ve renklerle oynamaya bay\u0131l\u0131rd\u0131. Fakat bir g\u00fcn tuhaf bir \u015fey oldu. Moni resim \u00e7izemedi. Hem de z\u00fcrafa resmini\u2026 \u00d6\u011fretmeni, Moni\u2019yi hayal etti\u011fi her z\u00fcrafay\u0131 \u00e7izebilece\u011fi konusunda cesaretlendirmeye \u00e7al\u0131\u015fsa da o ikna olmuyordu. Ancak \u00f6\u011fretmeninin pes etmeye niyeti yoktu. Tabii Moni\u2019nin de\u2026 Peki Moni, z\u00fcrafa resmi \u00e7izebildi mi? Hayal etmenin, kendine inanman\u0131n, azim ve cesaretin \u00f6nemini vurgulayan \u201cBenim Z\u00fcrafam U\u00e7abilir\u201d, kendini ke\u015ffetmek ve \u00f6zg\u00fcrce hayal etmek isteyen herkesi b\u00fcy\u00fcleyici d\u00fcnyas\u0131na ortak olmaya davet ediyor.<\/p>","protected":false},"featured_media":20525,"template":"","meta":{"spay_email":""},"product_cat":[172],"product_tag":[],"item":[360],"acf":[],"_links":{"self":[{"href":"https:\/\/mgvpublications.com\/de\/wp-json\/wp\/v2\/product\/20526"}],"collection":[{"href":"https:\/\/mgvpublications.com\/de\/wp-json\/wp\/v2\/product"}],"about":[{"href":"https:\/\/mgvpublications.com\/de\/wp-json\/wp\/v2\/types\/product"}],"wp:featuredmedia":[{"embeddable":true,"href":"https:\/\/mgvpublications.com\/de\/wp-json\/wp\/v2\/media\/20525"}],"wp:attachment":[{"href":"https:\/\/mgvpublications.com\/de\/wp-json\/wp\/v2\/media?parent=20526"}],"wp:term":[{"taxonomy":"product_cat","embeddable":true,"href":"https:\/\/mgvpublications.com\/de\/wp-json\/wp\/v2\/product_cat?post=20526"},{"taxonomy":"product_tag","embeddable":true,"href":"https:\/\/mgvpublications.com\/de\/wp-json\/wp\/v2\/product_tag?post=20526"},{"taxonomy":"item","embeddable":true,"href":"https:\/\/mgvpublications.com\/de\/wp-json\/wp\/v2\/item?post=20526"}],"curies":[{"name":"wp","href":"https:\/\/api.w.org\/{rel}","templated":true}]}}