{"id":20524,"date":"2021-10-08T22:49:39","date_gmt":"2021-10-08T20:49:39","guid":{"rendered":"https:\/\/mgvpublications.com\/produkt\/yanlis-hayat-dogru-yasanmaz\/"},"modified":"2022-03-08T22:55:38","modified_gmt":"2022-03-08T21:55:38","slug":"yanlis-hayat-dogru-yasanmaz","status":"publish","type":"product","link":"https:\/\/mgvpublications.com\/de\/yanlis-hayat-dogru-yasanmaz\/","title":{"rendered":"Yanl\u0131\u015f Hayat Do\u011fru Ya\u015fanmaz"},"content":{"rendered":"<p>Yay\u0131n Tarihi: 15.06.2021<br \/>ISBN: 9786057906465<br \/>Dil: T\u00dcRK\u00c7E<br \/>Sayfa Say\u0131s\u0131: 160<br \/>Cilt Tipi: Karton Kapak<br \/>Ka\u011f\u0131t Cinsi: Kitap Ka\u011f\u0131d\u0131<br \/>Boyut: 13.5 x 21 cm<\/p>","protected":false},"excerpt":{"rendered":"<p>\u201c\u00d6lmeden \u00f6nce \u00f6lmek\u201d fikrini benimseyen, intiharlar ku\u015fanan ve otuz senedir cezaevinde olan bir kad\u0131n\u2026 Hasret Kurtulu\u015f; uyu\u015fturucu ba\u011f\u0131ml\u0131s\u0131, kocas\u0131n\u0131 \u00f6ld\u00fcrmekten h\u00fck\u00fcm giymi\u015f ve hayattan \u00e7oktan vazge\u00e7mi\u015f bir kad\u0131nd\u0131r. Yine bir intihar giri\u015fiminin ard\u0131ndan psikolo\u011fun yolunu tutar. Bu sefer psikolog farkl\u0131 biridir. Hapishanede bir hastaya ilk kez bakan Psikolog Efe Ta\u015f\u00e7\u0131, Hasret&#8217;in hayat hik\u00e2yesini dinledikten sonra ona yard\u0131m etmeye karar verir. Bu yard\u0131mlar do\u011frultusunda h\u00fcz\u00fcn ve umudun i\u00e7 i\u00e7e ge\u00e7ti\u011fi bir hik\u00e2ye ba\u015flar.<\/p>","protected":false},"featured_media":20523,"template":"","meta":{"spay_email":""},"product_cat":[169],"product_tag":[],"item":[1362],"acf":[],"_links":{"self":[{"href":"https:\/\/mgvpublications.com\/de\/wp-json\/wp\/v2\/product\/20524"}],"collection":[{"href":"https:\/\/mgvpublications.com\/de\/wp-json\/wp\/v2\/product"}],"about":[{"href":"https:\/\/mgvpublications.com\/de\/wp-json\/wp\/v2\/types\/product"}],"wp:featuredmedia":[{"embeddable":true,"href":"https:\/\/mgvpublications.com\/de\/wp-json\/wp\/v2\/media\/20523"}],"wp:attachment":[{"href":"https:\/\/mgvpublications.com\/de\/wp-json\/wp\/v2\/media?parent=20524"}],"wp:term":[{"taxonomy":"product_cat","embeddable":true,"href":"https:\/\/mgvpublications.com\/de\/wp-json\/wp\/v2\/product_cat?post=20524"},{"taxonomy":"product_tag","embeddable":true,"href":"https:\/\/mgvpublications.com\/de\/wp-json\/wp\/v2\/product_tag?post=20524"},{"taxonomy":"item","embeddable":true,"href":"https:\/\/mgvpublications.com\/de\/wp-json\/wp\/v2\/item?post=20524"}],"curies":[{"name":"wp","href":"https:\/\/api.w.org\/{rel}","templated":true}]}}