{"id":20512,"date":"2021-10-08T18:54:58","date_gmt":"2021-10-08T16:54:58","guid":{"rendered":"https:\/\/mgvpublications.com\/produkt\/habsburglar-bir-dunya-gucunun-yukselisi-ve-cokusu\/"},"modified":"2022-03-08T22:55:37","modified_gmt":"2022-03-08T21:55:37","slug":"habsburglar-bir-dunya-gucunun-yukselisi-ve-cokusu","status":"publish","type":"product","link":"https:\/\/mgvpublications.com\/de\/habsburglar-bir-dunya-gucunun-yukselisi-ve-cokusu\/","title":{"rendered":"Habsburglar Bir D\u00fcnya G\u00fcc\u00fcn\u00fcn Y\u00fckseli\u015fi ve \u00c7\u00f6k\u00fc\u015f\u00fc"},"content":{"rendered":"<p>\u00c7evirmen: Cem Demirkan<br \/>Yay\u0131n Tarihi: 20.05.2021<br \/>ISBN: 9786257631167<br \/>Dil: T\u00dcRK\u00c7E<br \/>Sayfa Say\u0131s\u0131: 480<br \/>Cilt Tipi: Karton Kapak<br \/>Ka\u011f\u0131t Cinsi: Kitap Ka\u011f\u0131d\u0131<br \/>Boyut: 13.5 x 21 cm<\/p>","protected":false},"excerpt":{"rendered":"<p>\u201cHabsburglar s\u00fcr\u00fckleyici, renkli, dramatik olmas\u0131n\u0131n yan\u0131 s\u0131ra \u00f6zl\u00fc, akademik ve konuya h\u00e2kim bir kitap. Martyn Rady, bir zamanlar Peru\u2019dan Filipinler\u2019e \u00fczerinde g\u00fcne\u015f batmayan bir imparatorluk y\u00f6netmi\u015f, Avrupa\u2019n\u0131n en b\u00fcy\u00fck hanedan\u0131n\u0131n hikayesini bizlere anlat\u0131yor. D\u00fcnya tarihinde neredeyse bin sene boyunca rol alm\u0131\u015f \u00f6nemli bir akt\u00f6r\u00fc konu alan Habsburglar i\u00e7ine din, cinayet, ensest, delilik, intihar, suikast kar\u0131\u015fm\u0131\u015f y\u00fcksek siyaset ve aile mahremiyetini g\u00f6zler \u00f6n\u00fcne seriyor. Bu kitap destans\u0131 bir tarihi merak edenler i\u00e7in!\u201d Simon Sebag Montefiore, Romanovlar\u2019\u0131n yazar\u0131 Habsburglar, as\u0131rlar boyunca Avrupa\u2019da h\u00fck\u00fcm s\u00fcrm\u00fc\u015f olan kudretli bir hanedan\u0131n, kurulu\u015fundan nihai y\u0131k\u0131l\u0131\u015f\u0131na kadar ge\u00e7en b\u00fct\u00fcn tarihi. Habsburglar y\u00fczy\u0131llarca Avrupa\u2019n\u0131n b\u00fcy\u00fck b\u00f6l\u00fcm\u00fcne h\u00fckmetti. Asl\u0131nda sadece s\u0131radan Alman asillerinden olu\u015fan bu aile evlilikler ve fetihlerin yan\u0131 s\u0131ra sahte evraklar d\u00fczenleyerek, kendilerine sahte atalar bularak ve tabii \u015fanslar\u0131n\u0131n yaver gitmesiyle de Avrupa k\u0131tas\u0131n\u0131n en \u00f6nemli hanedanlar\u0131ndan biri haline gelmeyi ba\u015fard\u0131. Martyn Rady, Habsburg hanedan\u0131 ve onun neredeyse bin sene i\u00e7erisinde in\u015fa etmi\u015f oldu\u011fu \u2013ve sonra da kaybetti\u011fi\u2013 siyasi, sosyal ve k\u00fclt\u00fcrel d\u00fczenin destans\u0131 hik\u00e2yesini Avrupa ve d\u00fcnya tarihi ba\u011flam\u0131nda anlat\u0131yor. Orta\u00e7a\u011f\u2019da Habsburglar Svabya\u2019dan G\u00fcney Almanya ve Avusturya\u2019ya yay\u0131lmaya ba\u015flad\u0131lar. 1452 tarihinde bir Habsburg d\u00fck\u00fc, III. Frederick nam\u0131yla Kutsal Roma \u0130mparatoru olarak ta\u00e7 giyince art\u0131k hanedan \u201cAvusturya D\u00fcnyaya H\u00fckmedecek\u201d d\u00fcsturuyla hareket eden bir imparatorluk mefk\u00fbresine sahip oldu. Y\u00fczy\u0131llar boyunca Kutsal Roma \u0130mparatoru unvan\u0131n\u0131 ellerinden b\u0131rakmayan Habsburglar \u0130talya, \u0130spanya, Yeni D\u00fcnya ve Pasifik\u2019e yay\u0131larak \u015earlken\u2019in tabiriyle, \u00fczerinde g\u00fcne\u015f batmayan bir imparatorluk haline geldiler. Akabinde bitmek bilmeyen din sava\u015flar\u0131, ihtilaller, de\u011fi\u015fimler, 1700\u2019de \u0130spanya \u0130mparatorlu\u011fu\u2019nun ellerinden \u00e7\u0131kmas\u0131 ve 1806\u2019da Kutsal Roma \u0130mparatorlu\u011fu\u2019nun \u00e7\u00f6k\u00fc\u015f\u00fcyle s\u00fcrekli kan kaybettiler, ta ki Birinci D\u00fcnya Sava\u015f\u0131\u2019n\u0131n neticesinde da\u011f\u0131lmalar\u0131na kadar. Tarih\u00e7iler Habsburglar\u0131, her ne kadar Avrupa\u2019n\u0131n k\u0131y\u0131s\u0131nda kalm\u0131\u015f k\u00f6hne, ayakta zor duran bir imparatorlu\u011fun h\u00fck\u00fcmdarlar\u0131 olarak tasvir etmi\u015f olsalar da Rady bu kitapta Habsburglar\u0131n nas\u0131l bir aile olduklar\u0131n\u0131 gayet a\u00e7\u0131k\u00e7a aktar\u0131yor: Sadece fetihlerle de\u011fil H\u0131ristiyan medeniyeti ve Roma Katolik Kilisesinin m\u00fcdafaas\u0131, bar\u0131\u015f ve huzurun temini ve bilimle e\u011fitimin himayesiyle d\u00fcnyaya h\u00fckmetmek olan bir hanedan. Habsburglar, as\u0131rlar boyunca Avrupa\u2019da h\u00fck\u00fcm s\u00fcrm\u00fc\u015f olan kudretli bir hanedan\u0131n, kurulu\u015fundan nihai y\u0131k\u0131l\u0131\u015f\u0131na kadar ge\u00e7en b\u00fct\u00fcn tarihi.<\/p>","protected":false},"featured_media":20832,"template":"","meta":{"spay_email":""},"product_cat":[170],"product_tag":[],"item":[729],"acf":[],"_links":{"self":[{"href":"https:\/\/mgvpublications.com\/de\/wp-json\/wp\/v2\/product\/20512"}],"collection":[{"href":"https:\/\/mgvpublications.com\/de\/wp-json\/wp\/v2\/product"}],"about":[{"href":"https:\/\/mgvpublications.com\/de\/wp-json\/wp\/v2\/types\/product"}],"wp:featuredmedia":[{"embeddable":true,"href":"https:\/\/mgvpublications.com\/de\/wp-json\/wp\/v2\/media\/20832"}],"wp:attachment":[{"href":"https:\/\/mgvpublications.com\/de\/wp-json\/wp\/v2\/media?parent=20512"}],"wp:term":[{"taxonomy":"product_cat","embeddable":true,"href":"https:\/\/mgvpublications.com\/de\/wp-json\/wp\/v2\/product_cat?post=20512"},{"taxonomy":"product_tag","embeddable":true,"href":"https:\/\/mgvpublications.com\/de\/wp-json\/wp\/v2\/product_tag?post=20512"},{"taxonomy":"item","embeddable":true,"href":"https:\/\/mgvpublications.com\/de\/wp-json\/wp\/v2\/item?post=20512"}],"curies":[{"name":"wp","href":"https:\/\/api.w.org\/{rel}","templated":true}]}}