{"id":20508,"date":"2021-10-08T18:54:56","date_gmt":"2021-10-08T16:54:56","guid":{"rendered":"https:\/\/mgvpublications.com\/produkt\/ailede-ve-okulda-cocuk-egitimi\/"},"modified":"2022-03-08T22:55:36","modified_gmt":"2022-03-08T21:55:36","slug":"ailede-ve-okulda-cocuk-egitimi","status":"publish","type":"product","link":"https:\/\/mgvpublications.com\/de\/ailede-ve-okulda-cocuk-egitimi\/","title":{"rendered":"Ailede ve Okulda \u00c7ocuk E\u011fitimi"},"content":{"rendered":"<p>Yay\u0131n Tarihi: 06.05.2021<br \/>ISBN: 9789758499076<br \/>Dil: T\u00dcRK\u00c7E<br \/>Sayfa Say\u0131s\u0131: 192<br \/>Cilt Tipi: Karton Kapak<br \/>Ka\u011f\u0131t Cinsi: Kitap Ka\u011f\u0131d\u0131<br \/>Boyut: 13.5 x 19.5 cm<\/p>","protected":false},"excerpt":{"rendered":"<p>Bu eser, hem bir baba, hem de bir e\u011fitimci olarak, yirmi y\u0131ll\u0131k bir tecr\u00fcbenin \u00fcr\u00fcn\u00fc. D\u00fcnyan\u0131n k\u00fc\u00e7\u00fcld\u00fc\u011f\u00fc, bilimin, teknolojinin h\u0131zla artt\u0131\u011f\u0131, \u00e7ocuklar\u0131 etkileyen olumsuz unsurlar\u0131n \u00e7o\u011fald\u0131\u011f\u0131 g\u00fcn\u00fcm\u00fczde; \u00e7ocuk yeti\u015ftirmek ve e\u011fitmek, hem zor,hem de daha \u00f6nemli h\u00e2le geldi. \u0130\u015fte bu kitab\u0131n temel hedefi; son derece yetersiz ve eksik bilgilerle yap\u0131lan \u00e7ocuk e\u011fitiminde yeni bir sistem sunmak. Bu kitap, ilkokul \u00f6\u011fretmenli\u011finden \u00fcniversite \u00f6\u011fretim \u00fcyeli\u011fine kadar, e\u011fitim ve \u00f6\u011fretim hizmetlerinin i\u00e7inde bulunmu\u015f bir e\u011fitimcinin tecr\u00fcbeleri&#8230;. Kitaptaki kurallar, gerek anne ve babalara, gerekse \u00f6\u011fretmenlere bir rehber vazifesi g\u00f6recek.<\/p>","protected":false},"featured_media":20830,"template":"","meta":{"spay_email":""},"product_cat":[171],"product_tag":[],"item":[732],"acf":[],"_links":{"self":[{"href":"https:\/\/mgvpublications.com\/de\/wp-json\/wp\/v2\/product\/20508"}],"collection":[{"href":"https:\/\/mgvpublications.com\/de\/wp-json\/wp\/v2\/product"}],"about":[{"href":"https:\/\/mgvpublications.com\/de\/wp-json\/wp\/v2\/types\/product"}],"wp:featuredmedia":[{"embeddable":true,"href":"https:\/\/mgvpublications.com\/de\/wp-json\/wp\/v2\/media\/20830"}],"wp:attachment":[{"href":"https:\/\/mgvpublications.com\/de\/wp-json\/wp\/v2\/media?parent=20508"}],"wp:term":[{"taxonomy":"product_cat","embeddable":true,"href":"https:\/\/mgvpublications.com\/de\/wp-json\/wp\/v2\/product_cat?post=20508"},{"taxonomy":"product_tag","embeddable":true,"href":"https:\/\/mgvpublications.com\/de\/wp-json\/wp\/v2\/product_tag?post=20508"},{"taxonomy":"item","embeddable":true,"href":"https:\/\/mgvpublications.com\/de\/wp-json\/wp\/v2\/item?post=20508"}],"curies":[{"name":"wp","href":"https:\/\/api.w.org\/{rel}","templated":true}]}}