{"id":20506,"date":"2021-10-08T18:54:48","date_gmt":"2021-10-08T16:54:48","guid":{"rendered":"https:\/\/mgvpublications.com\/produkt\/merakli-yusuf-seti-6-kitap\/"},"modified":"2022-03-08T22:55:36","modified_gmt":"2022-03-08T21:55:36","slug":"merakli-yusuf-seti-6-kitap","status":"publish","type":"product","link":"https:\/\/mgvpublications.com\/de\/merakli-yusuf-seti-6-kitap\/","title":{"rendered":"Merakl\u0131 Yusuf Seti (6 Kitap)"},"content":{"rendered":"<p>Yay\u0131n Tarihi: 14.08.2021<br \/>ISBN: 9786051832104<br \/>Dil: T\u00dcRK\u00c7E<br \/>Sayfa Say\u0131s\u0131: 480<br \/>Cilt Tipi: Karton Kapak<br \/>Ka\u011f\u0131t Cinsi: Kitap Ka\u011f\u0131d\u0131<br \/>Boyut: 12 x 19.5 cm<\/p>","protected":false},"excerpt":{"rendered":"<p>Merhaba! Ben Merakl\u0131 Yusuf. Her \u015feyi merak edip sordu\u011fum i\u00e7in bana \u201cMerakl\u0131 Yusuf\u201d diyorlar. Kafam\u0131 kurcalayan onlarca soru var&#8230; * Allah bizi neden yaratt\u0131? * Allah&#8217;\u0131 neden g\u00f6remiyoruz? * Allah bizleri ne kadar seviyor? * Melekler neye benziyor? * Ya Peygamberimiz, Kitab\u0131m\u0131z? Bu sorular senin de akl\u0131na geliyordur eminim. Bu ve daha fazla sorunun cevab\u0131n\u0131 merak ediyorsan hemen kapa\u011f\u0131 aralay\u0131p okumaya ba\u015flamal\u0131s\u0131n.<\/p>","protected":false},"featured_media":20829,"template":"","meta":{"spay_email":""},"product_cat":[172],"product_tag":[],"item":[1431],"acf":[],"_links":{"self":[{"href":"https:\/\/mgvpublications.com\/de\/wp-json\/wp\/v2\/product\/20506"}],"collection":[{"href":"https:\/\/mgvpublications.com\/de\/wp-json\/wp\/v2\/product"}],"about":[{"href":"https:\/\/mgvpublications.com\/de\/wp-json\/wp\/v2\/types\/product"}],"wp:featuredmedia":[{"embeddable":true,"href":"https:\/\/mgvpublications.com\/de\/wp-json\/wp\/v2\/media\/20829"}],"wp:attachment":[{"href":"https:\/\/mgvpublications.com\/de\/wp-json\/wp\/v2\/media?parent=20506"}],"wp:term":[{"taxonomy":"product_cat","embeddable":true,"href":"https:\/\/mgvpublications.com\/de\/wp-json\/wp\/v2\/product_cat?post=20506"},{"taxonomy":"product_tag","embeddable":true,"href":"https:\/\/mgvpublications.com\/de\/wp-json\/wp\/v2\/product_tag?post=20506"},{"taxonomy":"item","embeddable":true,"href":"https:\/\/mgvpublications.com\/de\/wp-json\/wp\/v2\/item?post=20506"}],"curies":[{"name":"wp","href":"https:\/\/api.w.org\/{rel}","templated":true}]}}