{"id":20500,"date":"2021-10-08T18:54:47","date_gmt":"2021-10-08T16:54:47","guid":{"rendered":"https:\/\/mgvpublications.com\/produkt\/ilahi-nefhalar\/"},"modified":"2022-03-08T22:55:35","modified_gmt":"2022-03-08T21:55:35","slug":"ilahi-nefhalar","status":"publish","type":"product","link":"https:\/\/mgvpublications.com\/de\/ilahi-nefhalar\/","title":{"rendered":"\u0130lahi Nefhalar"},"content":{"rendered":"<p>\u00c7evirmen: Ekrem Demirli<br \/>Yay\u0131n Tarihi: 13.08.2012<br \/>ISBN: 9789753554947<br \/>Dil: T\u00dcRK\u00c7E<br \/>Sayfa Say\u0131s\u0131: 336<br \/>Cilt Tipi: Karton Kapak<br \/>Ka\u011f\u0131t Cinsi: Kitap Ka\u011f\u0131d\u0131<br \/>Boyut: 13.5 x 21 cm<\/p>","protected":false},"excerpt":{"rendered":"<p>&#8220;Hz. Peygamber&#8217;den (a.s) tarif ve ir\u015fat lisan\u0131 ile \u015f\u00f6yle buyurdu\u011fu rivayet edilmi\u015ftir: &#8220;Rabb\u0131n\u0131z\u0131n \u015fu g\u00fcnlerinizde rahmetinin nefhalar\u0131 vard\u0131r. Dikkat edin! Onlara h\u00fccum ediniz.&#8221; Bundan dolay\u0131, taarruzu ve onun t\u00fcrlerini tan\u0131mak i\u00e7in Rabbime y\u00f6neldim, Allah da, beni taarruzun hakikatine ve k\u00fclli k\u0131s\u0131mlar\u0131na muttali k\u0131ld\u0131. B\u00f6ylece s\u00f6z konusu taarruz k\u0131s\u0131mlar\u0131n\u0131n benim muttali oldu\u011fum k\u0131s\u0131mlar ile s\u0131n\u0131rl\u0131 olduklar\u0131n\u0131 m\u00fc\u015fahede ettim. \u0130\u015fte ben, Allah&#8217;\u0131n izni ile, bu k\u0131s\u0131mlar\u0131 \u00f6zet olarak zikrediyorum.&#8221; \u0130bn Arabi ekol\u00fcn\u00fcn b\u00fcy\u00fck \u00fcstatlar\u0131ndan Sadreddin Konevi en-Nefehat\u00fc&#8217;l-\u0130lahiyye adl\u0131 \u00f6nemli eserinin yaz\u0131l\u0131\u015f gerek\u00e7esini yukar\u0131daki c\u00fcmlelerle ifade etmektedir. Bu eser, tasavvuf \u00f6\u011fretisinin bilgi anlay\u0131\u015f\u0131 konusunda fikir sahibi olmak isteyen okuyucular i\u00e7in \u00e7ok \u00f6nemli bir ba\u015fvuru kayna\u011f\u0131 olman\u0131n \u00f6tesinde tasavvufi tecr\u00fcbeye kendisini yak\u0131n hisseden kimseler i\u00e7in de manevi bir k\u0131lavuz mesabesindedir.<\/p>","protected":false},"featured_media":20823,"template":"","meta":{"spay_email":""},"product_cat":[174],"product_tag":[],"item":[689],"acf":[],"_links":{"self":[{"href":"https:\/\/mgvpublications.com\/de\/wp-json\/wp\/v2\/product\/20500"}],"collection":[{"href":"https:\/\/mgvpublications.com\/de\/wp-json\/wp\/v2\/product"}],"about":[{"href":"https:\/\/mgvpublications.com\/de\/wp-json\/wp\/v2\/types\/product"}],"wp:featuredmedia":[{"embeddable":true,"href":"https:\/\/mgvpublications.com\/de\/wp-json\/wp\/v2\/media\/20823"}],"wp:attachment":[{"href":"https:\/\/mgvpublications.com\/de\/wp-json\/wp\/v2\/media?parent=20500"}],"wp:term":[{"taxonomy":"product_cat","embeddable":true,"href":"https:\/\/mgvpublications.com\/de\/wp-json\/wp\/v2\/product_cat?post=20500"},{"taxonomy":"product_tag","embeddable":true,"href":"https:\/\/mgvpublications.com\/de\/wp-json\/wp\/v2\/product_tag?post=20500"},{"taxonomy":"item","embeddable":true,"href":"https:\/\/mgvpublications.com\/de\/wp-json\/wp\/v2\/item?post=20500"}],"curies":[{"name":"wp","href":"https:\/\/api.w.org\/{rel}","templated":true}]}}