{"id":20498,"date":"2021-10-08T18:54:47","date_gmt":"2021-10-08T16:54:47","guid":{"rendered":"https:\/\/mgvpublications.com\/produkt\/filozof-ve-sufi-metafizik-uzerine\/"},"modified":"2022-03-08T22:55:35","modified_gmt":"2022-03-08T21:55:35","slug":"filozof-ve-sufi-metafizik-uzerine","status":"publish","type":"product","link":"https:\/\/mgvpublications.com\/de\/filozof-ve-sufi-metafizik-uzerine\/","title":{"rendered":"Filozof ve Sufi Metafizik \u00dczerine"},"content":{"rendered":"<p>Yay\u0131n Tarihi: 27.02.2017<br \/>ISBN: 9786059925419<br \/>Dil: T\u00dcRK\u00c7E<br \/>Sayfa Say\u0131s\u0131: 120<br \/>Cilt Tipi: Karton Kapak<br \/>Ka\u011f\u0131t Cinsi: Kitap Ka\u011f\u0131d\u0131<br \/>Boyut: 13.5 x 21 cm<\/p>","protected":false},"excerpt":{"rendered":"<p>Elinizdeki eser \u0130bn\u00fc\u2019l Arab\u00ee\u2019nin ba\u015fyap\u0131t\u0131 F\u00fct\u00fbh\u00e2t-\u0131 Mekkiyye\u2019nin 8. cildinde bulunan 107-108. k\u0131s\u0131mlar ve 162-167. b\u00f6l\u00fcmleri i\u00e7ermektedir. Bu b\u00f6l\u00fcm F\u00fctuhat-\u0131 Mekkiyye\u2019de kimy\u00e2-i sa\u00e2det ba\u015fl\u0131\u011f\u0131yla yer al\u0131r. Kimy\u00e2-i sa\u00e2det, insan\u0131 saadete ve kem\u00e2le ula\u015ft\u0131ran kimya, yani ahl\u00e2k ilmi demektir. Kimyan\u0131n pop\u00fcler isimlendirmesi simyad\u0131r. Kimya veya simya madenlerdeki de\u011fi\u015fimi ve ba\u015fkala\u015fmay\u0131 inceleyen ilmin ad\u0131d\u0131r. Bak\u0131r\u0131n alt\u0131na d\u00f6n\u00fc\u015fmesi veya kur\u015funun alt\u0131na d\u00f6n\u00fc\u015fmesinin imk\u00e2n\u0131n\u0131 bu ilim inceler. \u0130bn\u00fc\u2019l Arab\u00ee buradan bir kar\u015f\u0131la\u015ft\u0131rma yaparak tasavvuf-ahl\u00e2k ile simya ilmi aras\u0131ndaki irtibat\u0131 g\u00f6sterir. Tasavvuf insandaki ahl\u00e2k\u0131n olumlu de\u011ferler istikametindeki de\u011fi\u015fimidir ve bu nedenle h\u00e2l, yani de\u011fi\u015fme ve ba\u015fkala\u015fma ilmidir. Ahl\u00e2kta k\u00f6t\u00fc \u00f6zellikler madenler aras\u0131ndaki de\u011fersiz madenlere kar\u015f\u0131l\u0131k gelirken ahl\u00e2k\u0131n gayesini te\u015fkil eden erdemler alt\u0131n mesabesindedir. B\u00fct\u00fcn madenler alt\u0131n olma potansiyeline(kuvve) sahiptir. Kimya ilmi, potansiyeli harekete ge\u00e7irerek madeni bilfiil alt\u0131n yapman\u0131n imk\u00e2n\u0131n\u0131 ara\u015ft\u0131r\u0131r. Tasavvuf, insandaki de\u011fersiz huylar\u0131 erdemlere d\u00f6n\u00fc\u015ft\u00fcrerek insan\u0131 alt\u0131n h\u00e2line getirmeyi hedefler. Alt\u0131n insan, k\u00e2mil insan demektir. Kimya veya simya ile tasavvufun irtibat\u0131 burada kurulur: \u0130nsanlar\u0131 bir maden \u015feklinde d\u00fc\u015f\u00fcnerek onlar\u0131n alt\u0131n olmas\u0131n\u0131n imk\u00e2nlar\u0131n\u0131 bulmak!<\/p>","protected":false},"featured_media":20822,"template":"","meta":{"spay_email":""},"product_cat":[174],"product_tag":[],"item":[865],"acf":[],"_links":{"self":[{"href":"https:\/\/mgvpublications.com\/de\/wp-json\/wp\/v2\/product\/20498"}],"collection":[{"href":"https:\/\/mgvpublications.com\/de\/wp-json\/wp\/v2\/product"}],"about":[{"href":"https:\/\/mgvpublications.com\/de\/wp-json\/wp\/v2\/types\/product"}],"wp:featuredmedia":[{"embeddable":true,"href":"https:\/\/mgvpublications.com\/de\/wp-json\/wp\/v2\/media\/20822"}],"wp:attachment":[{"href":"https:\/\/mgvpublications.com\/de\/wp-json\/wp\/v2\/media?parent=20498"}],"wp:term":[{"taxonomy":"product_cat","embeddable":true,"href":"https:\/\/mgvpublications.com\/de\/wp-json\/wp\/v2\/product_cat?post=20498"},{"taxonomy":"product_tag","embeddable":true,"href":"https:\/\/mgvpublications.com\/de\/wp-json\/wp\/v2\/product_tag?post=20498"},{"taxonomy":"item","embeddable":true,"href":"https:\/\/mgvpublications.com\/de\/wp-json\/wp\/v2\/item?post=20498"}],"curies":[{"name":"wp","href":"https:\/\/api.w.org\/{rel}","templated":true}]}}