{"id":20496,"date":"2021-10-08T18:54:40","date_gmt":"2021-10-08T16:54:40","guid":{"rendered":"https:\/\/mgvpublications.com\/produkt\/temel-psikolojik-danisma-becerileri\/"},"modified":"2022-03-08T22:55:35","modified_gmt":"2022-03-08T21:55:35","slug":"temel-psikolojik-danisma-becerileri","status":"publish","type":"product","link":"https:\/\/mgvpublications.com\/de\/temel-psikolojik-danisma-becerileri\/","title":{"rendered":"Temel Psikolojik Dan\u0131\u015fma Becerileri"},"content":{"rendered":"<p>\u00c7evirmen: Gamze Sart<br \/>Yay\u0131n Tarihi: 28.09.2020<br \/>ISBN: 9786051335728<br \/>Dil: T\u00dcRK\u00c7E<br \/>Sayfa Say\u0131s\u0131: 200<br \/>Cilt Tipi: Karton Kapak<br \/>Ka\u011f\u0131t Cinsi: Kitap Ka\u011f\u0131d\u0131<br \/>Boyut: 17 x 24 cm<\/p>","protected":false},"excerpt":{"rendered":"<p>Dan\u0131\u015fmanlar ve yard\u0131mc\u0131lar kimlerdir? Temel dan\u0131\u015fmanl\u0131k becerileri nelerdir? Yard\u0131m etme s\u00fcreci nas\u0131l i\u015fler? Alandaki etik meseleler ve ikilemler nelerdir? \u00c7ok k\u00fclt\u00fcrl\u00fc ve cinsiyete duyarl\u0131 yard\u0131m nas\u0131l olmal\u0131d\u0131r? T\u00fcm bu sorulara cevap bulabilce\u011finiz k\u0131lavuz niteli\u011findeki bu kitapta, dan\u0131\u015fmanl\u0131k becerileri kapsaml\u0131 bir \u015fekilde ele al\u0131n\u0131yor. Bu becerilerin kazan\u0131m\u0131n\u0131 ve geli\u015ftirilmesini en kolay \u015fekilde \u00f6\u011fretme yolunu hedefleyerek uygulamac\u0131lara yard\u0131m ili\u015fkisini nas\u0131l kuraca\u011f\u0131na, geli\u015ftirece\u011fine ve sonland\u0131raca\u011f\u0131na dair bir yap\u0131 sunuyor. Teorik bilgilendirmenin ard\u0131ndan verilen vaka \u00f6rnekleri, diyaloglar ve etkinlikler ile dan\u0131\u015fman ve yard\u0131mc\u0131lar\u0131n e\u011fitimini ve prati\u011fini destekliyor. \u0130lk b\u00f6l\u00fcmde, psikoterapistler ve dan\u0131\u015fmanl\u0131k \u00f6nceli\u011fi olmayan di\u011fer mesleki rollerdeki yard\u0131mc\u0131lar\u0131n \u00e7al\u0131\u015fma alanlar\u0131, becerilerin tan\u0131t\u0131m\u0131 ve yard\u0131m s\u00fcreci ele al\u0131narak kapsaml\u0131 bir giri\u015f b\u00f6l\u00fcm\u00fc olu\u015fturulmu\u015ftur. Daha sonra her bir beceri detayl\u0131 olarak incelenmi\u015ftir. S\u00fcrecin ba\u015flang\u0131c\u0131ndan \u00f6nce anlama, ilgi g\u00f6sterme gibi beceriler verilip bunun \u00fczerine s\u00fcreci yap\u0131land\u0131rman\u0131n yolu \u00e7izilmi\u015ftir. Soru sorma, diren\u00e7leri y\u00f6netme, problem \u00e7\u00f6z\u00fcm\u00fcn\u00fc kolayla\u015ft\u0131rma, ev \u00f6devi verme gibi becerileri tan\u0131mlaman\u0131n \u00f6tesinde etkin kullan\u0131m\u0131n\u0131 sa\u011flayacak uygulamalar sunulmu\u015ftur. Bu a\u015famalar\u0131n ard\u0131ndan yard\u0131m ili\u015fkisini nas\u0131l sonland\u0131rmak gerekti\u011fine ili\u015fkin bilgi ve pratik bir arada verilmi\u015ftir. Son b\u00f6l\u00fcmde, b\u00fct\u00fcn bu uygulamalar\u0131n etik bir \u00e7er\u00e7evede yap\u0131lmas\u0131n\u0131 destekleyecek konulara de\u011finilmi\u015ftir. Etik meseleler ve ikilemler, \u00e7ok k\u00fclt\u00fcrl\u00fc ve cinsiyete duyarl\u0131 yard\u0131m konular\u0131 tamamlay\u0131c\u0131 nitelikte ele al\u0131nm\u0131\u015ft\u0131r.<\/p>","protected":false},"featured_media":20821,"template":"","meta":{"spay_email":""},"product_cat":[175],"product_tag":[],"item":[769],"acf":[],"_links":{"self":[{"href":"https:\/\/mgvpublications.com\/de\/wp-json\/wp\/v2\/product\/20496"}],"collection":[{"href":"https:\/\/mgvpublications.com\/de\/wp-json\/wp\/v2\/product"}],"about":[{"href":"https:\/\/mgvpublications.com\/de\/wp-json\/wp\/v2\/types\/product"}],"wp:featuredmedia":[{"embeddable":true,"href":"https:\/\/mgvpublications.com\/de\/wp-json\/wp\/v2\/media\/20821"}],"wp:attachment":[{"href":"https:\/\/mgvpublications.com\/de\/wp-json\/wp\/v2\/media?parent=20496"}],"wp:term":[{"taxonomy":"product_cat","embeddable":true,"href":"https:\/\/mgvpublications.com\/de\/wp-json\/wp\/v2\/product_cat?post=20496"},{"taxonomy":"product_tag","embeddable":true,"href":"https:\/\/mgvpublications.com\/de\/wp-json\/wp\/v2\/product_tag?post=20496"},{"taxonomy":"item","embeddable":true,"href":"https:\/\/mgvpublications.com\/de\/wp-json\/wp\/v2\/item?post=20496"}],"curies":[{"name":"wp","href":"https:\/\/api.w.org\/{rel}","templated":true}]}}