{"id":20494,"date":"2021-10-08T18:54:39","date_gmt":"2021-10-08T16:54:39","guid":{"rendered":"https:\/\/mgvpublications.com\/produkt\/islam-dusuncesi-uzerine\/"},"modified":"2022-03-08T22:55:35","modified_gmt":"2022-03-08T21:55:35","slug":"islam-dusuncesi-uzerine","status":"publish","type":"product","link":"https:\/\/mgvpublications.com\/de\/islam-dusuncesi-uzerine\/","title":{"rendered":"\u0130slam D\u00fc\u015f\u00fcncesi \u00dczerine"},"content":{"rendered":"<p>Yay\u0131n Tarihi: 12.07.2016<br \/>ISBN: 9786059778220<br \/>Dil: T\u00dcRK\u00c7E<br \/>Sayfa Say\u0131s\u0131: 320<br \/>Cilt Tipi: Karton Kapak<br \/>Ka\u011f\u0131t Cinsi: Kitap Ka\u011f\u0131d\u0131<br \/>Boyut: 13.5 x 21 cm<\/p>","protected":false},"excerpt":{"rendered":"<p>Karanl\u0131k odada bulunan insanlar bir fili nas\u0131l tan\u0131yabilir? Soruyu \u2018k\u00f6rlerin fili anlama \u00e7abas\u0131\u2019 olarak da kurgulayabiliriz. K\u00f6rler bir fili nas\u0131l tan\u0131r? Hi\u00e7 ku\u015fkusuz duyular\u0131n\u0131n verisiyle! Peki sonra ne olur: Herkes kendisine g\u00f6re \u2018fil \u015fudur\u2019 diyecek ve bitmez t\u00fckenmez bir tart\u0131\u015fma ba\u015flayacak. Ta ki odan\u0131n d\u0131\u015f\u0131ndaki birisi filin b\u00fct\u00fcn\u00fc hakk\u0131nda bilgi getirene kadar tart\u0131\u015fma devam eder. Dini d\u00fc\u015f\u00fcncede odan\u0131n d\u0131\u015f\u0131ndaki veya g\u00f6zleri a\u00e7\u0131lm\u0131\u015f olan ki\u015fi peygamberdir. \u2018Dini d\u00fc\u015f\u00fcnce\u2019 peygamber rehberli\u011finde mutlak hakikate do\u011fru yolculu\u011fun-aray\u0131\u015f\u0131n sistematik y\u00f6ntemine verilen add\u0131r. Elinizdeki kitap \u2018mutlak hakikat\u2019 veya me\u015fhur \u00f6rnekle \u2018filin t\u00fcm\u00fcn\u00fc\u2019 g\u00f6rmekle ilgili insanl\u0131\u011f\u0131n kadim talebine dini d\u00fc\u015f\u00fcncenin \u00f6nerdi\u011fi \u00e7\u00f6z\u00fcmle ilgili yaz\u0131lardan, ikinci k\u0131sm\u0131 da ayn\u0131 konularla ilgili de\u011fi\u015fik vesilelerle yap\u0131lm\u0131\u015f r\u00f6portajlardan olu\u015fmaktad\u0131r. Birinci b\u00f6l\u00fcmde \u2018tasavvuf nedir?\u2019 sorusuyla ba\u015flayan yaz\u0131y\u0131 Gazali\u2019nin el-Munkiz\u2019i \u00fczerindeki hacimli bir yaz\u0131 ve nihayet \u0130bn\u00fc\u2019l-Arabi \u00fczerindeki yaz\u0131 takip etmi\u015ftir. Yaz\u0131lar\u0131n ana fikri, \u0130slam metafizik d\u00fc\u015f\u00fcncesinde insanl\u0131\u011f\u0131n \u2018fili b\u00fct\u00fcn g\u00f6rmek-tan\u0131mak\u2019 talebine nas\u0131l bir kar\u015f\u0131l\u0131k verildi\u011fin tespitidir. Kitab\u0131n ikinci b\u00f6l\u00fcm\u00fc ise \u0130slam d\u00fc\u015f\u00fcncesinin \u00e7e\u015fitli sorunlar\u0131yla ilgili yap\u0131lm\u0131\u015f r\u00f6portajlardan olu\u015fuyor.<\/p>","protected":false},"featured_media":20820,"template":"","meta":{"spay_email":""},"product_cat":[174],"product_tag":[],"item":[767],"acf":[],"_links":{"self":[{"href":"https:\/\/mgvpublications.com\/de\/wp-json\/wp\/v2\/product\/20494"}],"collection":[{"href":"https:\/\/mgvpublications.com\/de\/wp-json\/wp\/v2\/product"}],"about":[{"href":"https:\/\/mgvpublications.com\/de\/wp-json\/wp\/v2\/types\/product"}],"wp:featuredmedia":[{"embeddable":true,"href":"https:\/\/mgvpublications.com\/de\/wp-json\/wp\/v2\/media\/20820"}],"wp:attachment":[{"href":"https:\/\/mgvpublications.com\/de\/wp-json\/wp\/v2\/media?parent=20494"}],"wp:term":[{"taxonomy":"product_cat","embeddable":true,"href":"https:\/\/mgvpublications.com\/de\/wp-json\/wp\/v2\/product_cat?post=20494"},{"taxonomy":"product_tag","embeddable":true,"href":"https:\/\/mgvpublications.com\/de\/wp-json\/wp\/v2\/product_tag?post=20494"},{"taxonomy":"item","embeddable":true,"href":"https:\/\/mgvpublications.com\/de\/wp-json\/wp\/v2\/item?post=20494"}],"curies":[{"name":"wp","href":"https:\/\/api.w.org\/{rel}","templated":true}]}}