{"id":20492,"date":"2021-10-08T18:54:39","date_gmt":"2021-10-08T16:54:39","guid":{"rendered":"https:\/\/mgvpublications.com\/produkt\/tasavvuf-tarihi\/"},"modified":"2022-03-08T22:55:34","modified_gmt":"2022-03-08T21:55:34","slug":"tasavvuf-tarihi","status":"publish","type":"product","link":"https:\/\/mgvpublications.com\/de\/tasavvuf-tarihi\/","title":{"rendered":"Tasavvuf Tarihi"},"content":{"rendered":"<p>Yay\u0131n Tarihi: 07.05.2018<br \/>ISBN: 9786059669405<br \/>Bask\u0131 Say\u0131s\u0131: \u015eemseddin Bilgin<br \/>Dil: T\u00dcRK\u00c7E<br \/>Sayfa Say\u0131s\u0131: 304<br \/>Cilt Tipi: Karton Kapak<br \/>Ka\u011f\u0131t Cinsi: Kitap Ka\u011f\u0131d\u0131<br \/>Boyut: 13.5 x 21 cm<br \/>Derleyici: \u015eemseddin Bilgin<\/p>","protected":false},"excerpt":{"rendered":"<p>Dar\u00fclf\u00fcnun m\u00fcderrislerinden Ordinary\u00fcs Profes\u00f6r Muhammed Ali Ayn\u00ee\u2019nin \u201cTasavvuf Tarihi\u201d adl\u0131 kitab\u0131, kendisi taraf\u0131ndan ders notlar\u0131 \u015feklinde haz\u0131rlanm\u0131\u015f, daha sonra da Osmanl\u0131 harfleri ile kitap haline getirilerek ve 1341 (Miladi 1925) y\u0131l\u0131nda \u0130stanbul\u2019da bas\u0131lm\u0131\u015ft\u0131r. Muhammed Ayni Bey bu kitapta tasavvufu gayet geni\u015f bir \u015fekilde ele alm\u0131\u015f ve tarihi bir perspektifle tasavvufu inceleyerek okuyucunun bilgisine sunmu\u015ftur. Kitap iki k\u0131s\u0131mdan meydana gelmektedir. Birinci k\u0131s\u0131mda Tasavvuf Tarihi incelenmi\u015f, Hindistan\u2019da Buda Mezhebi; M\u0131s\u0131r\u2019da Hermes, Hermes\u00fc\u2019l-M\u00fcselles; Eski Yunan\u2019da Pisagor, Sokrat ve Eflatun\u2019un tasavvufi d\u00fc\u015f\u00fcnceleri tafsilatl\u0131 olarak verilmi\u015ftir. Ayn\u0131 b\u00f6l\u00fcmde Musevilikte, Yeni Eflatunculukta ve \u0130sevilikte tasavvuf geni\u015f bir \u015fekilde anlat\u0131lm\u0131\u015ft\u0131r. \u0130kinci k\u0131s\u0131m ise \u0130slam Tasavvufuna ayr\u0131lm\u0131\u015f olup bu b\u00f6l\u00fcmde de tasavvufun \u0130slam tarihinde \u00e7\u0131k\u0131\u015f\u0131 \u00fczerinde durulmu\u015f, tasavvufi terimler geni\u015f bir \u015fekilde a\u00e7\u0131klanm\u0131\u015f ve kitab\u0131n sonunda da istifade edilen eserler belirtilmi\u015ftir. Eser, \u015eemsettin Bilgin ve Ebubekir Aytekin taraf\u0131ndan kitab\u0131n asl\u0131na uygun olarak latinize edilmi\u015f ve kitab\u0131n sonuna anla\u015f\u0131lmas\u0131 g\u00fc\u00e7 kelimelerin yeni T\u00fcrk\u00e7e kar\u015f\u0131l\u0131\u011f\u0131 konulmu\u015ftur.<\/p>","protected":false},"featured_media":20819,"template":"","meta":{"spay_email":""},"product_cat":[174],"product_tag":[],"item":[513],"acf":[],"_links":{"self":[{"href":"https:\/\/mgvpublications.com\/de\/wp-json\/wp\/v2\/product\/20492"}],"collection":[{"href":"https:\/\/mgvpublications.com\/de\/wp-json\/wp\/v2\/product"}],"about":[{"href":"https:\/\/mgvpublications.com\/de\/wp-json\/wp\/v2\/types\/product"}],"wp:featuredmedia":[{"embeddable":true,"href":"https:\/\/mgvpublications.com\/de\/wp-json\/wp\/v2\/media\/20819"}],"wp:attachment":[{"href":"https:\/\/mgvpublications.com\/de\/wp-json\/wp\/v2\/media?parent=20492"}],"wp:term":[{"taxonomy":"product_cat","embeddable":true,"href":"https:\/\/mgvpublications.com\/de\/wp-json\/wp\/v2\/product_cat?post=20492"},{"taxonomy":"product_tag","embeddable":true,"href":"https:\/\/mgvpublications.com\/de\/wp-json\/wp\/v2\/product_tag?post=20492"},{"taxonomy":"item","embeddable":true,"href":"https:\/\/mgvpublications.com\/de\/wp-json\/wp\/v2\/item?post=20492"}],"curies":[{"name":"wp","href":"https:\/\/api.w.org\/{rel}","templated":true}]}}