{"id":20488,"date":"2021-10-08T18:54:38","date_gmt":"2021-10-08T16:54:38","guid":{"rendered":"https:\/\/mgvpublications.com\/produkt\/felsefe-konusmalari-felsefeye-giris\/"},"modified":"2022-03-08T22:55:33","modified_gmt":"2022-03-08T21:55:33","slug":"felsefe-konusmalari-felsefeye-giris","status":"publish","type":"product","link":"https:\/\/mgvpublications.com\/de\/felsefe-konusmalari-felsefeye-giris\/","title":{"rendered":"Felsefe Konu\u015fmalar\u0131 Felsefeye Giri\u015f"},"content":{"rendered":"<p>\u00c7evirmen: Abdurrahman Aliy<br \/>Yay\u0131n Tarihi: 19.04.2018<br \/>ISBN: 9786059460521<br \/>Dil: T\u00dcRK\u00c7E<br \/>Sayfa Say\u0131s\u0131: 128<br \/>Cilt Tipi: Karton Kapak<br \/>Ka\u011f\u0131t Cinsi: Kitap Ka\u011f\u0131d\u0131<br \/>Boyut: 13.5 x 21.5 cm<\/p>","protected":false},"excerpt":{"rendered":"<p>20. y\u00fczy\u0131l\u0131n en \u00f6nemli filozoflar\u0131ndan Karl Jaspers psikiyatri ve teoloji alanlar\u0131ndaki ufuk a\u00e7\u0131c\u0131 fikirlerinin de deste\u011fiyle \u00e7a\u011fda\u015f felsefeye yeni bir y\u00f6n vermi\u015ftir. Jaspers bu eserinde uzmanlara y\u00f6nelik zorlu bir metin ortaya koymak yerine felsefenin genel sorunlar\u0131n\u0131 halka anlat\u0131yor. 1950\/51 y\u0131l\u0131nda sunulan bu 12 radyo konu\u015fmas\u0131 \u201cfelsefeye giri\u015f\u201d i\u00e7in bir rehber niteli\u011fi ta\u015f\u0131yor.<\/p>","protected":false},"featured_media":20817,"template":"","meta":{"spay_email":""},"product_cat":[232],"product_tag":[],"item":[1535],"acf":[],"_links":{"self":[{"href":"https:\/\/mgvpublications.com\/de\/wp-json\/wp\/v2\/product\/20488"}],"collection":[{"href":"https:\/\/mgvpublications.com\/de\/wp-json\/wp\/v2\/product"}],"about":[{"href":"https:\/\/mgvpublications.com\/de\/wp-json\/wp\/v2\/types\/product"}],"wp:featuredmedia":[{"embeddable":true,"href":"https:\/\/mgvpublications.com\/de\/wp-json\/wp\/v2\/media\/20817"}],"wp:attachment":[{"href":"https:\/\/mgvpublications.com\/de\/wp-json\/wp\/v2\/media?parent=20488"}],"wp:term":[{"taxonomy":"product_cat","embeddable":true,"href":"https:\/\/mgvpublications.com\/de\/wp-json\/wp\/v2\/product_cat?post=20488"},{"taxonomy":"product_tag","embeddable":true,"href":"https:\/\/mgvpublications.com\/de\/wp-json\/wp\/v2\/product_tag?post=20488"},{"taxonomy":"item","embeddable":true,"href":"https:\/\/mgvpublications.com\/de\/wp-json\/wp\/v2\/item?post=20488"}],"curies":[{"name":"wp","href":"https:\/\/api.w.org\/{rel}","templated":true}]}}