{"id":20486,"date":"2021-10-08T18:54:31","date_gmt":"2021-10-08T16:54:31","guid":{"rendered":"https:\/\/mgvpublications.com\/produkt\/felsefe-nasil-yapilir\/"},"modified":"2022-03-08T22:55:32","modified_gmt":"2022-03-08T21:55:32","slug":"felsefe-nasil-yapilir","status":"publish","type":"product","link":"https:\/\/mgvpublications.com\/de\/felsefe-nasil-yapilir\/","title":{"rendered":"Felsefe Nas\u0131l Yap\u0131l\u0131r?"},"content":{"rendered":"<p>Yay\u0131n Tarihi: 23.03.2021<br \/>ISBN: 9786257089388<br \/>Dil: T\u00dcRK\u00c7E<br \/>Sayfa Say\u0131s\u0131: 208<br \/>Cilt Tipi: Karton Kapak<br \/>Ka\u011f\u0131t Cinsi: Kitap Ka\u011f\u0131d\u0131<br \/>Boyut: 13.5 x 19.5 cm<\/p>","protected":false},"excerpt":{"rendered":"<p>\u00dclkemizde felsefenin \u00f6nemi ve tarihi \u00fczerinde T\u00fcrk\u00e7e yaz\u0131lm\u0131\u015f yeterince felsefi arkeolojik eser vard\u0131r, fakat \u201cfelsefenin nas\u0131l yap\u0131ld\u0131\u011f\u0131na\u201d dair T\u00fcrk\u00e7e yaz\u0131lm\u0131\u015f eser pek yoktur. \u201cFelsefe tarihi; felsefe de\u011fil, filozoflar\u0131n dedikodusunu yapmakt\u0131r.\u201d \u201c\u0130nsanl\u0131k\u201d denilen varl\u0131\u011f\u0131 filozoflar belirler. Filozofu olmayan toplumlar, ona dahil olamam\u0131\u015f ve ona hizmet etmiyorlar olarak g\u00f6r\u00fcl\u00fcrler. \u201c\u0130nsan\u0131 do\u011fadan ay\u0131ran ve kendi do\u011fas\u0131n\u0131 olu\u015fturan \u201cfelsefe\u201d anlay\u0131\u015f\u0131d\u0131r.\u201d Eflatun T\u00fcrkiye\u2019de \u00e7ok felsefeci olmas\u0131na ra\u011fmen, filozof olan ve felsefe yapan neden yoktur? Felsefenin nas\u0131l yap\u0131ld\u0131\u011f\u0131n\u0131n bilinmemesindendir. Felsefenin nas\u0131l yap\u0131ld\u0131\u011f\u0131n\u0131 \u00f6\u011freten T\u00fcrk\u00e7e kitap bulamad\u0131\u011f\u0131m i\u00e7in bu kitab\u0131 yazd\u0131m. \u00d6nce kendim \u00f6\u011frenmek i\u00e7in. Sonra da, toplumuma bir katk\u0131da bulunmak amac\u0131yla yay\u0131nlad\u0131m. \u201cFelsefe yapmayanlar\u0131n i\u015flerinde; el, ayak, a\u011f\u0131z, para boyutu vard\u0131r, kafa boyutu yoktur.\u201d Bir \u00fclkede bilim yoksa felsefe olmad\u0131\u011f\u0131ndand\u0131r. Felsefe yoksa bilim olamayacakt\u0131r. Felsefe yoksa teknoloji ve kapital da olmayacakt\u0131r. \u201cFelsefe, bilimin gitti\u011fi yolu a\u00e7an dozerdir.\u201d Art\u0131k insanl\u0131\u011f\u0131n b\u00fct\u00fcn hayat\u0131, felsefi d\u00fc\u015f\u00fcnme icatlar\u0131yla d\u00f6nmektedir. Felsefe yapmayan toplum, ba\u011f\u0131ms\u0131z olamaz, varl\u0131\u011f\u0131n\u0131 s\u00fcrd\u00fcremez. \u201cKiral\u0131k felsefe ile ba\u011f\u0131ms\u0131zl\u0131k olmaz.\u201d \u201cArt\u0131k toplumlar\u0131n as\u0131l beka sorunu, felsefi ve bilimsel d\u00fc\u015f\u00fcnme i\u015flemi yapmamakt\u0131r.\u201d \u201cS\u00f6yledikleri ya da d\u00fc\u015f\u00fcnd\u00fckleri \u015feyler, ba\u015fkas\u0131 taraf\u0131ndan y\u00f6nlendirilenlerin s\u00f6yledikleri ya da d\u00fc\u015f\u00fcnd\u00fckleri \u00fczerinde durmaya de\u011fmez.\u201d J. Locke Felsefe, toplumun kafa katman\u0131d\u0131r. Felsefesiz toplumlar, kafa katman\u0131ndan yoksundurlar. Bu durumda, kendi v\u00fccutlar\u0131 \u00fczerinde ba\u015fkalar\u0131n\u0131n kafas\u0131n\u0131 ta\u015f\u0131yan ba\u015fs\u0131z (acephale) olurlar. \u201cEn tehlikeli insan tipi; az anlayan, \u00e7ok inanand\u0131r.\u201d Anton \u00c7ehov (1860-1904) T\u00fcrkiye bug\u00fcn; biri \u0130slam aleminden, di\u011feri Bat\u0131 d\u00fcnyas\u0131ndan olmak \u00fczere iki felsefenin tehdidi alt\u0131ndad\u0131r. Kendisinin \u00f6zg\u00fcn felsefesi yoktur. \u00c7\u00fcnk\u00fc filozofu yoktur. Bug\u00fcn dahi ne antik ne de modern evsafta filozofunun olmamas\u0131 sorgulanmal\u0131d\u0131r. T\u00fcrkiye, bilimsel icatlar yapam\u0131yorsa, temel nedeni, felsefenin yoklu\u011fudur. \u0130cat yapmak istiyorsa, bir an \u00f6nce \u201cFelsefe \u00dcniversitesi\u201d kurmal\u0131d\u0131r.<\/p>","protected":false},"featured_media":20816,"template":"","meta":{"spay_email":""},"product_cat":[232],"product_tag":[],"item":[893],"acf":[],"_links":{"self":[{"href":"https:\/\/mgvpublications.com\/de\/wp-json\/wp\/v2\/product\/20486"}],"collection":[{"href":"https:\/\/mgvpublications.com\/de\/wp-json\/wp\/v2\/product"}],"about":[{"href":"https:\/\/mgvpublications.com\/de\/wp-json\/wp\/v2\/types\/product"}],"wp:featuredmedia":[{"embeddable":true,"href":"https:\/\/mgvpublications.com\/de\/wp-json\/wp\/v2\/media\/20816"}],"wp:attachment":[{"href":"https:\/\/mgvpublications.com\/de\/wp-json\/wp\/v2\/media?parent=20486"}],"wp:term":[{"taxonomy":"product_cat","embeddable":true,"href":"https:\/\/mgvpublications.com\/de\/wp-json\/wp\/v2\/product_cat?post=20486"},{"taxonomy":"product_tag","embeddable":true,"href":"https:\/\/mgvpublications.com\/de\/wp-json\/wp\/v2\/product_tag?post=20486"},{"taxonomy":"item","embeddable":true,"href":"https:\/\/mgvpublications.com\/de\/wp-json\/wp\/v2\/item?post=20486"}],"curies":[{"name":"wp","href":"https:\/\/api.w.org\/{rel}","templated":true}]}}