{"id":20474,"date":"2021-10-08T18:54:22","date_gmt":"2021-10-08T16:54:22","guid":{"rendered":"https:\/\/mgvpublications.com\/produkt\/marifet-yolcusuna-kilavuz\/"},"modified":"2022-03-08T22:55:32","modified_gmt":"2022-03-08T21:55:32","slug":"marifet-yolcusuna-kilavuz","status":"publish","type":"product","link":"https:\/\/mgvpublications.com\/de\/marifet-yolcusuna-kilavuz\/","title":{"rendered":"Marifet Yolcusuna K\u0131lavuz"},"content":{"rendered":"<p>\u00c7evirmen: Ahmet Remzi Aky\u00fcrek<br \/>Yay\u0131n Tarihi: 03.05.2013<br \/>ISBN: 9789753555081<br \/>Dil: T\u00dcRK\u00c7E<br \/>Sayfa Say\u0131s\u0131: 160<br \/>Cilt Tipi: Karton Kapak<br \/>Ka\u011f\u0131t Cinsi: Kitap Ka\u011f\u0131d\u0131<br \/>Boyut: 13.5 x 21 cm<\/p>","protected":false},"excerpt":{"rendered":"<p>Konevi, bu risalesinde Tanr\u0131&#8217;n\u0131n zat\u0131, s\u0131fatlar\u0131 ve fiilleri; velayet ve bununla ilgili meseleler, n\u00fcb\u00fcvvet, ahiret, d\u00fcnya ve nefsin \u00f6zellikleri ve bekas\u0131 gibi konularda sufilerin g\u00f6r\u00fc\u015flerini ele almaktad\u0131r. B\u00fct\u00fcn bu konular\u0131, s\u00fcl\u00fc\u011fe yeni ba\u015flam\u0131\u015f hakikat ara\u015ft\u0131rmac\u0131lar\u0131 i\u00e7in bir &#8220;\u00f6\u011f\u00fct&#8221; ve &#8220;rehberlik&#8221;; s\u00fcl\u00fc\u011f\u00fcn\u00fc tamamlam\u0131\u015f ve kemale ermi\u015f insanlar i\u00e7in ise, s\u00fcl\u00fckleri esnas\u0131nda ya\u015fad\u0131klar\u0131 ve &#8220;tahkik&#8221; ederek \u00f6\u011frendikleri hakikatleri &#8220;hat\u0131rlatma&#8221; olarak ifade etmektedir.<\/p>","protected":false},"featured_media":20804,"template":"","meta":{"spay_email":""},"product_cat":[174],"product_tag":[],"item":[689],"acf":[],"_links":{"self":[{"href":"https:\/\/mgvpublications.com\/de\/wp-json\/wp\/v2\/product\/20474"}],"collection":[{"href":"https:\/\/mgvpublications.com\/de\/wp-json\/wp\/v2\/product"}],"about":[{"href":"https:\/\/mgvpublications.com\/de\/wp-json\/wp\/v2\/types\/product"}],"wp:featuredmedia":[{"embeddable":true,"href":"https:\/\/mgvpublications.com\/de\/wp-json\/wp\/v2\/media\/20804"}],"wp:attachment":[{"href":"https:\/\/mgvpublications.com\/de\/wp-json\/wp\/v2\/media?parent=20474"}],"wp:term":[{"taxonomy":"product_cat","embeddable":true,"href":"https:\/\/mgvpublications.com\/de\/wp-json\/wp\/v2\/product_cat?post=20474"},{"taxonomy":"product_tag","embeddable":true,"href":"https:\/\/mgvpublications.com\/de\/wp-json\/wp\/v2\/product_tag?post=20474"},{"taxonomy":"item","embeddable":true,"href":"https:\/\/mgvpublications.com\/de\/wp-json\/wp\/v2\/item?post=20474"}],"curies":[{"name":"wp","href":"https:\/\/api.w.org\/{rel}","templated":true}]}}