{"id":20472,"date":"2021-10-08T18:54:21","date_gmt":"2021-10-08T16:54:21","guid":{"rendered":"https:\/\/mgvpublications.com\/produkt\/ilim-kitabi\/"},"modified":"2022-03-08T22:55:31","modified_gmt":"2022-03-08T21:55:31","slug":"ilim-kitabi","status":"publish","type":"product","link":"https:\/\/mgvpublications.com\/de\/ilim-kitabi\/","title":{"rendered":"\u0130lim Kitab\u0131"},"content":{"rendered":"<p>\u00c7evirmen: Do\u00e7. Dr. Harun I\u015f\u0131k<br \/>Yay\u0131n Tarihi: 15.10.2020<br \/>ISBN: 9786055961961<br \/>Dil: T\u00dcRK\u00c7E<br \/>Sayfa Say\u0131s\u0131: 192<br \/>Cilt Tipi: Karton Kapak<br \/>Ka\u011f\u0131t Cinsi: Kitap Ka\u011f\u0131d\u0131<br \/>Boyut: 12 x 19.5 cm<\/p>","protected":false},"excerpt":{"rendered":"<p>Bu kitap ayet, hadis ve \u0130slam b\u00fcy\u00fcklerinin s\u00f6zleri \u0131\u015f\u0131\u011f\u0131nda ilmin, \u00f6\u011frenmenin ve \u00f6\u011fretmenin faziletine yer vererek, \u00f6v\u00fclen ve yerilen ilimler ile manas\u0131 de\u011fi\u015ftirilen ilimleri a\u00e7\u0131klayarak, \u00f6\u011fretmen ve \u00f6\u011frencinin e\u011fitim-\u00f6\u011fretim s\u00fcrecinde tak\u0131nmas\u0131 gereken ahlak ile zararl\u0131 ve faydal\u0131 \u00e2limlerin alametlerini dile getirerek ve farkl\u0131 boyutlar\u0131yla akl\u0131 analiz ederek ilmin, \u00f6\u011frencinin ve \u00e2limin hangi a\u00e7\u0131lardan \u00fcst\u00fcn, y\u00fcce ve \u015ferefli oldu\u011funu a\u00e7\u0131klayan de\u011ferli bir eserdir.<\/p>","protected":false},"featured_media":20803,"template":"","meta":{"spay_email":""},"product_cat":[174],"product_tag":[],"item":[1355],"acf":[],"_links":{"self":[{"href":"https:\/\/mgvpublications.com\/de\/wp-json\/wp\/v2\/product\/20472"}],"collection":[{"href":"https:\/\/mgvpublications.com\/de\/wp-json\/wp\/v2\/product"}],"about":[{"href":"https:\/\/mgvpublications.com\/de\/wp-json\/wp\/v2\/types\/product"}],"wp:featuredmedia":[{"embeddable":true,"href":"https:\/\/mgvpublications.com\/de\/wp-json\/wp\/v2\/media\/20803"}],"wp:attachment":[{"href":"https:\/\/mgvpublications.com\/de\/wp-json\/wp\/v2\/media?parent=20472"}],"wp:term":[{"taxonomy":"product_cat","embeddable":true,"href":"https:\/\/mgvpublications.com\/de\/wp-json\/wp\/v2\/product_cat?post=20472"},{"taxonomy":"product_tag","embeddable":true,"href":"https:\/\/mgvpublications.com\/de\/wp-json\/wp\/v2\/product_tag?post=20472"},{"taxonomy":"item","embeddable":true,"href":"https:\/\/mgvpublications.com\/de\/wp-json\/wp\/v2\/item?post=20472"}],"curies":[{"name":"wp","href":"https:\/\/api.w.org\/{rel}","templated":true}]}}