{"id":20470,"date":"2021-10-08T18:54:21","date_gmt":"2021-10-08T16:54:21","guid":{"rendered":"https:\/\/mgvpublications.com\/produkt\/kayip-aydinlanma-orta-asyanin-altin-cagi\/"},"modified":"2022-03-08T22:55:30","modified_gmt":"2022-03-08T21:55:30","slug":"kayip-aydinlanma-orta-asyanin-altin-cagi","status":"publish","type":"product","link":"https:\/\/mgvpublications.com\/de\/kayip-aydinlanma-orta-asyanin-altin-cagi\/","title":{"rendered":"Kay\u0131p Ayd\u0131nlanma Orta Asya\u2019n\u0131n Alt\u0131n \u00c7a\u011f\u0131"},"content":{"rendered":"<p>\u00c7evirmen: Yusuf Selman \u0130nan\u00e7<br \/>Yay\u0131n Tarihi: 03.05.2021<br \/>Orijinal Ad\u0131: Lost Enlightenment: Central Asia&#8217;s Golden Age<br \/>ISBN: 9786057635013<br \/>Dil: T\u00dcRK\u00c7E<br \/>Sayfa Say\u0131s\u0131: 702<br \/>Cilt Tipi: Karton Kapak<br \/>Ka\u011f\u0131t Cinsi: Kitap Ka\u011f\u0131d\u0131<br \/>Boyut: 13.5 x 21 cm<\/p>","protected":false},"excerpt":{"rendered":"<p>\u201cKay\u0131p Ayd\u0131nlanma g\u00f6z kama\u015ft\u0131r\u0131c\u0131 bir bi\u00e7imde, as\u0131rlar boyunca d\u00fcnya medeniyetinin k\u0131y\u0131s\u0131nda de\u011fil tam merkezinde olan Orta Asya d\u00fcnyas\u0131n\u0131 bizim i\u00e7in yeniden canland\u0131r\u0131yor. Nereye bakaca\u011f\u0131n\u0131 gayet iyi bilen ve geni\u015f tarih alan\u0131ndaki yetkinli\u011fi sorgulanamaz olan Frederick Starr uzun y\u0131llar kaynak olarak kullan\u0131lacak \u00f6nemli bir kitap yazm\u0131\u015f bulunuyor.\u201d Francis Fukuyama G\u00f6rsellerle zenginle\u015ftirilmi\u015f bu s\u00fcr\u00fckleyici kitap Orta Asya\u2019n\u0131n orta \u00e7a\u011fdaki karanl\u0131kta kalm\u0131\u015f olan Ayd\u0131nlanma \u00c7a\u011f\u0131\u2019n\u0131 tarihi s\u0131ralamaya sad\u0131k kalarak ama kuru bir anlat\u0131mdan \u00e7\u0131kartarak ortaya koyuyor. D\u00f6nemin en b\u00fcy\u00fck zihinlerinin maceral\u0131 hayatlar\u0131, b\u00fcy\u00fcleyici ba\u015far\u0131lar\u0131 ve modern d\u00fcnyan\u0131n olu\u015fumunu nas\u0131l haz\u0131rlad\u0131klar\u0131n\u0131 a\u00e7\u0131k bir dille anlatan eser, olup biteni sebep-sonu\u00e7 dairesi i\u00e7inde okura sunarak zihinlerdeki sorulara cevap veriyor. Kitaba konu olan neredeyse t\u00fcm isimlerin Arap\u00e7a yazm\u0131\u015f olmas\u0131ndan \u00f6t\u00fcr\u00fc Arap olduklar\u0131 y\u00f6n\u00fcndeki yan\u0131lg\u0131y\u0131 bertaraf eden kitap bug\u00fcn Kazakistan\u2019dan Afganistan\u2019a ve Sincan\u2019a kadar uzanan Orta Asya\u2019da T\u00fcrk\u00ee ve \u0130ran\u00ee halklar\u0131n nas\u0131l b\u00fcy\u00fck medeniyetler in\u015fa ettiklerini g\u00f6zler \u00f6n\u00fcne seriyor. Kay\u0131p Ayd\u0131nlanma 800 il\u00e2 1200 seneleri aras\u0131nda en b\u00fcy\u00fck ve geli\u015fmi\u015f kentlere, en zarif sanata ve hemen her alanda en ileri bilgi ve teknolojiye sahip olan Orta Asya\u2019n\u0131n d\u00fcnya ticaretini ve ekonomisini nas\u0131l y\u00f6nlendirdi\u011fini anlat\u0131yor. Orta Asyal\u0131lar g\u00f6kbilimi, matematik, jeoloji, t\u0131p, kimya, musiki, sosyal bilimler, felsefe ve ilahiyat ba\u015fta olmak \u00fczere hemen her alanda ba\u015far\u0131 elde etmi\u015flerdi. Cebire ismini veren, hayal edilemeyecek bir isabetlilik ile d\u00fcnyan\u0131n \u00e7evresini hesaplayan, daha sonra Avrupa\u2019da t\u0131bb\u0131n temelini olu\u015fturacak eserler veren ve d\u00fcnya \u00fczerindeki en muhte\u015fem \u015fiirlerin bir\u00e7o\u011funu yazan Orta Asyal\u0131lard\u0131. Hatta Bir\u00fbni ke\u015ffinden be\u015f as\u0131r \u00f6nce Amerika k\u0131tas\u0131n\u0131n varl\u0131\u011f\u0131n\u0131 \u00f6ng\u00f6rm\u00fc\u015ft\u00fc. Tarihte ayn\u0131 mek\u00e2n ve zamanda bu kadar \u00e7ok bilim adam\u0131n\u0131n bir arada oldu\u011fu ba\u015fka bir d\u00f6nem pek yoktur. Yazd\u0131klar\u0131 Thomas Aquinas\u2019\u0131n d\u00f6neminden bilimsel devrime kadar Avrupa\u2019y\u0131 derinden etkilemi\u015fti. Ayn\u0131 \u015fekilde Asya\u2019n\u0131n b\u00fcy\u00fck bir k\u0131sm\u0131 ile Hindistan\u2019da da b\u00fcy\u00fck bir tesir b\u0131rakm\u0131\u015ft\u0131. \u201cKay\u0131p Ayd\u0131nlanma\u201d tarihin unutulmu\u015f bir devrinin izini s\u00fcrmekte, Asya\u2019n\u0131n Ayd\u0131nlanma \u00c7a\u011f\u0131\u2019n\u0131n y\u00fckseli\u015fini anlatmakta ve neden sona erdi\u011fine ili\u015fkin farkl\u0131 teorileri de\u011ferlendirmektedir. Geni\u015f bir kaynak ve ar\u015fiv yelpazesinden istifade edilerek yaz\u0131lan kitap ak\u0131c\u0131 \u00fcslubundan dolay\u0131 herkese hitap etmektedir.<\/p>","protected":false},"featured_media":20802,"template":"","meta":{"spay_email":""},"product_cat":[170],"product_tag":[],"item":[729],"acf":[],"_links":{"self":[{"href":"https:\/\/mgvpublications.com\/de\/wp-json\/wp\/v2\/product\/20470"}],"collection":[{"href":"https:\/\/mgvpublications.com\/de\/wp-json\/wp\/v2\/product"}],"about":[{"href":"https:\/\/mgvpublications.com\/de\/wp-json\/wp\/v2\/types\/product"}],"wp:featuredmedia":[{"embeddable":true,"href":"https:\/\/mgvpublications.com\/de\/wp-json\/wp\/v2\/media\/20802"}],"wp:attachment":[{"href":"https:\/\/mgvpublications.com\/de\/wp-json\/wp\/v2\/media?parent=20470"}],"wp:term":[{"taxonomy":"product_cat","embeddable":true,"href":"https:\/\/mgvpublications.com\/de\/wp-json\/wp\/v2\/product_cat?post=20470"},{"taxonomy":"product_tag","embeddable":true,"href":"https:\/\/mgvpublications.com\/de\/wp-json\/wp\/v2\/product_tag?post=20470"},{"taxonomy":"item","embeddable":true,"href":"https:\/\/mgvpublications.com\/de\/wp-json\/wp\/v2\/item?post=20470"}],"curies":[{"name":"wp","href":"https:\/\/api.w.org\/{rel}","templated":true}]}}