{"id":20468,"date":"2021-10-08T18:54:20","date_gmt":"2021-10-08T16:54:20","guid":{"rendered":"https:\/\/mgvpublications.com\/produkt\/cografyamizi-adimlarken-hatirda-kalanlar\/"},"modified":"2022-05-04T10:05:25","modified_gmt":"2022-05-04T08:05:25","slug":"cografyamizi-adimlarken-hatirda-kalanlar","status":"publish","type":"product","link":"https:\/\/mgvpublications.com\/de\/cografyamizi-adimlarken-hatirda-kalanlar\/","title":{"rendered":"Co\u011frafyam\u0131z\u0131 Ad\u0131mlarken Hat\u0131rda Kalanlar"},"content":{"rendered":"<p>Yay\u0131n Tarihi: 04.11.2019<br \/>ISBN: 9786058025943<br \/>Dil: T\u00dcRK\u00c7E<br \/>Sayfa Say\u0131s\u0131: 144<br \/>Cilt Tipi: Karton Kapak<br \/>Ka\u011f\u0131t Cinsi: Kitap Ka\u011f\u0131d\u0131<br \/>Boyut: 13.5 x 21 cm<\/p>","protected":false},"excerpt":{"rendered":"<p>Her seyahat ayr\u0131 bir ser\u00fcvendir. \u0130nsan bir kere yola \u00e7\u0131kmaya g\u00f6rs\u00fcn, bamba\u015fka d\u00fcnyalar\u0131n ve tecr\u00fcbelerin i\u00e7inde bulur kendini. Yolculuk bitip de eve d\u00f6nd\u00fc\u011f\u00fcnde ise art\u0131k ufku geni\u015flemi\u015f, bilgisi artm\u0131\u015f, d\u00fcnyan\u0131n gidi\u015fat\u0131na dair benzersiz m\u00fc\u015fahedelerle donanm\u0131\u015ft\u0131r. Eski nesiller, ula\u015f\u0131m ve konaklama \u015fartlar\u0131ndaki onca imk\u00e2ns\u0131zl\u0131k d\u00fc\u015f\u00fcn\u00fcld\u00fc\u011f\u00fcnde, ak\u0131l almaz co\u011frafyalara seyahat etmi\u015fler. Bitip t\u00fckenmez bir merak ve \u00f6\u011frenme hissiyle, s\u00fcrekli ke\u015fif halinde olmu\u015flar. Bug\u00fcn elimizde bulunan ilm\u00ee ve k\u00fclt\u00fcrel birikimi neredeyse tamamen onlar\u0131n bu gayretine bor\u00e7luyuz. Peki biz, ula\u015f\u0131m ve konaklama imk\u00e2nlar\u0131 b\u00f6ylesine geli\u015fmi\u015fken, yery\u00fcz\u00fcnde yeterince yol tepiyor muyuz? Yola d\u00fc\u015fmek i\u00e7in merak ve heyecan\u0131m\u0131z mevcut mu? Bunlar, \u00fczerinde d\u00fc\u015f\u00fcn\u00fclmesi gereken sorular. \u00d6zbekistan\u2019dan End\u00fcl\u00fcs\u2019e, M\u0131s\u0131r\u2019dan Kafkaslara gezi notlar\u0131n\u0131 ihtiva eden \u201cCo\u011frafyam\u0131z\u0131 Ad\u0131mlarken Hat\u0131rda Kalanlar\u201d, okuyucuyu yola \u00e7\u0131kmaya te\u015fvik i\u00e7in haz\u0131rland\u0131. Kitap bitti\u011finde y\u00fczlerde belirecek tebess\u00fcm ve kalplerde olu\u015facak rahatlama, yazar\u0131n\u0131n da en b\u00fcy\u00fck mutluluk sebebi olacakt\u0131r.<\/p>","protected":false},"featured_media":23272,"template":"","meta":{"spay_email":""},"product_cat":[1588],"product_tag":[],"item":[392],"acf":[],"_links":{"self":[{"href":"https:\/\/mgvpublications.com\/de\/wp-json\/wp\/v2\/product\/20468"}],"collection":[{"href":"https:\/\/mgvpublications.com\/de\/wp-json\/wp\/v2\/product"}],"about":[{"href":"https:\/\/mgvpublications.com\/de\/wp-json\/wp\/v2\/types\/product"}],"wp:featuredmedia":[{"embeddable":true,"href":"https:\/\/mgvpublications.com\/de\/wp-json\/wp\/v2\/media\/23272"}],"wp:attachment":[{"href":"https:\/\/mgvpublications.com\/de\/wp-json\/wp\/v2\/media?parent=20468"}],"wp:term":[{"taxonomy":"product_cat","embeddable":true,"href":"https:\/\/mgvpublications.com\/de\/wp-json\/wp\/v2\/product_cat?post=20468"},{"taxonomy":"product_tag","embeddable":true,"href":"https:\/\/mgvpublications.com\/de\/wp-json\/wp\/v2\/product_tag?post=20468"},{"taxonomy":"item","embeddable":true,"href":"https:\/\/mgvpublications.com\/de\/wp-json\/wp\/v2\/item?post=20468"}],"curies":[{"name":"wp","href":"https:\/\/api.w.org\/{rel}","templated":true}]}}