{"id":20464,"date":"2021-10-08T18:54:13","date_gmt":"2021-10-08T16:54:13","guid":{"rendered":"https:\/\/mgvpublications.com\/produkt\/ahlak-sorunsali-bati-modernitesinin-ahlaki-elestirisine-bir-katki\/"},"modified":"2022-03-08T22:55:29","modified_gmt":"2022-03-08T21:55:29","slug":"ahlak-sorunsali-bati-modernitesinin-ahlaki-elestirisine-bir-katki","status":"publish","type":"product","link":"https:\/\/mgvpublications.com\/de\/ahlak-sorunsali-bati-modernitesinin-ahlaki-elestirisine-bir-katki\/","title":{"rendered":"Ahlak Sorunsal\u0131 Bat\u0131 Modernitesinin Ahlaki Ele\u015ftirisine Bir Katk\u0131"},"content":{"rendered":"<p>\u00c7evirmen: Tahir Ulu\u00e7<br \/>Yay\u0131n Tarihi: 18.12.2020<br \/>ISBN: 9789753525572<br \/>Dil: T\u00dcRK\u00c7E<br \/>Sayfa Say\u0131s\u0131: 332<br \/>Cilt Tipi: Karton Kapak<br \/>Ka\u011f\u0131t Cinsi: Kitap Ka\u011f\u0131d\u0131<br \/>Boyut: 13.5 x 21 cm<\/p>","protected":false},"excerpt":{"rendered":"<p>Ahlak bireyin amel arac\u0131l\u0131\u011f\u0131yla kendini ger\u00e7ekle\u015ftirmesini ifade eder. Bu y\u00f6n\u00fcyle insan\u0131n \u00f6z\u00fc ve onu di\u011fer canl\u0131lardan ay\u0131ran temeldir ahlakl\u0131l\u0131k. Ak\u0131ll\u0131l\u0131k da d\u00e2hil olmak \u00fczere t\u00fcm insani vas\u0131flar\u0131n kendisinden ne\u015fet etti\u011fi bir niteliktir. Ancak meseleye y\u00fczeysel bakan modernler bunu reddederler, d\u00fcnya hakk\u0131ndaki zanlara zemin haz\u0131rlayan soyut ak\u0131l \u00fczerinde \u0131srarc\u0131d\u0131rlar. Bu ise g\u00f6recelik ba\u015fta olmak \u00fczere ahlakla ilgili fikr\u00ee karma\u015fay\u0131 beraberinde getirir. Taha Abdurrahman\u2019\u0131n Ahlak Sorunsal\u0131 kitab\u0131na da yans\u0131yan felsefi d\u00fc\u015f\u00fcncesinin b\u00fct\u00fcn\u00fcndeki h\u00e2kim \u00e7izgi kesinlikle ahlakt\u0131r. Onun eserleri \u00e7e\u015fitli y\u00f6nleri ile birlikte ahlak felsefesi ad\u0131n\u0131 verebilece\u011fimiz bir alanda konumlan\u0131r. Teorik \u015fekilde ifade edilmi\u015f ve uygulamayla zenginle\u015ftirilmi\u015f bir ahlaki amele \u00f6ncelik verir. Filozofun g\u00f6r\u00fc\u015flerini, birbirini destekleyen sorunsallar ve kan\u0131tlamalar bi\u00e7iminde sunan eser tam anlam\u0131yla bu \u00e7izgiye odaklanmakta hem Bat\u0131\u2019da hem de \u0130slam d\u00fcnyas\u0131nda kar\u015f\u0131la\u015f\u0131lan temel meselelere e\u011filmektedir. Onun kapsaml\u0131 ahlak d\u00fc\u015f\u00fcncesi y\u00fczeysel ahlak\u0131n tersine, bizi otoritenin logosta de\u011fil, ahlakta oldu\u011fu yeni bir medeniyet kurmaya \u00e7a\u011f\u0131r\u0131r. \u00d6yle ki bu medeniyette insan\u0131n hakikati akl\u0131 ve s\u00f6z\u00fcyle de\u011fil, ahlak\u0131 ve fiiliyle tan\u0131mlan\u0131r. Bundan uzak maddeci k\u00fcreselle\u015fme bi\u00e7imlerini a\u015fman\u0131n yeg\u00e2ne yolu da ahlakl\u0131l\u0131kt\u0131r. O h\u00e2lde insan\u0131n bu d\u00fcnyada d\u00fczelmesini ve ahirette kurtulmas\u0131n\u0131 istiyorsak, insan\u0131 ahlak medeniyetine haz\u0131rlamaktan ka\u00e7\u0131\u015f yoktur. Sek\u00fcler modern olan\u0131 \u0130slam ahlak\u0131 ile ele\u015ftiren Ahlak Sorunsal\u0131, insan\u0131n varl\u0131\u011f\u0131n\u0131n ahlaktan \u00f6nce de\u011fil, onunla beraber oldu\u011fu esas\u0131n\u0131 kavramak i\u00e7in \u00f6nemli bir ba\u015flang\u0131\u00e7.<\/p>","protected":false},"featured_media":20798,"template":"","meta":{"spay_email":""},"product_cat":[232],"product_tag":[],"item":[399],"acf":[],"_links":{"self":[{"href":"https:\/\/mgvpublications.com\/de\/wp-json\/wp\/v2\/product\/20464"}],"collection":[{"href":"https:\/\/mgvpublications.com\/de\/wp-json\/wp\/v2\/product"}],"about":[{"href":"https:\/\/mgvpublications.com\/de\/wp-json\/wp\/v2\/types\/product"}],"wp:featuredmedia":[{"embeddable":true,"href":"https:\/\/mgvpublications.com\/de\/wp-json\/wp\/v2\/media\/20798"}],"wp:attachment":[{"href":"https:\/\/mgvpublications.com\/de\/wp-json\/wp\/v2\/media?parent=20464"}],"wp:term":[{"taxonomy":"product_cat","embeddable":true,"href":"https:\/\/mgvpublications.com\/de\/wp-json\/wp\/v2\/product_cat?post=20464"},{"taxonomy":"product_tag","embeddable":true,"href":"https:\/\/mgvpublications.com\/de\/wp-json\/wp\/v2\/product_tag?post=20464"},{"taxonomy":"item","embeddable":true,"href":"https:\/\/mgvpublications.com\/de\/wp-json\/wp\/v2\/item?post=20464"}],"curies":[{"name":"wp","href":"https:\/\/api.w.org\/{rel}","templated":true}]}}