{"id":20460,"date":"2021-10-08T18:54:12","date_gmt":"2021-10-08T16:54:12","guid":{"rendered":"https:\/\/mgvpublications.com\/produkt\/sefer\/"},"modified":"2022-03-08T22:55:29","modified_gmt":"2022-03-08T21:55:29","slug":"sefer","status":"publish","type":"product","link":"https:\/\/mgvpublications.com\/de\/sefer\/","title":{"rendered":"Sefer"},"content":{"rendered":"<p>Yay\u0131n Tarihi: 24.11.2020<br \/>ISBN: 9789753525503<br \/>Dil: T\u00dcRK\u00c7E<br \/>Sayfa Say\u0131s\u0131: 253<br \/>Cilt Tipi: Karton Kapak<br \/>Ka\u011f\u0131t Cinsi: Kitap Ka\u011f\u0131d\u0131<br \/>Boyut: 13.5 x 21 cm<\/p>","protected":false},"excerpt":{"rendered":"<p>Uzaklara gitmenin ilgin\u00e7 bir cazibesi vard\u0131r. Her \u015feyi arkam\u0131zda b\u0131rak\u0131p yola koyuldu\u011fumuzda yeni bir ba\u015flang\u0131ca do\u011fru a\u00e7\u0131ld\u0131\u011f\u0131m\u0131z\u0131 hissederiz. Sefer yepyeni bir nefes ve farkl\u0131 bir heyecand\u0131r. \u0130nsan \u00f6nce hayal ve r\u00fcyalar\u0131nda seyahat eder sonra da bu hayal ve r\u00fcyalar \u00fclkelere, \u015fehirlere, sokaklara, farkl\u0131 k\u00fclt\u00fcr ve insanlara d\u00f6n\u00fc\u015f\u00fcr. E\u011fer gitti\u011fimiz yer i\u00e7imizdeki merak duygusunu k\u0131\u015fk\u0131rt\u0131yor ve bize farkl\u0131 bir bak\u0131\u015f a\u00e7\u0131s\u0131 sunuyorsa o iyi bir yolculuktur. Tarihin k\u0131r\u0131lma anlar\u0131n\u0131n \u00e7o\u011funda da bir ki\u015finin veya topluluklar\u0131n ger\u00e7ekle\u015ftirdi\u011fi yolculuklar\u0131n etkisi vard\u0131r. Bu anlamda sefer, d\u00f6n\u00fc\u015ft\u00fcr\u00fcc\u00fc oldu\u011fu kadar in\u015fa edicidir de. Kuran\u2019da arzullahi vasia, yani \u201cAllah\u2019\u0131n arz\u0131 geni\u015ftir.\u201d diye buyurulur. \u0130nsan, Allah\u2019\u0131n arz\u0131nda yollar\u0131 kat edip yeni insanlar ve \u015fehirler tan\u0131d\u0131k\u00e7a kendi d\u00fcnyas\u0131nda da geni\u015fleme hisseder. End\u00fcl\u00fcs\u2019den Orta Asya\u2019ya, Kafkaslardan Balkanlara, Avrupa\u2019dan Afrika\u2019ya kadar d\u00fcnyan\u0131n d\u00f6rt bir yan\u0131na yapt\u0131\u011f\u0131m gezilerin yer ald\u0131\u011f\u0131 Sefer\u2019de sadece \u00fclkeler, \u015fehirler, gezilip g\u00f6r\u00fclmesi gereken yerler de\u011fil; ayn\u0131 zamanda d\u00fc\u015f\u00fcnsel bir yolculukla da kar\u015f\u0131la\u015facaks\u0131n\u0131z. Siyahi M\u00fcsl\u00fcman lider Malcolm X; \u201cDar d\u00fc\u015f\u00fcnceli insanlar\u0131n her \u015feyi ne kadar berbat edebildiklerini g\u00f6rd\u00fc\u011f\u00fcmden beri ufkumu geni\u015fletmek i\u00e7in seyahat ediyorum.\u201d diyor. Bu yolculuklar da bana \u00e7ok \u015fey katt\u0131 ve kendime, \u00fclkeme, \u0130slam d\u00fcnyas\u0131na, yery\u00fcz\u00fcne bak\u0131\u015f\u0131mda yeni ufuklar\u0131n a\u00e7\u0131lmas\u0131na neden oldu.<\/p>","protected":false},"featured_media":22599,"template":"","meta":{"spay_email":""},"product_cat":[1588],"product_tag":[],"item":[399],"acf":[],"_links":{"self":[{"href":"https:\/\/mgvpublications.com\/de\/wp-json\/wp\/v2\/product\/20460"}],"collection":[{"href":"https:\/\/mgvpublications.com\/de\/wp-json\/wp\/v2\/product"}],"about":[{"href":"https:\/\/mgvpublications.com\/de\/wp-json\/wp\/v2\/types\/product"}],"wp:featuredmedia":[{"embeddable":true,"href":"https:\/\/mgvpublications.com\/de\/wp-json\/wp\/v2\/media\/22599"}],"wp:attachment":[{"href":"https:\/\/mgvpublications.com\/de\/wp-json\/wp\/v2\/media?parent=20460"}],"wp:term":[{"taxonomy":"product_cat","embeddable":true,"href":"https:\/\/mgvpublications.com\/de\/wp-json\/wp\/v2\/product_cat?post=20460"},{"taxonomy":"product_tag","embeddable":true,"href":"https:\/\/mgvpublications.com\/de\/wp-json\/wp\/v2\/product_tag?post=20460"},{"taxonomy":"item","embeddable":true,"href":"https:\/\/mgvpublications.com\/de\/wp-json\/wp\/v2\/item?post=20460"}],"curies":[{"name":"wp","href":"https:\/\/api.w.org\/{rel}","templated":true}]}}