{"id":20454,"date":"2021-10-08T18:54:04","date_gmt":"2021-10-08T16:54:04","guid":{"rendered":"https:\/\/mgvpublications.com\/produkt\/guclu-kadinlar-neden-mutlu-degil\/"},"modified":"2022-03-08T22:55:29","modified_gmt":"2022-03-08T21:55:29","slug":"guclu-kadinlar-neden-mutlu-degil","status":"publish","type":"product","link":"https:\/\/mgvpublications.com\/de\/guclu-kadinlar-neden-mutlu-degil\/","title":{"rendered":"G\u00fc\u00e7l\u00fc Kad\u0131nlar Neden Mutlu De\u011fil?"},"content":{"rendered":"<p>Yay\u0131n Tarihi: 27.11.2020<br \/>ISBN: 9786257111355<br \/>Dil: T\u00dcRK\u00c7E<br \/>Sayfa Say\u0131s\u0131: 216<br \/>Cilt Tipi: Karton Kapak<br \/>Ka\u011f\u0131t Cinsi: Kitap Ka\u011f\u0131d\u0131<br \/>Boyut: 13.5 x 21 cm<\/p>","protected":false},"excerpt":{"rendered":"<p>Kad\u0131nlara \u201cg\u00fc\u00e7\u201d alt\u0131n tabakta \u00f6yle bir sunuluyor ki \u201cg\u00fc\u00e7l\u00fc olmak e\u015fittir mutlu olmak\u201d gibi alg\u0131lan\u0131yor. Oysa \u00e7o\u011fu zaman \u00f6yle olmuyor. G\u00fc\u00e7l\u00fc kad\u0131nlar yaln\u0131zl\u0131ktan ve mutsuzluktan \u015fik\u00e2yet\u00e7iler. Hem mutlu hem g\u00fc\u00e7l\u00fc olmak nas\u0131l m\u00fcmk\u00fcn olur? G\u00fc\u00e7, kad\u0131n ve erkek i\u00e7in ne anlam ifade ediyor? Problem g\u00fc\u00e7l\u00fc olmakta m\u0131 yoksa g\u00fcc\u00fc yanl\u0131\u015f kullanmakta m\u0131? \u201cDerdini bilen derman\u0131n\u0131 \u00e7abuk bulur,\u201d derler. O halde hep birlikte, kad\u0131nlar ve erkekler olarak, g\u00fcc\u00fcn ve mutlulu\u011fun izini s\u00fcrelim.<\/p>","protected":false},"featured_media":20792,"template":"","meta":{"spay_email":""},"product_cat":[175],"product_tag":[],"item":[354],"acf":[],"_links":{"self":[{"href":"https:\/\/mgvpublications.com\/de\/wp-json\/wp\/v2\/product\/20454"}],"collection":[{"href":"https:\/\/mgvpublications.com\/de\/wp-json\/wp\/v2\/product"}],"about":[{"href":"https:\/\/mgvpublications.com\/de\/wp-json\/wp\/v2\/types\/product"}],"wp:featuredmedia":[{"embeddable":true,"href":"https:\/\/mgvpublications.com\/de\/wp-json\/wp\/v2\/media\/20792"}],"wp:attachment":[{"href":"https:\/\/mgvpublications.com\/de\/wp-json\/wp\/v2\/media?parent=20454"}],"wp:term":[{"taxonomy":"product_cat","embeddable":true,"href":"https:\/\/mgvpublications.com\/de\/wp-json\/wp\/v2\/product_cat?post=20454"},{"taxonomy":"product_tag","embeddable":true,"href":"https:\/\/mgvpublications.com\/de\/wp-json\/wp\/v2\/product_tag?post=20454"},{"taxonomy":"item","embeddable":true,"href":"https:\/\/mgvpublications.com\/de\/wp-json\/wp\/v2\/item?post=20454"}],"curies":[{"name":"wp","href":"https:\/\/api.w.org\/{rel}","templated":true}]}}