{"id":20450,"date":"2021-10-08T18:54:03","date_gmt":"2021-10-08T16:54:03","guid":{"rendered":"https:\/\/mgvpublications.com\/produkt\/sosyal-medya-psikolojisi\/"},"modified":"2022-03-08T22:55:27","modified_gmt":"2022-03-08T21:55:27","slug":"sosyal-medya-psikolojisi","status":"publish","type":"product","link":"https:\/\/mgvpublications.com\/de\/sosyal-medya-psikolojisi\/","title":{"rendered":"Sosyal Medya Psikolojisi"},"content":{"rendered":"<p>Yay\u0131n Tarihi: 15.04.2021<br \/>ISBN: 9789753536615<br \/>Dil: T\u00dcRK\u00c7E<br \/>Sayfa Say\u0131s\u0131: 400<br \/>Cilt Tipi: Karton Kapak<br \/>Ka\u011f\u0131t Cinsi: Kitap Ka\u011f\u0131d\u0131<br \/>Boyut: 16.5 x 23.5 cm<\/p>","protected":false},"excerpt":{"rendered":"<p>\u201cBilindi\u011fi gibi dijital nesiller \u00f6nceki ku\u015faklardan farkl\u0131 bir ger\u00e7eklikte ya\u015f\u0131yorlar. Psikiyatri prati\u011finde uygulad\u0131\u011f\u0131m\u0131z n\u00f6rogeli\u015fimsel \u00f6l\u00e7ekler var bu \u00f6l\u00e7eler de baz\u0131 becerileri \u00f6l\u00e7eriz bu beceriler geli\u015fmi\u015fse ki\u015fide yayg\u0131n geli\u015fim bozuklu\u011fu var m\u0131 yok mu karar veririz. Bu beceriler mant\u0131ksal, ince motor, kaba motor, dil, sosyal, duyusal ve duygusal becerilerdir. Bir \u00e7ocuk y\u00fcr\u00fcmeye ba\u015flamas\u0131 ile birlikte do\u011fal sosyal ortamda de\u011filse yeteneklerini beceri haline d\u00f6n\u00fc\u015ft\u00fcremez. Ukraynal\u0131 Oxana Malaya vakas\u0131 gibi vah\u015fi \u00e7ocuk olgular\u0131nda g\u00f6rd\u00fc\u011f\u00fcm\u00fcz gibi ilkel seviyede kalabilir. Bu nedenle ucuz bak\u0131c\u0131 gibi TV kar\u015f\u0131s\u0131nda, tablet elinde b\u00fcy\u00fcyen \u00e7ocuk gecikmi\u015f konu\u015fma ile kliniklere ba\u015fvuruyor otistik belirtiler g\u00f6steriyor. Bu olgular uzun s\u00fcrerse \u201c\u00f6\u011frenilmi\u015f otizm\u201d diye tan\u0131mlanan klinik tabloya d\u00f6n\u00fc\u015febilirler. \u0130\u015fte bu \u00e7al\u0131\u015fmada sosyal medya ile ili\u015fkimizin nas\u0131l olmas\u0131 gerekti\u011fine dair \u00e7ok derli bilgileri bulacaks\u0131n\u0131z. Gen\u00e7 arkada\u015flar\u0131m\u0131z \u00e7ok emek verdiler. Onlarla birlikte \u00e7al\u0131\u015fmak bana da \u00e7ok iyi geldi. Kendilerini kutlar\u0131m size de iyi okumalar dilerim.\u201d Prof. Dr. Nevzat TARHAN \/ Psikiyatri Uzman\u0131 \u201c\u0130\u015fte bu kitapta Dr. Aylin Tutgun \u00dcnal ve arkada\u015flar\u0131 sosyal medya kullan\u0131m al\u0131\u015fkanl\u0131klar\u0131n\u0131 kuramsal, psikolojik ve klinik a\u00e7\u0131lardan etrafl\u0131ca ele al\u0131yorlar. Sosyal medyan\u0131n Z ku\u015fa\u011f\u0131ndan ebeveynli\u011fe, narsisizmden yaln\u0131zl\u0131\u011fa, al\u0131\u015fkanl\u0131ktan ba\u011f\u0131ml\u0131l\u0131\u011fa, depresyondan belle\u011fe kadar bir\u00e7ok alandaki etkisini inceliyorlar ve bize aktar\u0131yorlar. Politik psikoloji, postmodern k\u00fclt\u00fcr, alg\u0131 y\u00f6netimi, psikoterapi gibi birbirinden farkl\u0131 alanlar\u0131n sosyal medya kullan\u0131m\u0131 ile ili\u015fkilerini bize g\u00f6steriyorlar.\u201d Prof. Dr. G\u00f6kben HIZLI SAYAR \/ Psikiyatri Uzman\u0131<\/p>","protected":false},"featured_media":20787,"template":"","meta":{"spay_email":""},"product_cat":[175],"product_tag":[],"item":[1894],"acf":[],"_links":{"self":[{"href":"https:\/\/mgvpublications.com\/de\/wp-json\/wp\/v2\/product\/20450"}],"collection":[{"href":"https:\/\/mgvpublications.com\/de\/wp-json\/wp\/v2\/product"}],"about":[{"href":"https:\/\/mgvpublications.com\/de\/wp-json\/wp\/v2\/types\/product"}],"wp:featuredmedia":[{"embeddable":true,"href":"https:\/\/mgvpublications.com\/de\/wp-json\/wp\/v2\/media\/20787"}],"wp:attachment":[{"href":"https:\/\/mgvpublications.com\/de\/wp-json\/wp\/v2\/media?parent=20450"}],"wp:term":[{"taxonomy":"product_cat","embeddable":true,"href":"https:\/\/mgvpublications.com\/de\/wp-json\/wp\/v2\/product_cat?post=20450"},{"taxonomy":"product_tag","embeddable":true,"href":"https:\/\/mgvpublications.com\/de\/wp-json\/wp\/v2\/product_tag?post=20450"},{"taxonomy":"item","embeddable":true,"href":"https:\/\/mgvpublications.com\/de\/wp-json\/wp\/v2\/item?post=20450"}],"curies":[{"name":"wp","href":"https:\/\/api.w.org\/{rel}","templated":true}]}}