{"id":20448,"date":"2021-10-08T18:54:02","date_gmt":"2021-10-08T16:54:02","guid":{"rendered":"https:\/\/mgvpublications.com\/produkt\/dijital-sag%cc%86lik-okuryazarlig%cc%86\/"},"modified":"2022-03-08T22:55:27","modified_gmt":"2022-03-08T21:55:27","slug":"dijital-sag%cc%86lik-okuryazarlig%cc%86","status":"publish","type":"product","link":"https:\/\/mgvpublications.com\/de\/dijital-sag%cc%86lik-okuryazarlig%cc%86\/","title":{"rendered":"Dijital Sag\u0306l\u0131k Okuryazarl\u0131g\u0306"},"content":{"rendered":"<p>Yay\u0131n Tarihi: 16.06.2021<br \/>ISBN: 9789753536738<br \/>Dil: T\u00dcRK\u00c7E<br \/>Sayfa Say\u0131s\u0131: 218<br \/>Cilt Tipi: Karton Kapak<br \/>Ka\u011f\u0131t Cinsi: Kitap Ka\u011f\u0131d\u0131<br \/>Boyut: 16.5 x 23.5 cm<\/p>","protected":false},"excerpt":{"rendered":"<p>2000\u2019li y\u0131llarda Otizm tan\u0131s\u0131 almak 150\/1 iken son istatistiklerde 64\/1 de d\u00fc\u015ft\u00fc. Nedeni ara\u015ft\u0131rma konusu. Ancak \u015fu ger\u00e7ek ki yeni insan nesli dijital nesil bu zaman\u0131n yerlisi. 40 ya\u015f\u0131n \u00fcst\u00fc ise bu zaman\u0131n g\u00f6\u00e7meni konumunda kald\u0131. Yeni bir g\u00f6\u00e7 teorisi yazmak gerekiyordu. Siberkondri; bireyin var oldu\u011funu d\u00fc\u015f\u00fcnd\u00fc\u011f\u00fc hastal\u0131klar\u0131 hakk\u0131nda internet ortam\u0131nda bilgi, belge ve tedavi y\u00f6ntemleri ara\u015ft\u0131rarak kendisine tan\u0131 koymaya \u00e7al\u0131\u015fma ya da tedavi etme u\u011fra\u015f\u0131nda olma durumudur. Dijital okuryazarl\u0131\u011f\u0131 ile sa\u011fl\u0131k okuryazarl\u0131\u011f\u0131n\u0131n \u00f6nemini bu olgular bize g\u00f6sterdi. Ebeveyn g\u00f6zetimi olmadan dijital medya kay\u0131p bir nesle sebep olabilir. Art\u0131k hepimiz daha bilin\u00e7li olmak durumunday\u0131z.<\/p>","protected":false},"featured_media":20786,"template":"","meta":{"spay_email":""},"product_cat":[175],"product_tag":[],"item":[1894],"acf":[],"_links":{"self":[{"href":"https:\/\/mgvpublications.com\/de\/wp-json\/wp\/v2\/product\/20448"}],"collection":[{"href":"https:\/\/mgvpublications.com\/de\/wp-json\/wp\/v2\/product"}],"about":[{"href":"https:\/\/mgvpublications.com\/de\/wp-json\/wp\/v2\/types\/product"}],"wp:featuredmedia":[{"embeddable":true,"href":"https:\/\/mgvpublications.com\/de\/wp-json\/wp\/v2\/media\/20786"}],"wp:attachment":[{"href":"https:\/\/mgvpublications.com\/de\/wp-json\/wp\/v2\/media?parent=20448"}],"wp:term":[{"taxonomy":"product_cat","embeddable":true,"href":"https:\/\/mgvpublications.com\/de\/wp-json\/wp\/v2\/product_cat?post=20448"},{"taxonomy":"product_tag","embeddable":true,"href":"https:\/\/mgvpublications.com\/de\/wp-json\/wp\/v2\/product_tag?post=20448"},{"taxonomy":"item","embeddable":true,"href":"https:\/\/mgvpublications.com\/de\/wp-json\/wp\/v2\/item?post=20448"}],"curies":[{"name":"wp","href":"https:\/\/api.w.org\/{rel}","templated":true}]}}