{"id":20445,"date":"2021-10-08T18:50:03","date_gmt":"2021-10-08T16:50:03","guid":{"rendered":"https:\/\/mgvpublications.com\/produkt\/degisim-kalesi-kucuk-mutluluklar-kulubu\/"},"modified":"2022-03-08T22:55:27","modified_gmt":"2022-03-08T21:55:27","slug":"degisim-kalesi-kucuk-mutluluklar-kulubu","status":"publish","type":"product","link":"https:\/\/mgvpublications.com\/de\/degisim-kalesi-kucuk-mutluluklar-kulubu\/","title":{"rendered":"De\u011fi\u015fim Kalesi \/ K\u00fc\u00e7\u00fck Mutluluklar Kul\u00fcb\u00fc"},"content":{"rendered":"<p>Yay\u0131n Tarihi: 11.05.2021<br \/>ISBN: 9786059534949<br \/>Dil: T\u00dcRK\u00c7E<br \/>Sayfa Say\u0131s\u0131: 152<br \/>Cilt Tipi: Karton Kapak<br \/>Ka\u011f\u0131t Cinsi: Kitap Ka\u011f\u0131d\u0131<br \/>Boyut: 13.5 x 19.5 cm<br \/>Di\u011fer \u00d6zellik: 8-10 Ya\u015f<\/p>","protected":false},"excerpt":{"rendered":"<p>D\u00fcnyam\u0131z her ge\u00e7en g\u00fcn biraz daha ya\u015fanmaz h\u00e2le geliyor. Birilerinin bu gidi\u015fe dur demesi gerekli! Peki, kim? Tabii ki biz! Yani ben Mercan, k\u00f6pe\u011fim G\u00fcl\u00fcc\u00fck ve dostlar\u0131m. De\u011fi\u015fim Kalemizde kurdu\u011fumuz K\u00fc\u00e7\u00fck Mutluluklar Kul\u00fcb\u00fc olarak yapaca\u011f\u0131m\u0131z k\u00fc\u00e7\u00fck iyiliklerle d\u00fcnyay\u0131 g\u00fczelle\u015ftirmeye s\u00f6z verdik. Gizemli ve e\u011flenceli bu macerada sen de bize kat\u0131lmak ister misin?<\/p>","protected":false},"featured_media":20782,"template":"","meta":{"spay_email":""},"product_cat":[172],"product_tag":[],"item":[1893],"acf":[],"_links":{"self":[{"href":"https:\/\/mgvpublications.com\/de\/wp-json\/wp\/v2\/product\/20445"}],"collection":[{"href":"https:\/\/mgvpublications.com\/de\/wp-json\/wp\/v2\/product"}],"about":[{"href":"https:\/\/mgvpublications.com\/de\/wp-json\/wp\/v2\/types\/product"}],"wp:featuredmedia":[{"embeddable":true,"href":"https:\/\/mgvpublications.com\/de\/wp-json\/wp\/v2\/media\/20782"}],"wp:attachment":[{"href":"https:\/\/mgvpublications.com\/de\/wp-json\/wp\/v2\/media?parent=20445"}],"wp:term":[{"taxonomy":"product_cat","embeddable":true,"href":"https:\/\/mgvpublications.com\/de\/wp-json\/wp\/v2\/product_cat?post=20445"},{"taxonomy":"product_tag","embeddable":true,"href":"https:\/\/mgvpublications.com\/de\/wp-json\/wp\/v2\/product_tag?post=20445"},{"taxonomy":"item","embeddable":true,"href":"https:\/\/mgvpublications.com\/de\/wp-json\/wp\/v2\/item?post=20445"}],"curies":[{"name":"wp","href":"https:\/\/api.w.org\/{rel}","templated":true}]}}