{"id":20443,"date":"2021-10-08T18:50:02","date_gmt":"2021-10-08T16:50:02","guid":{"rendered":"https:\/\/mgvpublications.com\/produkt\/ummet-gercegi-sorunlar-sorumluluklar\/"},"modified":"2022-03-08T22:55:26","modified_gmt":"2022-03-08T21:55:26","slug":"ummet-gercegi-sorunlar-sorumluluklar","status":"publish","type":"product","link":"https:\/\/mgvpublications.com\/de\/ummet-gercegi-sorunlar-sorumluluklar\/","title":{"rendered":"\u00dcmmet Ger\u00e7e\u011fi Sorunlar &#8211; Sorumluluklar"},"content":{"rendered":"<p>Yay\u0131n Tarihi: 04.03.2021<br \/>ISBN: 9789755485362<br \/>Dil: T\u00dcRK\u00c7E<br \/>Sayfa Say\u0131s\u0131: 240<br \/>Cilt Tipi: Karton Kapak<br \/>Ka\u011f\u0131t Cinsi: Kitap Ka\u011f\u0131d\u0131<br \/>Boyut: 12 x 19.5 cm<\/p>","protected":false},"excerpt":{"rendered":"<p>\u00dcmmet Ger\u00e7e\u011fi, \u00fcmmetle ilgili sorunlar ve sorumluluklar konusunda h\u00fcsn-i niyetle kaleme al\u0131nm\u0131\u015f de\u011ferlendirmelerden olu\u015fan uzunca bir mukaddime\/giri\u015f niteli\u011findedir. \u00dcmmet \u00f6zele\u015ftirisi de denilebilecek kitab\u0131n haz\u0131rlanma s\u00fcrecinde en \u00e7ok dikkat \u00e7eken olumsuzluk, S\u00fcnnet-i seniyye ve onun bilgi ve belgeleri olan had\u00ees-i \u015fer\u00eeflere kar\u015f\u0131, \u00fcmmet kimli\u011fi ve bilincine ayk\u0131r\u0131 ve bilimsellikten uzak yaban ve yavan yakla\u015f\u0131mlar\u0131n \u00fclke ve \u00fcmmet g\u00fcndeminde yo\u011funla\u015fmas\u0131 olmu\u015ftur. Do\u011frudan veya dolayl\u0131 olarak buna ba\u011fl\u0131 sorun ve sorumluluklar kar\u015f\u0131s\u0131nda hat\u0131rlat\u0131lmas\u0131 gerekli ger\u00e7ekler ve yap\u0131lmas\u0131 luzumlu uyar\u0131lar Mehmet \u00c2kif merhumun, Emr-i bil-ma&#8217;ruf imi\u015f ihv\u00e2n-\u0131 \u0130sl\u00e2m&#8217;\u0131n i\u015fi Nehyedermi\u015f bir fenal\u0131k g\u00f6rse karde\u015f karde\u015fi. dizelerine uygun olarak karde\u015f\u00e7e payla\u015f\u0131lm\u0131\u015ft\u0131r.<\/p>","protected":false},"featured_media":20779,"template":"","meta":{"spay_email":""},"product_cat":[174],"product_tag":[],"item":[],"acf":[],"_links":{"self":[{"href":"https:\/\/mgvpublications.com\/de\/wp-json\/wp\/v2\/product\/20443"}],"collection":[{"href":"https:\/\/mgvpublications.com\/de\/wp-json\/wp\/v2\/product"}],"about":[{"href":"https:\/\/mgvpublications.com\/de\/wp-json\/wp\/v2\/types\/product"}],"wp:featuredmedia":[{"embeddable":true,"href":"https:\/\/mgvpublications.com\/de\/wp-json\/wp\/v2\/media\/20779"}],"wp:attachment":[{"href":"https:\/\/mgvpublications.com\/de\/wp-json\/wp\/v2\/media?parent=20443"}],"wp:term":[{"taxonomy":"product_cat","embeddable":true,"href":"https:\/\/mgvpublications.com\/de\/wp-json\/wp\/v2\/product_cat?post=20443"},{"taxonomy":"product_tag","embeddable":true,"href":"https:\/\/mgvpublications.com\/de\/wp-json\/wp\/v2\/product_tag?post=20443"},{"taxonomy":"item","embeddable":true,"href":"https:\/\/mgvpublications.com\/de\/wp-json\/wp\/v2\/item?post=20443"}],"curies":[{"name":"wp","href":"https:\/\/api.w.org\/{rel}","templated":true}]}}