{"id":20435,"date":"2021-10-08T18:50:00","date_gmt":"2021-10-08T16:50:00","guid":{"rendered":"https:\/\/mgvpublications.com\/produkt\/cocuk-resimlerinin-dili\/"},"modified":"2022-03-08T22:55:26","modified_gmt":"2022-03-08T21:55:26","slug":"cocuk-resimlerinin-dili","status":"publish","type":"product","link":"https:\/\/mgvpublications.com\/de\/cocuk-resimlerinin-dili\/","title":{"rendered":"\u00c7ocuk Resimlerinin Dili"},"content":{"rendered":"<p>Yay\u0131n Tarihi: 01.01.2011<br \/>ISBN: 9789752611757<br \/>Dil: T\u00dcRK\u00c7E<br \/>Sayfa Say\u0131s\u0131: 319<br \/>Cilt Tipi: Karton Kapak<br \/>Ka\u011f\u0131t Cinsi: Kitap Ka\u011f\u0131d\u0131<br \/>Boyut: 13.5 x 19.5 cm<\/p>","protected":false},"excerpt":{"rendered":"<p>K\u00fc\u00e7\u00fck \u00e7ocuklar, ya\u015fad\u0131klar\u0131 ancak s\u00f6z diliyle anlatmakta zorland\u0131klar\u0131 veya anlatmadan korktuklar\u0131 s\u0131k\u0131nt\u0131lar\u0131n\u0131 fark\u0131nda olmadan bilin\u00e7alt\u0131n\u0131n etkisiyle \u00e7izdikleri resimlere yans\u0131t\u0131rlar. \u00c7ocuklar g\u00f6rd\u00fcklerini de\u011fil, d\u00fc\u015f\u00fcncelerini ve hayal ettiklerini \u00e7izerler. Bu ger\u00e7e\u011fi bilmeyen anne babalar ve \u00e7ocuktan sorumlu ki\u015filer \u00e7ocuk resimlerini bir \u015feye benzetemez, bir anlam veremezler. Ger\u00e7ekte, okuyabilen i\u00e7in, \u00e7ocuk elinden \u00e7\u0131km\u0131\u015f en basit bir \u00e7izginin bile anlam\u0131 vard\u0131r. Mesela, \u00e7ocu\u011fun kaleminden \u00e7\u0131kan Bir ev, bir a\u011fa\u00e7, bir aile resmi \u00e7ocu\u011fun i\u00e7 d\u00fcnyas\u0131na ait onlarca ipucu ta\u015f\u0131maktad\u0131r. \u00c7ocu\u011fun yaz g\u00fcn\u00fc \u00e7izdi\u011fi ev resminde bile t\u00fcten bir bacan\u0131n olmas\u0131 size tuhaf gelse de bir psikolog i\u00e7in olduk\u00e7a anlaml\u0131d\u0131r. \u00c7\u00fcnk\u00fc t\u00fcten bir baca evde hayat oldu\u011funu, yemek pi\u015fti\u011fini, aile \u00fcyeleri aras\u0131nda sevgi odakl\u0131 s\u0131cak bir ili\u015fki oldu\u011funu g\u00f6stermektedir. Bu kitab\u0131n amac\u0131 ba\u015fta anne babalar, bak\u0131c\u0131lar, kre\u015f \u00e7al\u0131\u015fanlar\u0131 ve anaokulu \u00f6\u011fretmenleri olmak \u00fczere \u00e7ocuktan sorumlu ki\u015fi ve kurulu\u015flara \u00e7ocu\u011fun i\u00e7 d\u00fcnyas\u0131n\u0131 anlamalar\u0131nda yard\u0131mc\u0131 olmakt\u0131r.<\/p>","protected":false},"featured_media":20774,"template":"","meta":{"spay_email":""},"product_cat":[171],"product_tag":[],"item":[692],"acf":[],"_links":{"self":[{"href":"https:\/\/mgvpublications.com\/de\/wp-json\/wp\/v2\/product\/20435"}],"collection":[{"href":"https:\/\/mgvpublications.com\/de\/wp-json\/wp\/v2\/product"}],"about":[{"href":"https:\/\/mgvpublications.com\/de\/wp-json\/wp\/v2\/types\/product"}],"wp:featuredmedia":[{"embeddable":true,"href":"https:\/\/mgvpublications.com\/de\/wp-json\/wp\/v2\/media\/20774"}],"wp:attachment":[{"href":"https:\/\/mgvpublications.com\/de\/wp-json\/wp\/v2\/media?parent=20435"}],"wp:term":[{"taxonomy":"product_cat","embeddable":true,"href":"https:\/\/mgvpublications.com\/de\/wp-json\/wp\/v2\/product_cat?post=20435"},{"taxonomy":"product_tag","embeddable":true,"href":"https:\/\/mgvpublications.com\/de\/wp-json\/wp\/v2\/product_tag?post=20435"},{"taxonomy":"item","embeddable":true,"href":"https:\/\/mgvpublications.com\/de\/wp-json\/wp\/v2\/item?post=20435"}],"curies":[{"name":"wp","href":"https:\/\/api.w.org\/{rel}","templated":true}]}}