{"id":20433,"date":"2021-10-08T18:49:59","date_gmt":"2021-10-08T16:49:59","guid":{"rendered":"https:\/\/mgvpublications.com\/produkt\/unlulerle-bir-gun-10-kitap\/"},"modified":"2022-03-08T22:55:26","modified_gmt":"2022-03-08T21:55:26","slug":"unlulerle-bir-gun-10-kitap","status":"publish","type":"product","link":"https:\/\/mgvpublications.com\/de\/unlulerle-bir-gun-10-kitap\/","title":{"rendered":"\u00dcnl\u00fclerle Bir G\u00fcn (10 Kitap)"},"content":{"rendered":"<p>Yay\u0131n Tarihi: 17.10.2020<br \/>ISBN: 9786051140407<br \/>Dil: T\u00dcRK\u00c7E<br \/>Sayfa Say\u0131s\u0131: 480<br \/>Cilt Tipi: Karton Kapak<br \/>Ka\u011f\u0131t Cinsi: Ku\u015fe Ka\u011f\u0131t<br \/>Boyut: 15 x 21 cm<\/p>","protected":false},"excerpt":{"rendered":"<p>MUHTE\u015eEM B\u0130R YOLCULU\u011eA HAZIR MISINIZ? HEM DE B\u0130LET ALMADAN\u2026 \u00dcnl\u00fclerle Bir G\u00fcn serisi sizi hi\u00e7 unutamayaca\u011f\u0131n\u0131z bir maceraya davet ediyor\u2026 Zamanda yolculuk yap\u0131p ge\u00e7mi\u015fte ya\u015fam\u0131\u015f \u00fcnl\u00fclerle tan\u0131\u015fmay\u0131 hayal ettiniz mi hi\u00e7? Sizi bilmiyoruz ama kitaplar\u0131m\u0131z\u0131n kahraman\u0131 Murat\u2019\u0131n b\u00f6yle bir hayali vard\u0131. Bir g\u00fcn bir g\u00fcvercin ona bir anahtar getirdi. O g\u00fcnden sonra Murat, bu anahtar sayesinde ge\u00e7mi\u015fe gidip istedi\u011fi \u00fcnl\u00fclerle tan\u0131\u015ft\u0131. Onlarla unutamayaca\u011f\u0131 bir g\u00fcn ge\u00e7irdi\u2026 Padi\u015fah, gezgin, doktor, yazar, \u015fair, d\u00fc\u015f\u00fcn\u00fcr, mimar, co\u011frafyac\u0131, denizci, mucit\u2026 Ge\u00e7mi\u015fte \u00e7ok \u00f6nemli i\u015fler ba\u015farm\u0131\u015f bu b\u00fcy\u00fck ki\u015fileri Murat\u2019la birlikte tan\u0131mak \u00e7ok e\u011flenceli olacak. Maceraya haz\u0131r m\u0131s\u0131n\u0131z? Piri Reis\u2019le ilk d\u00fcnya haritas\u0131n\u0131 \u00e7izecek, Yunus Emre ve Mevlana ile t\u00fcm evreni sevecek, Mehmet Akif\u2019le istiklal mar\u015f\u0131m\u0131z\u0131 yazacaks\u0131n\u0131z\u2026 Bunlarla kalmay\u0131p Fatih\u2019le \u0130stanbul\u2019u fethedecek, Barbaros\u2019la denizlere a\u00e7\u0131lacak, Mimar Sinan\u2019la e\u015fsiz eserler in\u015fa edeceksiniz. Evliya \u00c7elebi\u2019yle \u00fclke \u00fclke gezecek, \u0130bn-i Sina ile \u015fifa da\u011f\u0131tacak, Hezarfen\u2019le ku\u015f gibi u\u00e7acaks\u0131n\u0131z! Bu f\u0131rsat\u0131 ka\u00e7\u0131rmay\u0131n! Sonra sak\u0131n a\u011flamay\u0131n.<\/p>","protected":false},"featured_media":20768,"template":"","meta":{"spay_email":""},"product_cat":[172],"product_tag":[],"item":[360],"acf":[],"_links":{"self":[{"href":"https:\/\/mgvpublications.com\/de\/wp-json\/wp\/v2\/product\/20433"}],"collection":[{"href":"https:\/\/mgvpublications.com\/de\/wp-json\/wp\/v2\/product"}],"about":[{"href":"https:\/\/mgvpublications.com\/de\/wp-json\/wp\/v2\/types\/product"}],"wp:featuredmedia":[{"embeddable":true,"href":"https:\/\/mgvpublications.com\/de\/wp-json\/wp\/v2\/media\/20768"}],"wp:attachment":[{"href":"https:\/\/mgvpublications.com\/de\/wp-json\/wp\/v2\/media?parent=20433"}],"wp:term":[{"taxonomy":"product_cat","embeddable":true,"href":"https:\/\/mgvpublications.com\/de\/wp-json\/wp\/v2\/product_cat?post=20433"},{"taxonomy":"product_tag","embeddable":true,"href":"https:\/\/mgvpublications.com\/de\/wp-json\/wp\/v2\/product_tag?post=20433"},{"taxonomy":"item","embeddable":true,"href":"https:\/\/mgvpublications.com\/de\/wp-json\/wp\/v2\/item?post=20433"}],"curies":[{"name":"wp","href":"https:\/\/api.w.org\/{rel}","templated":true}]}}