{"id":20431,"date":"2021-10-08T18:49:59","date_gmt":"2021-10-08T16:49:59","guid":{"rendered":"https:\/\/mgvpublications.com\/produkt\/yeni-ufuklarin-kiyisinda\/"},"modified":"2022-03-08T22:55:26","modified_gmt":"2022-03-08T21:55:26","slug":"yeni-ufuklarin-kiyisinda","status":"publish","type":"product","link":"https:\/\/mgvpublications.com\/de\/yeni-ufuklarin-kiyisinda\/","title":{"rendered":"Yeni Ufuklar\u0131n K\u0131y\u0131s\u0131nda"},"content":{"rendered":"<p>Yay\u0131n Tarihi: 25.11.2020<br \/>ISBN: 9786050681048<br \/>Dil: T\u00dcRK\u00c7E<br \/>Sayfa Say\u0131s\u0131: 224<br \/>Cilt Tipi: Karton Kapak<br \/>Ka\u011f\u0131t Cinsi: Kitap Ka\u011f\u0131d\u0131<br \/>Boyut: 13.5 x 19.5 cm<\/p>","protected":false},"excerpt":{"rendered":"<p>Ge\u00e7mi\u015fe bir ayna tutarak, g\u00fcn\u00fc, ko\u015fullar\u0131, an\u0131 ve zaman\u0131 bir b\u00fct\u00fcn i\u00e7erisinde anlamland\u0131rmak bug\u00fcn i\u00e7in olduk\u00e7a zor bir u\u011fra\u015f olarak \u00f6n\u00fcm\u00fczde duruyor. Y\u00fczy\u0131l\u0131n b\u00fct\u00fcn ara\u00e7 gere\u00e7leriyle dayat\u0131lan\u0131n d\u0131\u015f\u0131na \u00e7\u0131k\u0131ld\u0131\u011f\u0131nda, \u00fczerine deli g\u00f6mle\u011fi giydirilmek istenen, genel ge\u00e7er bir kabul g\u00f6rm\u00fc\u015fl\u00fc\u011f\u00fcn d\u0131\u015f\u0131nda bamba\u015fka bir d\u00fcnyan\u0131n, kurulabilece\u011fine inananlar hi\u00e7 de az\u0131msanmayacak say\u0131da. Bir fanusun i\u00e7erisine hapsettirilen hayatlar\u0131n yeni bir gelece\u011fe ve o gelece\u011fin d\u00fcnyas\u0131na olan ihtiyac\u0131 her ge\u00e7en g\u00fcn daha da yak\u0131c\u0131 bir hal al\u0131yor. D\u00fcnyada her \u015feyin bir d\u00fczen i\u00e7inde terenn\u00fcm etti\u011fini d\u00fc\u015f\u00fcnd\u00fc\u011f\u00fcm\u00fczde G\u00f6ksal\u2019\u0131n felsefeden, edebiyata, sinemadan \u015fiire, tiyatrodan satran\u00e7a, psikolojiden dile, romandan resme, matematikten m\u00fczi\u011fe, foto\u011fraftan askeri tarihe kadar \u00e7ok farkl\u0131 disiplinlerde ortaya koymaya \u00e7al\u0131\u015ft\u0131\u011f\u0131 \u00e7aba, ger\u00e7e\u011fe ve gelece\u011fe do\u011fru at\u0131lacak bir \u00f6n ad\u0131m olma \u00f6zelli\u011fi ta\u015f\u0131yor. Adorno\u2019dan, \u0130bn Arabi\u2019ye, Shakespeare\u2019den Fuzuli\u2019ye, Aborjinlerden K\u0131z\u0131lderiler\u2019e, Pascual Duarte\u2019den Mai ve Siyah\u2019a, hat sanat\u0131ndan grafolojiye kadar \u00e7ok farkl\u0131 alanlarda bir derinlik olu\u015fturmaya \u00e7al\u0131\u015fan G\u00f6ksal, Derrida\u2019dan Kind\u00ee\u2019ye, Kubrick\u2019ten Cervantes\u2019e, Selahattin Hilav\u2019dan Napolyon\u2019a, S\u00fcmer\u2019den Roma\u2019ya, Lenin\u2019den \u015eeyh Hamidullah Efendi\u2019ye kadar uzanan geni\u015f bir yelpazede \u00f6zg\u00fcnl\u00fc\u011f\u00fcn izlerini s\u00fcr\u00fcyor. Haliyle okuyucunun kendisine soraca\u011f\u0131 soru \u015fu; ser\u00fcvene haz\u0131rm\u0131y\u0131m ?<\/p>","protected":false},"featured_media":20765,"template":"","meta":{"spay_email":""},"product_cat":[168],"product_tag":[],"item":[1090],"acf":[],"_links":{"self":[{"href":"https:\/\/mgvpublications.com\/de\/wp-json\/wp\/v2\/product\/20431"}],"collection":[{"href":"https:\/\/mgvpublications.com\/de\/wp-json\/wp\/v2\/product"}],"about":[{"href":"https:\/\/mgvpublications.com\/de\/wp-json\/wp\/v2\/types\/product"}],"wp:featuredmedia":[{"embeddable":true,"href":"https:\/\/mgvpublications.com\/de\/wp-json\/wp\/v2\/media\/20765"}],"wp:attachment":[{"href":"https:\/\/mgvpublications.com\/de\/wp-json\/wp\/v2\/media?parent=20431"}],"wp:term":[{"taxonomy":"product_cat","embeddable":true,"href":"https:\/\/mgvpublications.com\/de\/wp-json\/wp\/v2\/product_cat?post=20431"},{"taxonomy":"product_tag","embeddable":true,"href":"https:\/\/mgvpublications.com\/de\/wp-json\/wp\/v2\/product_tag?post=20431"},{"taxonomy":"item","embeddable":true,"href":"https:\/\/mgvpublications.com\/de\/wp-json\/wp\/v2\/item?post=20431"}],"curies":[{"name":"wp","href":"https:\/\/api.w.org\/{rel}","templated":true}]}}