{"id":20429,"date":"2021-10-08T18:49:59","date_gmt":"2021-10-08T16:49:59","guid":{"rendered":"https:\/\/mgvpublications.com\/produkt\/buz-cetesi-3-kiraza-asilan-ayna\/"},"modified":"2022-03-08T22:55:24","modified_gmt":"2022-03-08T21:55:24","slug":"buz-cetesi-3-kiraza-asilan-ayna","status":"publish","type":"product","link":"https:\/\/mgvpublications.com\/de\/buz-cetesi-3-kiraza-asilan-ayna\/","title":{"rendered":"Buz \u00c7etesi 3 \/ Kiraza As\u0131lan Ayna"},"content":{"rendered":"<p>Yay\u0131n Tarihi: 23.01.2020<br \/>ISBN: 9786052297599<br \/>Dil: T\u00dcRK\u00c7E<br \/>Sayfa Say\u0131s\u0131: 120<br \/>Cilt Tipi: Karton Kapak<br \/>Ka\u011f\u0131t Cinsi: Kitap Ka\u011f\u0131d\u0131<br \/>Boyut: 13.5 x 21 cm<br \/>\u00c7izer: \u0130brahim \u00c7ift\u00e7i<br \/>Di\u011fer \u00d6zellik: 8  Ya\u015f<\/p>","protected":false},"excerpt":{"rendered":"<p>Ayna insan\u0131n i\u00e7ini de g\u00f6sterebilir, ama nas\u0131l? \u00c7ok sevdi\u011fin fil ve timsah size mi gelsin, evinde mi ya\u015fas\u0131n? Baz\u0131 kay\u0131plar belki de yeni kazan\u00e7lar\u0131n sebebidir, ne dersin? Bal\u0131klar\u0131n da \u00e7i\u00e7eklenme ve meyve verme zaman\u0131 vard\u0131r. Fayton \u00e7eken atla bisikletini durduramayan \u00e7ocuk belki de ayn\u0131 \u00e7aresizlik i\u00e7indedir. Peki, hat\u0131ralar nas\u0131l ye\u015fil kal\u0131r? Evcil hayvanlar sahiplerini soka\u011fa atarsa ne olur? Mustafa Bilgino\u011flubilgin\u2019den haberleri dinlemek ister misin? Buz \u00c7etesi; gezi, d\u00fc\u011f\u00fcn, piknik, sokak konseri\u2026derken tatili dolu dolu ya\u015f\u0131yor. Tatil sonunda Saz \u00c7etesi\u2019ne d\u00f6n\u00fc\u015f\u00fcyor ve Mustafa dedeye b\u00fcy\u00fck bir s\u00fcrpriz haz\u0131rl\u0131yor! \u015eimdi Kiraza As\u0131lan Ayna\u2019n\u0131n kar\u015f\u0131s\u0131na ge\u00e7me ve ku\u015flar\u0131 sevindirecek yeni eylemler haz\u0131rlama s\u0131ras\u0131 sende!<\/p>","protected":false},"featured_media":20760,"template":"","meta":{"spay_email":""},"product_cat":[172],"product_tag":[],"item":[1085],"acf":[],"_links":{"self":[{"href":"https:\/\/mgvpublications.com\/de\/wp-json\/wp\/v2\/product\/20429"}],"collection":[{"href":"https:\/\/mgvpublications.com\/de\/wp-json\/wp\/v2\/product"}],"about":[{"href":"https:\/\/mgvpublications.com\/de\/wp-json\/wp\/v2\/types\/product"}],"wp:featuredmedia":[{"embeddable":true,"href":"https:\/\/mgvpublications.com\/de\/wp-json\/wp\/v2\/media\/20760"}],"wp:attachment":[{"href":"https:\/\/mgvpublications.com\/de\/wp-json\/wp\/v2\/media?parent=20429"}],"wp:term":[{"taxonomy":"product_cat","embeddable":true,"href":"https:\/\/mgvpublications.com\/de\/wp-json\/wp\/v2\/product_cat?post=20429"},{"taxonomy":"product_tag","embeddable":true,"href":"https:\/\/mgvpublications.com\/de\/wp-json\/wp\/v2\/product_tag?post=20429"},{"taxonomy":"item","embeddable":true,"href":"https:\/\/mgvpublications.com\/de\/wp-json\/wp\/v2\/item?post=20429"}],"curies":[{"name":"wp","href":"https:\/\/api.w.org\/{rel}","templated":true}]}}