{"id":20427,"date":"2021-10-08T18:49:54","date_gmt":"2021-10-08T16:49:54","guid":{"rendered":"https:\/\/mgvpublications.com\/produkt\/buz-cetesi-2-vee-kapi-aciliyor\/"},"modified":"2022-03-08T22:55:24","modified_gmt":"2022-03-08T21:55:24","slug":"buz-cetesi-2-vee-kapi-aciliyor","status":"publish","type":"product","link":"https:\/\/mgvpublications.com\/de\/buz-cetesi-2-vee-kapi-aciliyor\/","title":{"rendered":"Buz \u00c7etesi 2 \/ Vee&#8230; Kap\u0131 a\u00e7\u0131l\u0131yor!"},"content":{"rendered":"<p>Yay\u0131n Tarihi: 07.11.2017<br \/>ISBN: 9786058217614<br \/>Dil: T\u00dcRK\u00c7E<br \/>Sayfa Say\u0131s\u0131: 128<br \/>Cilt Tipi: Karton Kapak<br \/>Ka\u011f\u0131t Cinsi: Kitap Ka\u011f\u0131d\u0131<br \/>Boyut: 14 x 21 cm<br \/>\u00c7izer: \u0130brahim \u00c7ift\u00e7i<\/p>","protected":false},"excerpt":{"rendered":"<p>Yerinde duramayan, macerac\u0131, \u00e7evreci ve iyiliksever Buz \u00c7etesi\u2019nin soka\u011f\u0131nda ilgin\u00e7 hik\u00e2yeler ya\u015fanmaya devam ediyor. Ahmet, Behi\u00e7, Ba\u015fak ve Hande\u2019yi hangi s\u0131ra d\u0131\u015f\u0131 olaylar bekliyor? Siz hi\u00e7 k\u00f6pekle dans eden bir ufakl\u0131k g\u00f6rd\u00fcn\u00fcz m\u00fc? Ya sak\u0131z \u00e7i\u011fneyen bir mart\u0131?.. \u00c7ocuk, yaz ya\u011fmurunda bo\u011fulma tehlikesini nas\u0131l atlatacak? Y\u00fcr\u00fcyen fileler de neyin nesi? Be\u015finci kattan da\u011flara yem serpebilir misiniz? Her \u015feyi b\u00fcy\u00fcteciyle inceleyen yeni kom\u015fu kim? Bir \u00e7ocuk ezberden hangi belgeselleri anlatabilir? Bir terli\u011fin gizemli kap\u0131y\u0131 a\u00e7abilece\u011fi akl\u0131n\u0131za gelir miydi? Mustafa dedenin evinde ve bah\u00e7esinde neler var? \u201cVeee\u2026Kap\u0131 A\u00e7\u0131l\u0131yor!\u201d E\u011flenceli, samimi ve merak dolu ser\u00fcvene devam etmek ve birka\u00e7 iyi ad\u0131m daha atmak i\u00e7in haydi, i\u00e7eri buyurun!<\/p>","protected":false},"featured_media":20759,"template":"","meta":{"spay_email":""},"product_cat":[172],"product_tag":[],"item":[1085],"acf":[],"_links":{"self":[{"href":"https:\/\/mgvpublications.com\/de\/wp-json\/wp\/v2\/product\/20427"}],"collection":[{"href":"https:\/\/mgvpublications.com\/de\/wp-json\/wp\/v2\/product"}],"about":[{"href":"https:\/\/mgvpublications.com\/de\/wp-json\/wp\/v2\/types\/product"}],"wp:featuredmedia":[{"embeddable":true,"href":"https:\/\/mgvpublications.com\/de\/wp-json\/wp\/v2\/media\/20759"}],"wp:attachment":[{"href":"https:\/\/mgvpublications.com\/de\/wp-json\/wp\/v2\/media?parent=20427"}],"wp:term":[{"taxonomy":"product_cat","embeddable":true,"href":"https:\/\/mgvpublications.com\/de\/wp-json\/wp\/v2\/product_cat?post=20427"},{"taxonomy":"product_tag","embeddable":true,"href":"https:\/\/mgvpublications.com\/de\/wp-json\/wp\/v2\/product_tag?post=20427"},{"taxonomy":"item","embeddable":true,"href":"https:\/\/mgvpublications.com\/de\/wp-json\/wp\/v2\/item?post=20427"}],"curies":[{"name":"wp","href":"https:\/\/api.w.org\/{rel}","templated":true}]}}