{"id":20425,"date":"2021-10-08T18:49:54","date_gmt":"2021-10-08T16:49:54","guid":{"rendered":"https:\/\/mgvpublications.com\/produkt\/asla-vazgecme-asla-emekli-bir-sat-komandosunun-olagandisi-hayat-hikayesi\/"},"modified":"2022-03-08T22:55:24","modified_gmt":"2022-03-08T21:55:24","slug":"asla-vazgecme-asla-emekli-bir-sat-komandosunun-olagandisi-hayat-hikayesi","status":"publish","type":"product","link":"https:\/\/mgvpublications.com\/de\/asla-vazgecme-asla-emekli-bir-sat-komandosunun-olagandisi-hayat-hikayesi\/","title":{"rendered":"Asla Vazge\u00e7me Asla Emekli Bir SAT Komandosunun Ola\u011fand\u0131\u015f\u0131 Hayat Hikayesi"},"content":{"rendered":"<p>Yay\u0131n Tarihi: 29.07.2020<br \/>ISBN: 9786052986387<br \/>Dil: T\u00dcRK\u00c7E<br \/>Sayfa Say\u0131s\u0131: 360<br \/>Cilt Tipi: Karton Kapak<br \/>Ka\u011f\u0131t Cinsi: Kitap Ka\u011f\u0131d\u0131<br \/>Boyut: 13.7 x 23 cm<\/p>","protected":false},"excerpt":{"rendered":"<p>Hapishanenin k\u00f6\u015fesinde yan\u0131p s\u00f6nen trafik lambas\u0131n\u0131n \u0131\u015f\u0131\u011f\u0131 h\u00fccresinin duvar\u0131na vurmaktad\u0131r, her gece&#8230; Bir denizci olan mahkum, g\u00fczel g\u00fcnlere giden yolu g\u00f6steren bir deniz feneri gibi bakar o \u0131\u015f\u0131\u011fa; ya\u015fad\u0131\u011f\u0131 f\u0131rt\u0131nal\u0131 d\u00f6nemlerde ayakta durmas\u0131n\u0131 ve ya\u015fad\u0131\u011f\u0131 t\u00fcm zorluklardan kurtulmas\u0131n\u0131 sa\u011flayan umuttur, h\u00fccresinin duvar\u0131nda her gece kendisine g\u00f6z k\u0131rpan. Yap\u0131lan aramada evinde bulunan, atmaya k\u0131yamad\u0131\u011f\u0131 eski bir davetiye delil olmu\u015ftur, \u00f6zg\u00fcrl\u00fc\u011f\u00fcn\u00fcn elinden al\u0131nmas\u0131na&#8230; Oysa, \u00fcst\u00fcnde ad\u0131 yaz\u0131l\u0131 olan o davetiye giden yolda, evlerinde \u00e7\u0131kan yang\u0131nd\u0131 kar\u015f\u0131la\u015ft\u0131\u011f\u0131 ilk b\u00fcy\u00fck f\u0131rt\u0131na&#8230;Astsubay olan babas\u0131 ailesinin ge\u00e7imine katk\u0131 sa\u011flamak ve \u00e7ocuklar\u0131n\u0131 daha iyi \u015fartlarda okutabilmek i\u00e7in, al\u00e7\u0131 biblolar boyamaya ba\u015flam\u0131\u015ft\u0131 evde&#8230; Ne var ki, soban\u0131n yan\u0131ndaki tiner kutusu devrilir bir gece&#8230; Babas\u0131 gibi denizci olmas\u0131na ne ya\u015fad\u0131\u011f\u0131 bu korkun\u00e7 olay engel olabilir, ne de astsubay haklar\u0131n\u0131 savunan babas\u0131n\u0131n hapse at\u0131lmas\u0131&#8230; O g\u00fcnlerde al\u00e7\u0131 biblolar\u0131n yerini diki\u015f makinesi al\u0131r; terzilik yapan annesinin el eme\u011fi, g\u00f6z nuruyla tutunurlar hayata&#8230; Berlin\u2019de g\u00f6rev yaparken, t\u00fcm konsolosluk \u00e7al\u0131\u015fanlar\u0131 gibi Atat\u00fcrk\u00e7\u00fc D\u00fc\u015f\u00fcnce Derne\u011fi\u2019nden bir davetiye gelir, Ali T\u00fcrk\u015fen\u2019e&#8230; Davetiye, 10 Kas\u0131m\u2019da Atat\u00fcrk i\u00e7in yap\u0131lacak anma t\u00f6renine kat\u0131lmas\u0131 y\u00f6n\u00fcndedir. Askeri ate\u015fe oldu\u011fu d\u00f6neme ait olan davetiyeyi atmaya k\u0131yamaz, biriktirdi\u011fi an\u0131lar hazinesinde saklar&#8230; Balyoz kumpas\u0131nda hapis yatmas\u0131na neden olan mahkemede, su\u00e7 delili olarak kar\u015f\u0131s\u0131na \u00e7\u0131kard\u0131klar\u0131 da i\u015fte o davetiyedir! Birbirinden g\u00fczel \u00f6yk\u00fcler bekliyor sizi bu kitapta; hayat\u0131m\u0131za \u00f6r\u00fclmek istenilen duvarlarda, gecenin karanl\u0131\u011f\u0131nda yan\u0131p s\u00f6nen umut \u0131\u015f\u0131\u011f\u0131n\u0131 g\u00f6rmemizi sa\u011flayan nice \u00f6yk\u00fc&#8230; Ali T\u00fcrk\u015fen, hapishaneden \u00e7\u0131kar \u00e7\u0131kmaz k\u00f6\u015fedeki trafik lambas\u0131na gider ve dire\u011fine s\u0131k\u0131ca sar\u0131l\u0131r. O \u0131\u015f\u0131k, elinizdeki bu kitab\u0131n her sayfas\u0131nda&#8230; Sunay Ak\u0131n<\/p>","protected":false},"featured_media":20757,"template":"","meta":{"spay_email":""},"product_cat":[168],"product_tag":[],"item":[697],"acf":[],"_links":{"self":[{"href":"https:\/\/mgvpublications.com\/de\/wp-json\/wp\/v2\/product\/20425"}],"collection":[{"href":"https:\/\/mgvpublications.com\/de\/wp-json\/wp\/v2\/product"}],"about":[{"href":"https:\/\/mgvpublications.com\/de\/wp-json\/wp\/v2\/types\/product"}],"wp:featuredmedia":[{"embeddable":true,"href":"https:\/\/mgvpublications.com\/de\/wp-json\/wp\/v2\/media\/20757"}],"wp:attachment":[{"href":"https:\/\/mgvpublications.com\/de\/wp-json\/wp\/v2\/media?parent=20425"}],"wp:term":[{"taxonomy":"product_cat","embeddable":true,"href":"https:\/\/mgvpublications.com\/de\/wp-json\/wp\/v2\/product_cat?post=20425"},{"taxonomy":"product_tag","embeddable":true,"href":"https:\/\/mgvpublications.com\/de\/wp-json\/wp\/v2\/product_tag?post=20425"},{"taxonomy":"item","embeddable":true,"href":"https:\/\/mgvpublications.com\/de\/wp-json\/wp\/v2\/item?post=20425"}],"curies":[{"name":"wp","href":"https:\/\/api.w.org\/{rel}","templated":true}]}}