{"id":20423,"date":"2021-10-08T18:49:53","date_gmt":"2021-10-08T16:49:53","guid":{"rendered":"https:\/\/mgvpublications.com\/produkt\/mahrem-gizli-belgelerle-turkiyenin-sirlari\/"},"modified":"2022-03-08T22:55:24","modified_gmt":"2022-03-08T21:55:24","slug":"mahrem-gizli-belgelerle-turkiyenin-sirlari","status":"publish","type":"product","link":"https:\/\/mgvpublications.com\/de\/mahrem-gizli-belgelerle-turkiyenin-sirlari\/","title":{"rendered":"Mahrem Gizli Belgelerle T\u00fcrkiye&#8217;nin S\u0131rlar\u0131"},"content":{"rendered":"<p>Yay\u0131n Tarihi: 04.09.2019<br \/>ISBN: 9786059908740<br \/>Dil: T\u00dcRK\u00c7E<br \/>Sayfa Say\u0131s\u0131: 460<br \/>Cilt Tipi: Karton Kapak<br \/>Ka\u011f\u0131t Cinsi: Kitap Ka\u011f\u0131d\u0131<br \/>Boyut: 14 x 23 cm<\/p>","protected":false},"excerpt":{"rendered":"<p>&#8211; AKP-Cemaat ortakl\u0131\u011f\u0131, bir k\u0131z \u00e7ocu\u011funa tecav\u00fcz dosyas\u0131n\u0131 neden ve nas\u0131l kapatt\u0131? &#8211; Fethullah G\u00fclen\u2019in Pensilvanya\u2019daki evini kimler, neden bast\u0131? &#8211; Emniyet \u0130stihbarat, ABD B\u00fcy\u00fckel\u00e7ili\u011fi\u2019ne Erdo\u011fan\u2019a dair ne s\u00f6yledi? &#8211; Cemaat\u2019in \u0130mam\u0131, hakk\u0131ndaki iddialar\u0131 ilk kez nas\u0131l yan\u0131tlad\u0131? &#8211; Hangi AKP milletvekillerinin \u00f6zel hayatlar\u0131 Washington\u2019a not edildi? &#8211; Erdo\u011fan\u2019a, hangi AKP\u2019lilerin \u201ccinsel kabahatleri\u201dne kar\u015f\u0131 harekete ge\u00e7mesi i\u00e7in bask\u0131 uyguland\u0131? &#8211; Emine Erdo\u011fan\u2019\u0131n Mustafa Sar\u0131g\u00fcl\u2019e vefas\u0131n\u0131n alt\u0131nda ne vard\u0131? &#8211; Hangi Zaman gazetesi yazar\u0131, kar\u0131s\u0131n\u0131 ABD Ba\u015fkonsolosu\u2019na \u015fik\u00e2yet etti? &#8211; ABD hangi konuda Hakan Fidan\u2019\u0131 esefle kar\u015f\u0131lad\u0131\u011f\u0131n\u0131 s\u00f6yledi? &#8211; G\u00fclenciler TSK\u2019daki havuz partilerinde neden bikini giyiyor? &#8211; M\u0130T\u2019in istihbarat\u00e7\u0131 adaylar\u0131na okuttu\u011fu ders kitab\u0131nda neler yaz\u0131yor? &#8211; Hangi \u00fcnl\u00fc gazetecilerin ge\u00e7mi\u015fi isim isim fi\u015flendi? &#8211; \u2018\u00c7ok e\u015flili\u011fi\u2019 M\u0130T belgesine konu olan muhalif parti lideri kim? &#8211; Hangi \u00fcnl\u00fc i\u015fadam\u0131 ABD\u2019li diplomata kendisini \u201cBen Amerika\u2019n\u0131n avukat\u0131y\u0131m\u201d diye tan\u0131tt\u0131? Bu sorular ve daha fazlas\u0131\u2026 \u0130sim isim, olay olay\u2026 \u0130lk kez okuyaca\u011f\u0131n\u0131z gizli belgeler \u0131\u015f\u0131\u011f\u0131nda T\u00fcrkiye\u2019nin s\u0131rlar\u0131 ortaya \u00e7\u0131k\u0131yor.<\/p>","protected":false},"featured_media":20756,"template":"","meta":{"spay_email":""},"product_cat":[173],"product_tag":[],"item":[697],"acf":[],"_links":{"self":[{"href":"https:\/\/mgvpublications.com\/de\/wp-json\/wp\/v2\/product\/20423"}],"collection":[{"href":"https:\/\/mgvpublications.com\/de\/wp-json\/wp\/v2\/product"}],"about":[{"href":"https:\/\/mgvpublications.com\/de\/wp-json\/wp\/v2\/types\/product"}],"wp:featuredmedia":[{"embeddable":true,"href":"https:\/\/mgvpublications.com\/de\/wp-json\/wp\/v2\/media\/20756"}],"wp:attachment":[{"href":"https:\/\/mgvpublications.com\/de\/wp-json\/wp\/v2\/media?parent=20423"}],"wp:term":[{"taxonomy":"product_cat","embeddable":true,"href":"https:\/\/mgvpublications.com\/de\/wp-json\/wp\/v2\/product_cat?post=20423"},{"taxonomy":"product_tag","embeddable":true,"href":"https:\/\/mgvpublications.com\/de\/wp-json\/wp\/v2\/product_tag?post=20423"},{"taxonomy":"item","embeddable":true,"href":"https:\/\/mgvpublications.com\/de\/wp-json\/wp\/v2\/item?post=20423"}],"curies":[{"name":"wp","href":"https:\/\/api.w.org\/{rel}","templated":true}]}}