{"id":20419,"date":"2021-10-08T18:49:52","date_gmt":"2021-10-08T16:49:52","guid":{"rendered":"https:\/\/mgvpublications.com\/produkt\/insanciklar-2\/"},"modified":"2022-03-08T22:55:23","modified_gmt":"2022-03-08T21:55:23","slug":"insanciklar-2","status":"publish","type":"product","link":"https:\/\/mgvpublications.com\/de\/insanciklar-2\/","title":{"rendered":"\u0130nsanc\u0131klar"},"content":{"rendered":"<p>\u00c7evirmen: Simge Delikanl\u0131<br \/>Yay\u0131n Tarihi: 20.02.2019<br \/>ISBN: 9786057889508<br \/>Dil: T\u00dcRK\u00c7E<br \/>Sayfa Say\u0131s\u0131: 176<br \/>Cilt Tipi: Karton Kapak<br \/>Ka\u011f\u0131t Cinsi: Kitap Ka\u011f\u0131d\u0131<br \/>Boyut: 13.5 x 19.5 cm<\/p>","protected":false},"excerpt":{"rendered":"<p>Dostoyevski\u2019nin hen\u00fcz yirmi d\u00f6rt ya\u015f\u0131nda kaleme ald\u0131\u011f\u0131 kitap, Rus edebiyat\u0131n\u0131n ilk toplumsal roman\u0131. S\u0131n\u0131f \u00e7at\u0131\u015fmas\u0131, edebiyat sevgisi, hayata tutunma \u00e7abas\u0131n\u0131n iki dostun mektuplar\u0131yla anlat\u0131ld\u0131\u011f\u0131 kitap b\u00fcy\u00fck yazar\u0131n okuyucuya merhabas\u0131: \u201cAyn\u0131 eski, bildik e\u015fyalara bak\u0131nd\u0131m durdum. Ayn\u0131 gri, kasvetli e\u015fyalara&#8230; Eskisinden farkl\u0131 g\u00f6r\u00fcnm\u00fcyorlard\u0131. Peki o m\u00fcrekkep lekeleri, masa, ayn\u0131 sandalyeler. Zaten \u00f6nceden g\u00f6rd\u00fcklerim miydi ger\u00e7ekten? Evet, ayn\u0131lard\u0131, tamamen ayn\u0131lard\u0131 hem de. Peki, o zaman ben neden durduk yere yeniden do\u011fmu\u015f gibi davranm\u0131\u015ft\u0131m ki? O ruh h\u00e2linin sebebi neydi? Benim i\u00e7in birden g\u00fcne\u015f do\u011fmu\u015f, g\u00f6ky\u00fcz\u00fcn\u00fc maviye \u00e7evirmi\u015fti de o y\u00fczden. Neden \u00f6yle olmu\u015ftu? Neden bazen, ger\u00e7ek olmasa da, tatl\u0131 kokular bah\u00e7eye dolmu\u015f gibi oluyor? Benim aptalca hayal g\u00fcc\u00fcm\u00fcn \u00fcr\u00fcn\u00fc olsa gerek hepsi. Bazen insan duygusall\u0131\u011fa s\u00fcr\u00fcklenip hayat\u0131m\u0131n neye benzedi\u011fini unutuyor. Hatta heyecan\u0131ndan gereksiz heveslere kap\u0131l\u0131p kendini kand\u0131r\u0131yor i\u015fte.\u201d<\/p>","protected":false},"featured_media":20753,"template":"","meta":{"spay_email":""},"product_cat":[168],"product_tag":[],"item":[822],"acf":[],"_links":{"self":[{"href":"https:\/\/mgvpublications.com\/de\/wp-json\/wp\/v2\/product\/20419"}],"collection":[{"href":"https:\/\/mgvpublications.com\/de\/wp-json\/wp\/v2\/product"}],"about":[{"href":"https:\/\/mgvpublications.com\/de\/wp-json\/wp\/v2\/types\/product"}],"wp:featuredmedia":[{"embeddable":true,"href":"https:\/\/mgvpublications.com\/de\/wp-json\/wp\/v2\/media\/20753"}],"wp:attachment":[{"href":"https:\/\/mgvpublications.com\/de\/wp-json\/wp\/v2\/media?parent=20419"}],"wp:term":[{"taxonomy":"product_cat","embeddable":true,"href":"https:\/\/mgvpublications.com\/de\/wp-json\/wp\/v2\/product_cat?post=20419"},{"taxonomy":"product_tag","embeddable":true,"href":"https:\/\/mgvpublications.com\/de\/wp-json\/wp\/v2\/product_tag?post=20419"},{"taxonomy":"item","embeddable":true,"href":"https:\/\/mgvpublications.com\/de\/wp-json\/wp\/v2\/item?post=20419"}],"curies":[{"name":"wp","href":"https:\/\/api.w.org\/{rel}","templated":true}]}}