{"id":20417,"date":"2021-10-08T18:49:52","date_gmt":"2021-10-08T16:49:52","guid":{"rendered":"https:\/\/mgvpublications.com\/produkt\/itiraflarim\/"},"modified":"2022-03-08T22:55:23","modified_gmt":"2022-03-08T21:55:23","slug":"itiraflarim","status":"publish","type":"product","link":"https:\/\/mgvpublications.com\/de\/itiraflarim\/","title":{"rendered":"\u0130tiraflar\u0131m"},"content":{"rendered":"<p>\u00c7evirmen: \u0130pek S\u00f6ylemez<br \/>Yay\u0131n Tarihi: 26.01.2017<br \/>ISBN: 9786059489133<br \/>Dil: T\u00dcRK\u00c7E<br \/>Sayfa Say\u0131s\u0131: 84<br \/>Cilt Tipi: Karton Kapak<br \/>Ka\u011f\u0131t Cinsi: Kitap Ka\u011f\u0131d\u0131<br \/>Boyut: 13.5 x 19.5 cm<\/p>","protected":false},"excerpt":{"rendered":"<p>A\u015fa\u011f\u0131ya bakmak korkutucu.E\u011fer a\u015fa\u011f\u0131ya bakarsam tutundu\u011fum son \u015ferit de elimden ka\u00e7acak ve yok olacakm\u0131\u015f\u0131m gibi hissediyorum. Bakm\u0131yorum, fakat bakmamak daha da k\u00f6t\u00fc \u00e7\u00fcnk\u00fc \u015fimdi de son \u015ferit koptu\u011funda ba\u015f\u0131ma gelecek olanlar\u0131 d\u00fc\u015f\u00fcn\u00fcyorum. M\u00fcthi\u015f bir deh\u015fetle g\u00fcc\u00fcm\u00fcn son damlas\u0131n\u0131 da t\u00fcketti\u011fimi hissediyorum, s\u0131rt\u0131m bo\u015flu\u011fa gittik\u00e7e daha da \u00e7\u00f6k\u00fcyor. Bir saniye sonra d\u00fc\u015fece\u011fim. Aniden akl\u0131ma bir fikir geliyor: Bu ger\u00e7ek olamaz. Bu yaln\u0131zca bir r\u00fcya.<\/p>","protected":false},"featured_media":20752,"template":"","meta":{"spay_email":""},"product_cat":[168],"product_tag":[],"item":[822],"acf":[],"_links":{"self":[{"href":"https:\/\/mgvpublications.com\/de\/wp-json\/wp\/v2\/product\/20417"}],"collection":[{"href":"https:\/\/mgvpublications.com\/de\/wp-json\/wp\/v2\/product"}],"about":[{"href":"https:\/\/mgvpublications.com\/de\/wp-json\/wp\/v2\/types\/product"}],"wp:featuredmedia":[{"embeddable":true,"href":"https:\/\/mgvpublications.com\/de\/wp-json\/wp\/v2\/media\/20752"}],"wp:attachment":[{"href":"https:\/\/mgvpublications.com\/de\/wp-json\/wp\/v2\/media?parent=20417"}],"wp:term":[{"taxonomy":"product_cat","embeddable":true,"href":"https:\/\/mgvpublications.com\/de\/wp-json\/wp\/v2\/product_cat?post=20417"},{"taxonomy":"product_tag","embeddable":true,"href":"https:\/\/mgvpublications.com\/de\/wp-json\/wp\/v2\/product_tag?post=20417"},{"taxonomy":"item","embeddable":true,"href":"https:\/\/mgvpublications.com\/de\/wp-json\/wp\/v2\/item?post=20417"}],"curies":[{"name":"wp","href":"https:\/\/api.w.org\/{rel}","templated":true}]}}