{"id":20413,"date":"2021-10-08T18:49:51","date_gmt":"2021-10-08T16:49:51","guid":{"rendered":"https:\/\/mgvpublications.com\/produkt\/beyaz-zambaklar-ulkesinde-ataturk-un-askerlere-tavsiye-ettigi-kitap\/"},"modified":"2022-03-08T22:55:23","modified_gmt":"2022-03-08T21:55:23","slug":"beyaz-zambaklar-ulkesinde-ataturk-un-askerlere-tavsiye-ettigi-kitap","status":"publish","type":"product","link":"https:\/\/mgvpublications.com\/de\/beyaz-zambaklar-ulkesinde-ataturk-un-askerlere-tavsiye-ettigi-kitap\/","title":{"rendered":"Beyaz Zambaklar \u00dclkesinde (Atat\u00fcrk &#8216;\u00fcn askerlere tavsiye etti\u011fi kitap)"},"content":{"rendered":"<p>\u00c7evirmen: Giray \u00d6zay<br \/>Yay\u0131n Tarihi: 27.07.2017<br \/>ISBN: 9786059489935<br \/>Dil: T\u00dcRK\u00c7E<br \/>Sayfa Say\u0131s\u0131: 100<br \/>Cilt Tipi: Karton Kapak<br \/>Ka\u011f\u0131t Cinsi: Kitap Ka\u011f\u0131d\u0131<br \/>Boyut: 13.5 x 19.5 cm<\/p>","protected":false},"excerpt":{"rendered":"<p>Me\u015fhur bir atas\u00f6z\u00fc der ki: \u201cYeni toplumlar, kendileriyle birlikte yeni \u015fark\u0131lar \u00fcretirler.\u201d Zaman ge\u00e7ip gittik\u00e7e nesiller de\u011fi\u015fiyor ve yenileniyor. Her nesil geli\u015firken kendisiyle birlikte yeni kavramlar, yeni s\u00f6ylemler, yeni ihtiya\u00e7lar ve talepler de getiriyor. Art\u0131k yeni nesillere eskimi\u015f ve zaman a\u015f\u0131m\u0131na u\u011fram\u0131\u015f y\u00f6netim bi\u00e7imleri ve yasalar zorla uygulanamaz.<\/p>","protected":false},"featured_media":20750,"template":"","meta":{"spay_email":""},"product_cat":[168],"product_tag":[],"item":[822],"acf":[],"_links":{"self":[{"href":"https:\/\/mgvpublications.com\/de\/wp-json\/wp\/v2\/product\/20413"}],"collection":[{"href":"https:\/\/mgvpublications.com\/de\/wp-json\/wp\/v2\/product"}],"about":[{"href":"https:\/\/mgvpublications.com\/de\/wp-json\/wp\/v2\/types\/product"}],"wp:featuredmedia":[{"embeddable":true,"href":"https:\/\/mgvpublications.com\/de\/wp-json\/wp\/v2\/media\/20750"}],"wp:attachment":[{"href":"https:\/\/mgvpublications.com\/de\/wp-json\/wp\/v2\/media?parent=20413"}],"wp:term":[{"taxonomy":"product_cat","embeddable":true,"href":"https:\/\/mgvpublications.com\/de\/wp-json\/wp\/v2\/product_cat?post=20413"},{"taxonomy":"product_tag","embeddable":true,"href":"https:\/\/mgvpublications.com\/de\/wp-json\/wp\/v2\/product_tag?post=20413"},{"taxonomy":"item","embeddable":true,"href":"https:\/\/mgvpublications.com\/de\/wp-json\/wp\/v2\/item?post=20413"}],"curies":[{"name":"wp","href":"https:\/\/api.w.org\/{rel}","templated":true}]}}