{"id":20409,"date":"2021-10-08T18:49:50","date_gmt":"2021-10-08T16:49:50","guid":{"rendered":"https:\/\/mgvpublications.com\/produkt\/irade-terbiyesi-3\/"},"modified":"2025-11-09T21:52:53","modified_gmt":"2025-11-09T20:52:53","slug":"irade-terbiyesi-3","status":"publish","type":"product","link":"https:\/\/mgvpublications.com\/de\/irade-terbiyesi-3\/","title":{"rendered":"\u0130rade Terbiyesi"},"content":{"rendered":"<p>\u00c7evirmen: Oya I\u015f\u0131k<br \/>Yay\u0131n Tarihi: 14.05.2020<br \/>Orijinal Ad\u0131: L&#8217;\u00c9ducation de la Volont\u00e9<br \/>ISBN: 9786257109260<br \/>Dil: T\u00dcRK\u00c7E<br \/>Sayfa Say\u0131s\u0131: 230<br \/>Cilt Tipi: Karton Kapak<br \/>Ka\u011f\u0131t Cinsi: Kitap Ka\u011f\u0131d\u0131<br \/>Boyut: 13.5 x 19.5 cm<br \/>Editor: Esra Damla \u0130pek\u00e7i<\/p>","protected":false},"excerpt":{"rendered":"<p>E\u011fitimci Jules Payot, \u0130rade Terbiyesi\u2019nde, tembellikten ar\u0131nd\u0131r\u0131lm\u0131\u015f sa\u011flam bir zihni nas\u0131l yaratabilece\u011fimizi anlat\u0131yor. \u00c7abalamay\u0131 asla b\u0131rakmamam\u0131z\u0131, arzu etti\u011fimiz hayata ula\u015fabilmemiz i\u00e7in zaruri bir terbiyeye ihtiyac\u0131 olan irademizi s\u00fcrekli s\u0131navdan ge\u00e7irmemizi \u00f6\u011f\u00fctl\u00fcyor. \u00d6zellikle gen\u00e7lere ve zihin i\u015f\u00e7ilerine seslenen Payot, safsatalardan, tembel arkada\u015flardan, dikkatimizi da\u011f\u0131tacak ve azmimizi azaltacak durumlardan nas\u0131l ka\u00e7\u0131n\u0131labilece\u011fini a\u00e7\u0131kl\u0131yor. \u201cDisiplin i\u00e7inde \u00e7al\u0131\u015fmay\u0131 bu kitaptan \u00f6\u011frendim.\u201d \u2013 Cemil Meri\u00e7 \u201cKendi kendime, ah bu kitap on sekiz yirmi ya\u015flar\u0131mdayken elime ge\u00e7meliydi diyor ve gecikti\u011fim i\u00e7in \u00fcz\u00fcl\u00fcyordum.\u201d \u2013 Ord. Prof. Dr. Ali Fuat Ba\u015fgil<\/p>","protected":false},"featured_media":20747,"template":"","meta":{"spay_email":""},"product_cat":[167],"product_tag":[],"item":[822],"acf":[],"_links":{"self":[{"href":"https:\/\/mgvpublications.com\/de\/wp-json\/wp\/v2\/product\/20409"}],"collection":[{"href":"https:\/\/mgvpublications.com\/de\/wp-json\/wp\/v2\/product"}],"about":[{"href":"https:\/\/mgvpublications.com\/de\/wp-json\/wp\/v2\/types\/product"}],"wp:featuredmedia":[{"embeddable":true,"href":"https:\/\/mgvpublications.com\/de\/wp-json\/wp\/v2\/media\/20747"}],"wp:attachment":[{"href":"https:\/\/mgvpublications.com\/de\/wp-json\/wp\/v2\/media?parent=20409"}],"wp:term":[{"taxonomy":"product_cat","embeddable":true,"href":"https:\/\/mgvpublications.com\/de\/wp-json\/wp\/v2\/product_cat?post=20409"},{"taxonomy":"product_tag","embeddable":true,"href":"https:\/\/mgvpublications.com\/de\/wp-json\/wp\/v2\/product_tag?post=20409"},{"taxonomy":"item","embeddable":true,"href":"https:\/\/mgvpublications.com\/de\/wp-json\/wp\/v2\/item?post=20409"}],"curies":[{"name":"wp","href":"https:\/\/api.w.org\/{rel}","templated":true}]}}