{"id":20406,"date":"2021-10-08T18:43:25","date_gmt":"2021-10-08T16:43:25","guid":{"rendered":"https:\/\/mgvpublications.com\/produkt\/sabretmeyi-ogreniyoruz-hadisleri-ogreniyorum\/"},"modified":"2022-03-08T22:55:21","modified_gmt":"2022-03-08T21:55:21","slug":"sabretmeyi-ogreniyoruz-hadisleri-ogreniyorum","status":"publish","type":"product","link":"https:\/\/mgvpublications.com\/de\/sabretmeyi-ogreniyoruz-hadisleri-ogreniyorum\/","title":{"rendered":"Sabretmeyi \u00d6\u011freniyoruz \/ Hadisleri \u00d6\u011freniyorum"},"content":{"rendered":"<p>Yay\u0131n Tarihi: 09.04.2019<br \/>ISBN: 9786050800999<br \/>Dil: T\u00dcRK\u00c7E<br \/>Sayfa Say\u0131s\u0131: 32<br \/>Cilt Tipi: Karton Kapak<br \/>Ka\u011f\u0131t Cinsi: Ku\u015fe Ka\u011f\u0131t<br \/>Boyut: 20 x 26 cm<br \/>Di\u011fer \u00d6zellik: 5-8 Ya\u015f<\/p>","protected":false},"excerpt":{"rendered":"<p>\u201cHer \u015feyi yaratan Allah (cc), her \u015feyi bilir. Peygamberimizi(sav) de Allah se\u00e7mi\u015ftir. O en g\u00fczel ahlak\u0131 ya\u015fad\u0131. Bizlere d\u00fcnyay\u0131 Cennet eden dinimizi \u00f6\u011fretti. \u2018Hadisleri \u00d6\u011freniyorum\u2019 dizisindeki kitaplar da onun s\u00f6zlerini, hayat\u0131n\u0131, davran\u0131\u015flar\u0131n\u0131 \u00e7ocuklar\u0131m\u0131za anlat\u0131yor. Ne g\u00fczel!\u201d Hekimo\u011flu \u0130smail Dizideki kitaplarda, \u00e7ocuklar\u0131n ezberleyebilece\u011fi uzunlukta ve anlayabilece\u011fi konularda hadisler i\u015fleniyor. Hadislerde \u00f6\u011f\u00fctlenen davran\u0131\u015flar, ak\u0131c\u0131 bir \u00fcslupla hik\u00e2yele\u015ftiriliyor. Bu hik\u00e2yeleri, 5-6 ya\u015flar\u0131ndaki \u00e7ocuklar b\u00fcy\u00fcklerinden dinleyebilir ve 7-8 ya\u015flar\u0131ndaki \u00e7ocuklar kendileri rahatl\u0131kla okuyabilirler.<\/p>","protected":false},"featured_media":20744,"template":"","meta":{"spay_email":""},"product_cat":[172],"product_tag":[],"item":[360],"acf":[],"_links":{"self":[{"href":"https:\/\/mgvpublications.com\/de\/wp-json\/wp\/v2\/product\/20406"}],"collection":[{"href":"https:\/\/mgvpublications.com\/de\/wp-json\/wp\/v2\/product"}],"about":[{"href":"https:\/\/mgvpublications.com\/de\/wp-json\/wp\/v2\/types\/product"}],"wp:featuredmedia":[{"embeddable":true,"href":"https:\/\/mgvpublications.com\/de\/wp-json\/wp\/v2\/media\/20744"}],"wp:attachment":[{"href":"https:\/\/mgvpublications.com\/de\/wp-json\/wp\/v2\/media?parent=20406"}],"wp:term":[{"taxonomy":"product_cat","embeddable":true,"href":"https:\/\/mgvpublications.com\/de\/wp-json\/wp\/v2\/product_cat?post=20406"},{"taxonomy":"product_tag","embeddable":true,"href":"https:\/\/mgvpublications.com\/de\/wp-json\/wp\/v2\/product_tag?post=20406"},{"taxonomy":"item","embeddable":true,"href":"https:\/\/mgvpublications.com\/de\/wp-json\/wp\/v2\/item?post=20406"}],"curies":[{"name":"wp","href":"https:\/\/api.w.org\/{rel}","templated":true}]}}