{"id":20404,"date":"2021-10-08T18:43:25","date_gmt":"2021-10-08T16:43:25","guid":{"rendered":"https:\/\/mgvpublications.com\/produkt\/kirilan-kalpler-nereye-gider\/"},"modified":"2022-03-08T22:55:21","modified_gmt":"2022-03-08T21:55:21","slug":"kirilan-kalpler-nereye-gider","status":"publish","type":"product","link":"https:\/\/mgvpublications.com\/de\/kirilan-kalpler-nereye-gider\/","title":{"rendered":"K\u0131r\u0131lan Kalpler Nereye Gider?"},"content":{"rendered":"<p>Yay\u0131n Tarihi: 05.07.2019<br \/>ISBN: 9786050827026<br \/>Dil: T\u00dcRK\u00c7E<br \/>Sayfa Say\u0131s\u0131: 36<br \/>Cilt Tipi: Karton Kapak<br \/>Ka\u011f\u0131t Cinsi: Kitap Ka\u011f\u0131d\u0131<br \/>Boyut: 26 x 26 cm<br \/>Di\u011fer \u00d6zellik: 4 Ya\u015f <\/p>","protected":false},"excerpt":{"rendered":"<p>Ne\u015fe \u00e7ok soru soran, sorular\u0131n\u0131n cevab\u0131n\u0131 almadan asla pe\u015fini b\u0131rakmayan merakl\u0131 bir \u00e7ocuk&#8230; Ne\u015fe\u2019nin kimsenin akl\u0131na gelmeyen birbirinden ilgin\u00e7 sorular\u0131 var. &#8220;Y\u0131ld\u0131zlar g\u00fcnd\u00fczleri uyudu\u011fu i\u00e7in mi g\u00f6r\u00fcnmezler? Turuncu sa\u00e7l\u0131 insanlar \u00e7ok fazla havu\u00e7 yedi\u011fi i\u00e7in mi sa\u00e7lar\u0131 turuncu? Yeme\u011fimizi yemedi\u011fimiz zaman neden yemekler arkam\u0131zdan a\u011flar?\u201d Vee Ne\u015fe bir g\u00fcn en zor sorusunu sorar&#8230; &#8220;KIRILAN KALPLER NEREYE G\u0130DER?&#8221;<\/p>","protected":false},"featured_media":20742,"template":"","meta":{"spay_email":""},"product_cat":[172],"product_tag":[],"item":[360],"acf":[],"_links":{"self":[{"href":"https:\/\/mgvpublications.com\/de\/wp-json\/wp\/v2\/product\/20404"}],"collection":[{"href":"https:\/\/mgvpublications.com\/de\/wp-json\/wp\/v2\/product"}],"about":[{"href":"https:\/\/mgvpublications.com\/de\/wp-json\/wp\/v2\/types\/product"}],"wp:featuredmedia":[{"embeddable":true,"href":"https:\/\/mgvpublications.com\/de\/wp-json\/wp\/v2\/media\/20742"}],"wp:attachment":[{"href":"https:\/\/mgvpublications.com\/de\/wp-json\/wp\/v2\/media?parent=20404"}],"wp:term":[{"taxonomy":"product_cat","embeddable":true,"href":"https:\/\/mgvpublications.com\/de\/wp-json\/wp\/v2\/product_cat?post=20404"},{"taxonomy":"product_tag","embeddable":true,"href":"https:\/\/mgvpublications.com\/de\/wp-json\/wp\/v2\/product_tag?post=20404"},{"taxonomy":"item","embeddable":true,"href":"https:\/\/mgvpublications.com\/de\/wp-json\/wp\/v2\/item?post=20404"}],"curies":[{"name":"wp","href":"https:\/\/api.w.org\/{rel}","templated":true}]}}