{"id":20402,"date":"2021-10-08T18:43:24","date_gmt":"2021-10-08T16:43:24","guid":{"rendered":"https:\/\/mgvpublications.com\/produkt\/kanatlarim-var-benim\/"},"modified":"2022-03-08T22:55:21","modified_gmt":"2022-03-08T21:55:21","slug":"kanatlarim-var-benim","status":"publish","type":"product","link":"https:\/\/mgvpublications.com\/de\/kanatlarim-var-benim\/","title":{"rendered":"Kanatlar\u0131m Var Benim"},"content":{"rendered":"<p>Yay\u0131n Tarihi: 28.04.2021<br \/>ISBN: 9786050838602<br \/>Dil: T\u00dcRK\u00c7E<br \/>Sayfa Say\u0131s\u0131: 36<br \/>Cilt Tipi: Karton Kapak<br \/>Ka\u011f\u0131t Cinsi: Kitap Ka\u011f\u0131d\u0131<br \/>Boyut: 26 x 26 cm<br \/>\u00c7izer: \u00d6yk\u00fc Akarca<\/p>","protected":false},"excerpt":{"rendered":"<p>&#8211; E\u011fer istersen sana d\u00fcnyay\u0131 g\u00f6sterebilirim. S\u0131rt\u0131ma binmen yeterli, demi\u015f ku\u015f. &#8211; Ya istemiyorsam, demi\u015f elma kurdu. &#8211; Hi\u00e7bir zaman ne ka\u00e7\u0131rd\u0131\u011f\u0131n\u0131 bilemeyeceksin, demi\u015f ku\u015f. &#8211; Benim elmam\u0131m i\u00e7i rahat ve g\u00fcvenli! Sen de kendine bir elma bulmal\u0131, rahat ve g\u00fcvende kalmal\u0131s\u0131n, demi\u015f elma kurdu. D\u00fcnyay\u0131 ke\u015ffetmek isteyen bir ku\u015fla elmas\u0131n\u0131 bir t\u00fcrl\u00fc b\u0131rakmak istemeyen elma kurdunun hik\u00e2yesi&#8230; KANATLARIM VAR BEN\u0130M&#8217;le \u00e7ocuklar, duvar\u0131n arkas\u0131nda sonsuz bir yolculu\u011fa \u00e7\u0131kacaklar.<\/p>","protected":false},"featured_media":20741,"template":"","meta":{"spay_email":""},"product_cat":[172],"product_tag":[],"item":[360],"acf":[],"_links":{"self":[{"href":"https:\/\/mgvpublications.com\/de\/wp-json\/wp\/v2\/product\/20402"}],"collection":[{"href":"https:\/\/mgvpublications.com\/de\/wp-json\/wp\/v2\/product"}],"about":[{"href":"https:\/\/mgvpublications.com\/de\/wp-json\/wp\/v2\/types\/product"}],"wp:featuredmedia":[{"embeddable":true,"href":"https:\/\/mgvpublications.com\/de\/wp-json\/wp\/v2\/media\/20741"}],"wp:attachment":[{"href":"https:\/\/mgvpublications.com\/de\/wp-json\/wp\/v2\/media?parent=20402"}],"wp:term":[{"taxonomy":"product_cat","embeddable":true,"href":"https:\/\/mgvpublications.com\/de\/wp-json\/wp\/v2\/product_cat?post=20402"},{"taxonomy":"product_tag","embeddable":true,"href":"https:\/\/mgvpublications.com\/de\/wp-json\/wp\/v2\/product_tag?post=20402"},{"taxonomy":"item","embeddable":true,"href":"https:\/\/mgvpublications.com\/de\/wp-json\/wp\/v2\/item?post=20402"}],"curies":[{"name":"wp","href":"https:\/\/api.w.org\/{rel}","templated":true}]}}