{"id":20398,"date":"2021-10-08T18:43:23","date_gmt":"2021-10-08T16:43:23","guid":{"rendered":"https:\/\/mgvpublications.com\/produkt\/bazen-olur-boyle-biraz-kiskandim-sanki\/"},"modified":"2022-06-18T16:52:14","modified_gmt":"2022-06-18T14:52:14","slug":"bazen-olur-boyle-biraz-kiskandim-sanki","status":"publish","type":"product","link":"https:\/\/mgvpublications.com\/de\/bazen-olur-boyle-biraz-kiskandim-sanki\/","title":{"rendered":"Bazen Olur B\u00f6yle \/ Biraz K\u0131skand\u0131m Sanki"},"content":{"rendered":"<p>Yay\u0131n Tarihi: 10.02.2021<br \/>ISBN: 9786057018410<br \/>Dil: T\u00dcRK\u00c7E<br \/>Sayfa Say\u0131s\u0131: 24<br \/>Cilt Tipi: Karton Kapak<br \/>Ka\u011f\u0131t Cinsi: 1. Hm. Ka\u011f\u0131t<br \/>Boyut: 24 x 22 cm<br \/>\u00c7izer: Burcu G\u00fcd\u00fcc\u00fc<br \/>Di\u011fer \u00d6zellik: 6 Ay-5 Ya\u015f<\/p>","protected":false},"excerpt":{"rendered":"<p>Bazen olur b\u00f6yle ama \u00e7\u00f6z\u00fcm yine kalbinde! Klinik Psikolog Mehmet Teber&#8217;in kaleminden s\u0131cac\u0131k bir &#8220;DUYGULARA Y\u00d6N VERME&#8221; hik\u00e2yesi. Kalbindeki mor balonla tan\u0131\u015fmaya haz\u0131r m\u0131s\u0131n?<\/p>","protected":false},"featured_media":23136,"template":"","meta":{"spay_email":""},"product_cat":[172],"product_tag":[],"item":[1789],"acf":[],"_links":{"self":[{"href":"https:\/\/mgvpublications.com\/de\/wp-json\/wp\/v2\/product\/20398"}],"collection":[{"href":"https:\/\/mgvpublications.com\/de\/wp-json\/wp\/v2\/product"}],"about":[{"href":"https:\/\/mgvpublications.com\/de\/wp-json\/wp\/v2\/types\/product"}],"wp:featuredmedia":[{"embeddable":true,"href":"https:\/\/mgvpublications.com\/de\/wp-json\/wp\/v2\/media\/23136"}],"wp:attachment":[{"href":"https:\/\/mgvpublications.com\/de\/wp-json\/wp\/v2\/media?parent=20398"}],"wp:term":[{"taxonomy":"product_cat","embeddable":true,"href":"https:\/\/mgvpublications.com\/de\/wp-json\/wp\/v2\/product_cat?post=20398"},{"taxonomy":"product_tag","embeddable":true,"href":"https:\/\/mgvpublications.com\/de\/wp-json\/wp\/v2\/product_tag?post=20398"},{"taxonomy":"item","embeddable":true,"href":"https:\/\/mgvpublications.com\/de\/wp-json\/wp\/v2\/item?post=20398"}],"curies":[{"name":"wp","href":"https:\/\/api.w.org\/{rel}","templated":true}]}}