{"id":20394,"date":"2021-10-08T18:43:22","date_gmt":"2021-10-08T16:43:22","guid":{"rendered":"https:\/\/mgvpublications.com\/produkt\/kurandaki-hayvanlar-ara-bul\/"},"modified":"2022-04-08T06:23:16","modified_gmt":"2022-04-08T04:23:16","slug":"kurandaki-hayvanlar-ara-bul","status":"publish","type":"product","link":"https:\/\/mgvpublications.com\/de\/kurandaki-hayvanlar-ara-bul\/","title":{"rendered":"Kur&#8217;an&#8217;daki Hayvanlar &#8211; Ara Bul"},"content":{"rendered":"<p>Yay\u0131n Tarihi: 15.06.2021<br \/>ISBN: 9786050839388<br \/>Dil: T\u00dcRK\u00c7E<br \/>Sayfa Say\u0131s\u0131: 48<br \/>Cilt Tipi: Karton Kapak<br \/>Ka\u011f\u0131t Cinsi: Ku\u015fe Ka\u011f\u0131t<br \/>Boyut: 26 x 26 cm<br \/>\u00c7izer: G\u00fcliz Gerdan<br \/>Di\u011fer \u00d6zellik: 6 Ay-5 Ya\u015f<\/p>","protected":false},"excerpt":{"rendered":"<p>Onlar\u0131n \u00c7a\u011fr\u0131s\u0131na Kulak Ver! Bir\u00e7ok varl\u0131k gibi hayvanlar da bizlere bir \u015feyler s\u00f6yl\u00fcyor. Onlar\u0131 dinledi\u011fimizde t\u00fcm canl\u0131lar gibi onlar da \u00fczerinde ta\u015f\u0131d\u0131klar\u0131 \u00f6zelliklerle Yarat\u0131c\u0131lar\u0131n\u0131 tan\u0131t\u0131yorlar. Kitab\u0131n bulmacalar\u0131nda s\u0131rl\u0131 bir yolculu\u011fa \u00e7\u0131karken gizlendikleri yerlerde \u015fa\u015f\u0131raca\u011f\u0131n\u0131z pek \u00e7ok \u015feyi de bulacaks\u0131n\u0131z. Okul \u00f6ncesi okurlar\u0131n \u00e7ok sevece\u011fi bu kitab\u0131n merakl\u0131lar\u0131 elbette ki onlarla s\u0131n\u0131rl\u0131 de\u011fildir. \u015eimdi gelin kitab\u0131n i\u00e7indeki &#8220;\u00e7a\u011fr\u0131ya&#8221; kulak verelim. \u0130yi seyirler.<\/p>","protected":false},"featured_media":23235,"template":"","meta":{"spay_email":""},"product_cat":[172],"product_tag":[],"item":[360],"acf":[],"_links":{"self":[{"href":"https:\/\/mgvpublications.com\/de\/wp-json\/wp\/v2\/product\/20394"}],"collection":[{"href":"https:\/\/mgvpublications.com\/de\/wp-json\/wp\/v2\/product"}],"about":[{"href":"https:\/\/mgvpublications.com\/de\/wp-json\/wp\/v2\/types\/product"}],"wp:featuredmedia":[{"embeddable":true,"href":"https:\/\/mgvpublications.com\/de\/wp-json\/wp\/v2\/media\/23235"}],"wp:attachment":[{"href":"https:\/\/mgvpublications.com\/de\/wp-json\/wp\/v2\/media?parent=20394"}],"wp:term":[{"taxonomy":"product_cat","embeddable":true,"href":"https:\/\/mgvpublications.com\/de\/wp-json\/wp\/v2\/product_cat?post=20394"},{"taxonomy":"product_tag","embeddable":true,"href":"https:\/\/mgvpublications.com\/de\/wp-json\/wp\/v2\/product_tag?post=20394"},{"taxonomy":"item","embeddable":true,"href":"https:\/\/mgvpublications.com\/de\/wp-json\/wp\/v2\/item?post=20394"}],"curies":[{"name":"wp","href":"https:\/\/api.w.org\/{rel}","templated":true}]}}