{"id":20392,"date":"2021-10-08T18:43:22","date_gmt":"2021-10-08T16:43:22","guid":{"rendered":"https:\/\/mgvpublications.com\/produkt\/was-ich-schon-immer-uber-allah-wissen-wolte\/"},"modified":"2022-03-08T22:55:20","modified_gmt":"2022-03-08T21:55:20","slug":"was-ich-schon-immer-uber-allah-wissen-wolte","status":"publish","type":"product","link":"https:\/\/mgvpublications.com\/de\/was-ich-schon-immer-uber-allah-wissen-wolte\/","title":{"rendered":"Was \u0130ch Schon \u0130mmer \u00dcber Allah Wissen Wolte"},"content":{"rendered":"<p>Yay\u0131n Tarihi: 16.12.2010<br \/>ISBN: 9786055523121<br \/>Dil: ALMANCA<br \/>Sayfa Say\u0131s\u0131: 160<br \/>Cilt Tipi: Karton Kapak<br \/>Ka\u011f\u0131t Cinsi: Kitap Ka\u011f\u0131d\u0131<br \/>Boyut: 13.5 x 19.5 cm<\/p>","protected":false},"excerpt":{"rendered":"<p>In der T\u00fcrkei haben zehntausende junge Lesser ihre Fragen zu Allah durch dieses Buch beantwortet bekommen! Merak Ediyorum Dizisi\u00b4nin ilk kitab\u0131, Allah\u00b4\u0131 Merak Ediyorum, T\u00fcrkiyede b\u00fcy\u00fck bir ilgi g\u00f6r\u00fcnce, bu kitab\u0131n Almanya\u00b4da ya\u015fayan T\u00fcrkiyeli gen\u00e7 okurlar\u0131m\u0131z i\u00e7in Almanca\u00b4ya terc\u00fcme ettirdik.<\/p>","protected":false},"featured_media":22558,"template":"","meta":{"spay_email":""},"product_cat":[231],"product_tag":[],"item":[692],"acf":[],"_links":{"self":[{"href":"https:\/\/mgvpublications.com\/de\/wp-json\/wp\/v2\/product\/20392"}],"collection":[{"href":"https:\/\/mgvpublications.com\/de\/wp-json\/wp\/v2\/product"}],"about":[{"href":"https:\/\/mgvpublications.com\/de\/wp-json\/wp\/v2\/types\/product"}],"wp:featuredmedia":[{"embeddable":true,"href":"https:\/\/mgvpublications.com\/de\/wp-json\/wp\/v2\/media\/22558"}],"wp:attachment":[{"href":"https:\/\/mgvpublications.com\/de\/wp-json\/wp\/v2\/media?parent=20392"}],"wp:term":[{"taxonomy":"product_cat","embeddable":true,"href":"https:\/\/mgvpublications.com\/de\/wp-json\/wp\/v2\/product_cat?post=20392"},{"taxonomy":"product_tag","embeddable":true,"href":"https:\/\/mgvpublications.com\/de\/wp-json\/wp\/v2\/product_tag?post=20392"},{"taxonomy":"item","embeddable":true,"href":"https:\/\/mgvpublications.com\/de\/wp-json\/wp\/v2\/item?post=20392"}],"curies":[{"name":"wp","href":"https:\/\/api.w.org\/{rel}","templated":true}]}}