{"id":20390,"date":"2021-10-08T18:43:22","date_gmt":"2021-10-08T16:43:22","guid":{"rendered":"https:\/\/mgvpublications.com\/produkt\/dunu-ve-bugunuyle-islamda-mahremiyet\/"},"modified":"2022-03-08T22:55:20","modified_gmt":"2022-03-08T21:55:20","slug":"dunu-ve-bugunuyle-islamda-mahremiyet","status":"publish","type":"product","link":"https:\/\/mgvpublications.com\/de\/dunu-ve-bugunuyle-islamda-mahremiyet\/","title":{"rendered":"D\u00fcn\u00fc ve Bug\u00fcn\u00fcyle \u0130slam\u2019da Mahremiyet"},"content":{"rendered":"<p>Yay\u0131n Tarihi: 15.01.2020<br \/>ISBN: 9786057580955<br \/>Dil: T\u00dcRK\u00c7E<br \/>Sayfa Say\u0131s\u0131: 101<br \/>Cilt Tipi: Karton Kapak<br \/>Ka\u011f\u0131t Cinsi: Kitap Ka\u011f\u0131d\u0131<br \/>Boyut: 13.5 x 21 cm<\/p>","protected":false},"excerpt":{"rendered":"<p>G\u00fcn\u00fcm\u00fczde mahremiyet ihlalleri, aileden okula uzanan, sosyal medyadan televizyona s\u0131\u00e7rayan, sa\u011fl\u0131ktan ticarete her t\u00fcrl\u00fc \u00e7al\u0131\u015fma alan\u0131nda tart\u0131\u015f\u0131lan boyutlar\u0131yla kar\u015f\u0131m\u0131za \u00e7\u0131k\u0131yor. Bu eser, sa\u011fl\u0131kl\u0131 ve huzurlu bir toplumun olmazsa olmaz\u0131 \u201cmahremiyet bilinci\u201dni inceliyor. Mahremiyet e\u011fitimine dair Kur\u2019\u00e2n ve s\u00fcnnetten ipu\u00e7lar\u0131 topluyor.<\/p>","protected":false},"featured_media":20727,"template":"","meta":{"spay_email":""},"product_cat":[174],"product_tag":[],"item":[1153],"acf":[],"_links":{"self":[{"href":"https:\/\/mgvpublications.com\/de\/wp-json\/wp\/v2\/product\/20390"}],"collection":[{"href":"https:\/\/mgvpublications.com\/de\/wp-json\/wp\/v2\/product"}],"about":[{"href":"https:\/\/mgvpublications.com\/de\/wp-json\/wp\/v2\/types\/product"}],"wp:featuredmedia":[{"embeddable":true,"href":"https:\/\/mgvpublications.com\/de\/wp-json\/wp\/v2\/media\/20727"}],"wp:attachment":[{"href":"https:\/\/mgvpublications.com\/de\/wp-json\/wp\/v2\/media?parent=20390"}],"wp:term":[{"taxonomy":"product_cat","embeddable":true,"href":"https:\/\/mgvpublications.com\/de\/wp-json\/wp\/v2\/product_cat?post=20390"},{"taxonomy":"product_tag","embeddable":true,"href":"https:\/\/mgvpublications.com\/de\/wp-json\/wp\/v2\/product_tag?post=20390"},{"taxonomy":"item","embeddable":true,"href":"https:\/\/mgvpublications.com\/de\/wp-json\/wp\/v2\/item?post=20390"}],"curies":[{"name":"wp","href":"https:\/\/api.w.org\/{rel}","templated":true}]}}